{"id":7334,"date":"2012-12-16T02:54:47","date_gmt":"2012-12-16T01:54:47","guid":{"rendered":"http:\/\/klubmamgdynia.pl\/index.php\/produkt\/grey-piecdziesiat-twarzy-greya-oczami-christiana-tom-2\/"},"modified":"2026-04-16T05:50:12","modified_gmt":"2026-04-16T03:50:12","slug":"grey-piecdziesiat-twarzy-greya-oczami-christiana-tom-2","status":"publish","type":"product","link":"http:\/\/klubmamgdynia.pl\/index.php\/produkt\/grey-piecdziesiat-twarzy-greya-oczami-christiana-tom-2\/","title":{"rendered":"Grey. Pi\u0119\u0107dziesi\u0105t twarzy Greya oczami Christiana. Tom 2"},"content":{"rendered":"<p>Grey &#8211; Pi\u0119\u0107dziesi\u0105t twarzy Greya oczami Christiana<\/p>\n<p>Historia mi\u0142osna, kt\u00f3ra zafascynowa\u0142a miliony czytelnik\u00f3w na ca\u0142ym \u015bwiecie z perspektywy Christiana Greya. Christian Grey sprawuje kontrol\u0119 nad wszystkim; \u017cyje w \u015bwiecie pouk\u0142adanym, a sobie i innym narzuca du\u017ca dyscyplin\u0119. Jego \u017cycie jest pozbawione emocji do dnia, gdy do jego biura wpada Anastasia Steele, kobieta o niesfornych br\u0105zowych w\u0142osach i zgrabnych nogach. Pr\u00f3buje o niej zapomnie\u0107, ale to tylko pog\u0142\u0119bia jego uczucia, kt\u00f3rych nie potrafi zrozumie\u0107 i kt\u00f3rym nie zdo\u0142a si\u0119 oprze\u0107. W przeciwie\u0144stwie do kobiet, kt\u00f3re pozna\u0142 w przesz\u0142o\u015bci, Ana jest nie\u015bmia\u0142a, zjawiskowa i zdaje si\u0119, \u017ce przejrza\u0142a, i\u017c za cudownym dzieckiem biznesu i stylem \u017cycia w\u0142a\u015bciciela luksusowego apartamentu, kryje si\u0119 ch\u0142odne i zranione serce Christiana.                            <\/p>\n<p>Czy relacja z An\u0105 pozwoli Christianowi pokona\u0107 demony przesz\u0142o\u015bci?&#8221;Pikantny nast\u0119pca bestsellerowej trylogii, kt\u00f3ra pozwala czytelnikom rozkoszowa\u0107 si\u0119 \u017c\u0105dz\u0105, frywolnymi my\u015blami i fantazjami Greya&#8221;Mirroir&#8221;Historia opowiedziana oczami Greya okazuje si\u0119 przekonuj\u0105ca&#8221;The Independent                            <\/p>\n<p>            Fragment ksi\u0105\u017cki \u201eGrey &#8211; Pi\u0119\u0107dziesi\u0105t twarzy Greya oczami Christiana\u201d E. L. James<\/p>\n<p>Dzwonek odzywa si\u0119 sp\u0142aszczonym elektronicznym beczeniem, gdy wchodz\u0119. Sklep jest du\u017co wi\u0119kszy, ni\u017c wydaje si\u0119 z zewn\u0105trz, i chocia\u017c prawie dobiega pora lunchu, jak na sobot\u0119 panuje spok\u00f3j. Jak mo\u017cna by oczekiwa\u0107, alejki zwyk\u0142ego badziewia ci\u0105gn\u0105 si\u0119 w niesko\u0144czono\u015b\u0107. Zapomnia\u0142em o mo\u017cliwo\u015bciach, jakie tego rodzaju miejsca stwarzaj\u0105 komu\u015b takiemu jak ja. Zaspokajam swoje potrzeby, kupuj\u0105c g\u0142\u00f3wnie w Internecie, ale skoro tu jestem, mo\u017ce zaopatrz\u0119 si\u0119 w par\u0119 artyku\u0142\u00f3w: rzepy, pier\u015bcienie rozci\u0119te \u2013 O, taa\u2026 Znajd\u0119 smakowit\u0105 pann\u0119 Steele i troch\u0119 si\u0119 zabawi\u0119.Potrzebowa\u0142em ca\u0142ych trzech sekund, by j\u0105 wypatrzy\u0107. Garbi si\u0119 nad lad\u0105, wpatrzona w ekran komputera, i dzi\u00f3bie lunch \u2013 obwarzanek.\u00a0<\/p>\n<h2>Grey. Pi\u0119\u0107dziesi\u0105t twarzy Greya oczami Christiana. Tom 2 <\/h2>\n<p>zagadki i odpowiedzi, zabawa dla 7 latka, imie kuba, zagadka<\/p>\n<p>yyyyy<\/p>\n<p>&nbsp;<\/p>\n","protected":false},"excerpt":{"rendered":"<p>Grey &#8211; Pi\u0119\u0107dziesi\u0105t twarzy Greya oczami Christiana Historia mi\u0142osna, kt\u00f3ra zafascynowa\u0142a miliony czytelnik\u00f3w na ca\u0142ym \u015bwiecie z perspektywy Christiana Greya. Christian Grey sprawuje kontrol\u0119 nad wszystkim; \u017cyje w \u015bwiecie pouk\u0142adanym, a sobie i innym narzuca du\u017ca dyscyplin\u0119. Jego \u017cycie jest pozbawione emocji do dnia, gdy do jego biura wpada Anastasia Steele, kobieta o niesfornych br\u0105zowych [&hellip;]<\/p>\n","protected":false},"featured_media":7335,"comment_status":"closed","ping_status":"open","template":"","meta":[],"product_cat":[1544],"product_tag":[817,700,637,703,764,682],"class_list":["post-7334","product","type-product","status-publish","has-post-thumbnail","hentry","product_cat-romanse","product_tag-bajka-terapeutyczna-o-emocjach","product_tag-bajki-do-czytania-dla-dzieci","product_tag-niech-zyja-wakacje-tekst","product_tag-prezent-dla-nastolatki","product_tag-prezenty-na-roczek-dla-dziewczynki","product_tag-przyjazn-cytaty"],"_links":{"self":[{"href":"http:\/\/klubmamgdynia.pl\/index.php\/wp-json\/wp\/v2\/product\/7334","targetHints":{"allow":["GET"]}}],"collection":[{"href":"http:\/\/klubmamgdynia.pl\/index.php\/wp-json\/wp\/v2\/product"}],"about":[{"href":"http:\/\/klubmamgdynia.pl\/index.php\/wp-json\/wp\/v2\/types\/product"}],"replies":[{"embeddable":true,"href":"http:\/\/klubmamgdynia.pl\/index.php\/wp-json\/wp\/v2\/comments?post=7334"}],"wp:featuredmedia":[{"embeddable":true,"href":"http:\/\/klubmamgdynia.pl\/index.php\/wp-json\/wp\/v2\/media\/7335"}],"wp:attachment":[{"href":"http:\/\/klubmamgdynia.pl\/index.php\/wp-json\/wp\/v2\/media?parent=7334"}],"wp:term":[{"taxonomy":"product_cat","embeddable":true,"href":"http:\/\/klubmamgdynia.pl\/index.php\/wp-json\/wp\/v2\/product_cat?post=7334"},{"taxonomy":"product_tag","embeddable":true,"href":"http:\/\/klubmamgdynia.pl\/index.php\/wp-json\/wp\/v2\/product_tag?post=7334"}],"curies":[{"name":"wp","href":"https:\/\/api.w.org\/{rel}","templated":true}]}}