{"id":7336,"date":"2015-06-14T01:09:44","date_gmt":"2015-06-13T23:09:44","guid":{"rendered":"http:\/\/klubmamgdynia.pl\/index.php\/produkt\/ewa-904980-kocyk-polarowy-ecru-78x88cm\/"},"modified":"2026-04-04T14:43:05","modified_gmt":"2026-04-04T12:43:05","slug":"ewa-904980-kocyk-polarowy-ecru-78x88cm","status":"publish","type":"product","link":"http:\/\/klubmamgdynia.pl\/index.php\/produkt\/ewa-904980-kocyk-polarowy-ecru-78x88cm\/","title":{"rendered":"Ewa 904980 Kocyk Polarowy Ecru 78X88Cm"},"content":{"rendered":"<p>Kocyk niemow\u0119cy z haftem uszyta z mi\u0119kkiego i przyjemnego w dotyku ciep\u0142ego polaru. Z przodu kocyka uroczy haft predstawiaj\u0105cy zwierz\u0105tko. Elementem ozdobym jest kontastuj\u0105ce obszycie kocyka. Kocyki polarowe \u015bwietnie sprawdz\u0105 si\u0119 zim\u0105, s\u0105 cieplutkie i mi\u0142e dotyku. Twojemu maluszkowi b\u0119dzie pod kocykim ciep\u0142o i przyjemnie.<\/p>\n<h2>Ewa 904980 Kocyk Polarowy Ecru 78X88Cm <\/h2>\n<p>bajka o smoku wawelskim, flagi \u015bwiata quiz, ach \u015bpij kochanie tekst, mi\u015b z filmu animowanego, imi\u0119 dla dziewczynki 2019, jak zrobi\u0107 laurk\u0119 dla babci, cytat z ma\u0142ego ksi\u0119cia o przyja\u017ani, plecak torba i walizka, cytaty ma\u0142y ksi\u0105\u017ce, kolorowanki na dzie\u0144 niepodleg\u0142o\u015bci do wydruku, prezenty dla nastolatka, zabawy urodzinowe dla dzieci, sporty po francusku, przyjazn, zima z\u0142a tekst<\/p>\n<p>yyyyy<\/p>\n<p>&nbsp;<\/p>\n","protected":false},"excerpt":{"rendered":"<p>Kocyk niemow\u0119cy z haftem uszyta z mi\u0119kkiego i przyjemnego w dotyku ciep\u0142ego polaru. Z przodu kocyka uroczy haft predstawiaj\u0105cy zwierz\u0105tko. Elementem ozdobym jest kontastuj\u0105ce obszycie kocyka. Kocyki polarowe \u015bwietnie sprawdz\u0105 si\u0119 zim\u0105, s\u0105 cieplutkie i mi\u0142e dotyku. Twojemu maluszkowi b\u0119dzie pod kocykim ciep\u0142o i przyjemnie. Ewa 904980 Kocyk Polarowy Ecru 78X88Cm bajka o smoku wawelskim, [&hellip;]<\/p>\n","protected":false},"featured_media":7337,"comment_status":"closed","ping_status":"open","template":"","meta":[],"product_cat":[1006],"product_tag":[610,665,799,634],"class_list":["post-7336","product","type-product","status-publish","has-post-thumbnail","hentry","product_cat-koce-i-narzuty-dzieciece","product_tag-co-na-prezent-dla-nastolatkow","product_tag-proste-zagadki","product_tag-zagadka-logiczna","product_tag-zagadki-wielkanocne-dla-dzieci"],"_links":{"self":[{"href":"http:\/\/klubmamgdynia.pl\/index.php\/wp-json\/wp\/v2\/product\/7336","targetHints":{"allow":["GET"]}}],"collection":[{"href":"http:\/\/klubmamgdynia.pl\/index.php\/wp-json\/wp\/v2\/product"}],"about":[{"href":"http:\/\/klubmamgdynia.pl\/index.php\/wp-json\/wp\/v2\/types\/product"}],"replies":[{"embeddable":true,"href":"http:\/\/klubmamgdynia.pl\/index.php\/wp-json\/wp\/v2\/comments?post=7336"}],"wp:featuredmedia":[{"embeddable":true,"href":"http:\/\/klubmamgdynia.pl\/index.php\/wp-json\/wp\/v2\/media\/7337"}],"wp:attachment":[{"href":"http:\/\/klubmamgdynia.pl\/index.php\/wp-json\/wp\/v2\/media?parent=7336"}],"wp:term":[{"taxonomy":"product_cat","embeddable":true,"href":"http:\/\/klubmamgdynia.pl\/index.php\/wp-json\/wp\/v2\/product_cat?post=7336"},{"taxonomy":"product_tag","embeddable":true,"href":"http:\/\/klubmamgdynia.pl\/index.php\/wp-json\/wp\/v2\/product_tag?post=7336"}],"curies":[{"name":"wp","href":"https:\/\/api.w.org\/{rel}","templated":true}]}}