{"id":7338,"date":"2010-11-23T03:22:37","date_gmt":"2010-11-23T02:22:37","guid":{"rendered":"http:\/\/klubmamgdynia.pl\/index.php\/produkt\/gdyby-ocean-nosil-twoje-imie\/"},"modified":"2026-04-06T20:55:44","modified_gmt":"2026-04-06T18:55:44","slug":"gdyby-ocean-nosil-twoje-imie","status":"publish","type":"product","link":"http:\/\/klubmamgdynia.pl\/index.php\/produkt\/gdyby-ocean-nosil-twoje-imie\/","title":{"rendered":"Gdyby ocean nosi\u0142 twoje imi\u0119"},"content":{"rendered":"<p>Bestsellerowa autorka \u201eDotyku Julli\u201d powraca z poruszaj\u0105c\u0105 i wyj\u0105tkow\u0105 powie\u015bci\u0105 o sile mi\u0142o\u015bci w \u015bwiecie pe\u0142nym nienawi\u015bci. Bycie inn\u0105 nie musi oznacza\u0107 bycia gorsz\u0105. Ale \u015bwiat nie jest idealny i Shirin naprawd\u0119 nie ma \u0142atwego \u017cycia. Min\u0119\u0142o kilkana\u015bcie miesi\u0119cy od g\u0142o\u015bnego zamachu z 11 wrze\u015bnia. To wyj\u0105tkowo burzliwy czas zw\u0142aszcza dla szesnastoletniej muzu\u0142manki, kt\u00f3ra nie zgadza si\u0119 na to, co zgotowa\u0142 jej los.Shirin doskonale wie, jak okropni mog\u0105 by\u0107 ludzie. Jest zm\u0119czona agresywnymi spojrzeniami, poni\u017caj\u0105cymi komentarzami, nawet przemoc\u0105 fizyczn\u0105, kt\u00f3re spotykaj\u0105 j\u0105 ze wzgl\u0119du na hid\u017cab. Z ka\u017cdym dniem bardziej zamyka si\u0119 w sobie i coraz silniej oddaje muzyce i ta\u0144cu.Wszystko jednak si\u0119 zmienia, gdy na jej drodze staje Ocean James. Jest pierwsz\u0105 osob\u0105, kt\u00f3ra chce pozna\u0107 prawdziw\u0105 Shirin. Ale czy dziewczyna jest gotowa, by komukolwiek zaufa\u0107? Zw\u0142aszcza komu\u015b z tak odmiennego od jej \u015bwiata?Tytu\u0142 orygina\u0142u: A Very Large Expanse of SeaISBN: 9788366431287Kod paskowy: 9788366431287Autorzy: Tahereh MafiT\u0142umaczenie: Brodzik AgnieszkaRok wydania: 2019Kod wydawcy: 63537Liczba stron: 320Oprawa: Mi\u0119kka ze skrzyde\u0142kamiPKWiU: 58.11.19.0Format: 13.5&#215;20.5cmG\u0142\u0119boko\u015b\u0107 (mm): 24Waga: 0.335J\u0119zyki: polskiGrupa towarowa: Ksi\u0105\u017cka<\/p>\n<h2>Gdyby ocean nosi\u0142 twoje imi\u0119 <\/h2>\n<p>sentencje o dzieciach, gdzie na ferie zimowe 2022, ja\u015bmina imi\u0119, dinozaury kolorowanki, na roczek<\/p>\n<p>yyyyy<\/p>\n<p>&nbsp;<\/p>\n","protected":false},"excerpt":{"rendered":"<p>Bestsellerowa autorka \u201eDotyku Julli\u201d powraca z poruszaj\u0105c\u0105 i wyj\u0105tkow\u0105 powie\u015bci\u0105 o sile mi\u0142o\u015bci w \u015bwiecie pe\u0142nym nienawi\u015bci. Bycie inn\u0105 nie musi oznacza\u0107 bycia gorsz\u0105. Ale \u015bwiat nie jest idealny i Shirin naprawd\u0119 nie ma \u0142atwego \u017cycia. Min\u0119\u0142o kilkana\u015bcie miesi\u0119cy od g\u0142o\u015bnego zamachu z 11 wrze\u015bnia. To wyj\u0105tkowo burzliwy czas zw\u0142aszcza dla szesnastoletniej muzu\u0142manki, kt\u00f3ra nie [&hellip;]<\/p>\n","protected":false},"featured_media":7339,"comment_status":"closed","ping_status":"open","template":"","meta":[],"product_cat":[1544],"product_tag":[680,622,593,605,595],"class_list":["post-7338","product","type-product","status-publish","has-post-thumbnail","hentry","product_cat-romanse","product_tag-cytaty-z-malego-ksiecia","product_tag-fajne-zagadki","product_tag-jak-narysowac-konia","product_tag-milena","product_tag-zagadki-dla-6-latka"],"_links":{"self":[{"href":"http:\/\/klubmamgdynia.pl\/index.php\/wp-json\/wp\/v2\/product\/7338","targetHints":{"allow":["GET"]}}],"collection":[{"href":"http:\/\/klubmamgdynia.pl\/index.php\/wp-json\/wp\/v2\/product"}],"about":[{"href":"http:\/\/klubmamgdynia.pl\/index.php\/wp-json\/wp\/v2\/types\/product"}],"replies":[{"embeddable":true,"href":"http:\/\/klubmamgdynia.pl\/index.php\/wp-json\/wp\/v2\/comments?post=7338"}],"wp:featuredmedia":[{"embeddable":true,"href":"http:\/\/klubmamgdynia.pl\/index.php\/wp-json\/wp\/v2\/media\/7339"}],"wp:attachment":[{"href":"http:\/\/klubmamgdynia.pl\/index.php\/wp-json\/wp\/v2\/media?parent=7338"}],"wp:term":[{"taxonomy":"product_cat","embeddable":true,"href":"http:\/\/klubmamgdynia.pl\/index.php\/wp-json\/wp\/v2\/product_cat?post=7338"},{"taxonomy":"product_tag","embeddable":true,"href":"http:\/\/klubmamgdynia.pl\/index.php\/wp-json\/wp\/v2\/product_tag?post=7338"}],"curies":[{"name":"wp","href":"https:\/\/api.w.org\/{rel}","templated":true}]}}