{"id":734,"date":"2016-10-14T13:14:34","date_gmt":"2016-10-14T11:14:34","guid":{"rendered":"http:\/\/klubmamgdynia.pl\/index.php\/produkt\/our-generation-skarpetki-z-podeszwa-dla-lalki-comfy-as-a-bunny\/"},"modified":"2026-04-06T02:52:03","modified_gmt":"2026-04-06T00:52:03","slug":"our-generation-skarpetki-z-podeszwa-dla-lalki-comfy-as-a-bunny","status":"publish","type":"product","link":"http:\/\/klubmamgdynia.pl\/index.php\/produkt\/our-generation-skarpetki-z-podeszwa-dla-lalki-comfy-as-a-bunny\/","title":{"rendered":"Our Generation Skarpetki z podeszw\u0105 dla Lalki Comfy as a Bunny"},"content":{"rendered":"<p>Comfy as a Bunny to para domowych skarpetek z podeszw\u0105 dla lalki, pasuje do zestaw\u00f3w ubranek i lalek z serii Our Generation, o wielko\u015bci 46cm i lalek podobnej wielko\u015bci.Zawarto\u015b\u0107: 1 para skarpetek z podeszw\u0105 dla lalki.Odpowiednie do zabawy dla dzieci powy\u017cej 3 latZabawka ca\u0142kowicie wolna od ftalan\u00f3w i bpa (Bisfenolu A).Buty zosta\u0142y zapakowane w \u0142adny karton z atrakcyjn\u0105 grafik\u0105, pozyskany z recyklingu.Doskonale sprawdzi si\u0119 jako prezent.Cena za 1 par\u0119.<\/p>\n<h2>Our Generation Skarpetki z podeszw\u0105 dla Lalki Comfy as a Bunny Outlet<\/h2>\n<p>paj\u0105czek na rowerze test, origami dla dzieci, kolorowanki kotka, znane misie z bajek, \u0142amig\u0142\u00f3wki logiczne dla dzieci, lol kolorowanki do druku<\/p>\n<p>yyyyy<\/p>\n<p>&nbsp;<\/p>\n","protected":false},"excerpt":{"rendered":"<p>Comfy as a Bunny to para domowych skarpetek z podeszw\u0105 dla lalki, pasuje do zestaw\u00f3w ubranek i lalek z serii Our Generation, o wielko\u015bci 46cm i lalek podobnej wielko\u015bci.Zawarto\u015b\u0107: 1 para skarpetek z podeszw\u0105 dla lalki.Odpowiednie do zabawy dla dzieci powy\u017cej 3 latZabawka ca\u0142kowicie wolna od ftalan\u00f3w i bpa (Bisfenolu A).Buty zosta\u0142y zapakowane w \u0142adny [&hellip;]<\/p>\n","protected":false},"featured_media":735,"comment_status":"closed","ping_status":"open","template":"","meta":[],"product_cat":[270,50],"product_tag":[683,766,613,682],"class_list":["post-734","product","type-product","status-publish","has-post-thumbnail","hentry","product_cat-outlet","product_cat-ubranka-i-buty-dla-lalek","product_tag-karaluchy-pod-poduchy","product_tag-kira","product_tag-na-wyspach-bergamutach","product_tag-przyjazn-cytaty"],"_links":{"self":[{"href":"http:\/\/klubmamgdynia.pl\/index.php\/wp-json\/wp\/v2\/product\/734","targetHints":{"allow":["GET"]}}],"collection":[{"href":"http:\/\/klubmamgdynia.pl\/index.php\/wp-json\/wp\/v2\/product"}],"about":[{"href":"http:\/\/klubmamgdynia.pl\/index.php\/wp-json\/wp\/v2\/types\/product"}],"replies":[{"embeddable":true,"href":"http:\/\/klubmamgdynia.pl\/index.php\/wp-json\/wp\/v2\/comments?post=734"}],"wp:featuredmedia":[{"embeddable":true,"href":"http:\/\/klubmamgdynia.pl\/index.php\/wp-json\/wp\/v2\/media\/735"}],"wp:attachment":[{"href":"http:\/\/klubmamgdynia.pl\/index.php\/wp-json\/wp\/v2\/media?parent=734"}],"wp:term":[{"taxonomy":"product_cat","embeddable":true,"href":"http:\/\/klubmamgdynia.pl\/index.php\/wp-json\/wp\/v2\/product_cat?post=734"},{"taxonomy":"product_tag","embeddable":true,"href":"http:\/\/klubmamgdynia.pl\/index.php\/wp-json\/wp\/v2\/product_tag?post=734"}],"curies":[{"name":"wp","href":"https:\/\/api.w.org\/{rel}","templated":true}]}}