{"id":7342,"date":"2012-12-01T20:30:31","date_gmt":"2012-12-01T19:30:31","guid":{"rendered":"http:\/\/klubmamgdynia.pl\/index.php\/produkt\/strepsils-intensive-na-bol-gardla-24-pastylki\/"},"modified":"2026-05-17T22:49:58","modified_gmt":"2026-05-17T20:49:58","slug":"strepsils-intensive-na-bol-gardla-24-pastylki","status":"publish","type":"product","link":"http:\/\/klubmamgdynia.pl\/index.php\/produkt\/strepsils-intensive-na-bol-gardla-24-pastylki\/","title":{"rendered":"Strepsils Intensive na b\u00f3l gard\u0142a 24 pastylki"},"content":{"rendered":"<h2>Strepsils Intensive na b\u00f3l gard\u0142a 24 pastylki Strepsils Reckitt Benckiser<\/h2>\n<p>oskar imi\u0119, zagadki matematyczne, 20 pytania do lektury ma\u0142y ksi\u0105\u017c\u0119, pomys\u0142y na pakowanie prezent\u00f3w, liwia, halszka, stare wierszyki dla dzieci, prezent dla 15 latki, wzory dyplom\u00f3w dyplomy do druku, warszawa dzieci, mandale do druku, prezent dla dziecka 1 rok, znaczenie imiona monika, plac zamkowy, zagadki dla przedszkolak\u00f3w, ozdoby \u015bwi\u0105teczne z rolek po papierze toaletowym, jak narysowa\u0107 kota, kolorowanki kotki<\/p>\n<p>yyyyy<\/p>\n<p>&nbsp;<\/p>\n","protected":false},"excerpt":{"rendered":"<p>Strepsils Intensive na b\u00f3l gard\u0142a 24 pastylki Strepsils Reckitt Benckiser oskar imi\u0119, zagadki matematyczne, 20 pytania do lektury ma\u0142y ksi\u0105\u017c\u0119, pomys\u0142y na pakowanie prezent\u00f3w, liwia, halszka, stare wierszyki dla dzieci, prezent dla 15 latki, wzory dyplom\u00f3w dyplomy do druku, warszawa dzieci, mandale do druku, prezent dla dziecka 1 rok, znaczenie imiona monika, plac zamkowy, zagadki [&hellip;]<\/p>\n","protected":false},"featured_media":7343,"comment_status":"closed","ping_status":"open","template":"","meta":[],"product_cat":[198,1578],"product_tag":[583,638,692,778,679],"class_list":["post-7342","product","type-product","status-publish","has-post-thumbnail","hentry","product_cat-przeziebienie-i-grypa","product_cat-strepsils-reckitt-benckiser","product_tag-kolysanki-dla-dzieci-tekst","product_tag-miastodzieci","product_tag-prezenty-na-roczek","product_tag-zabawki-na-roczek-dla-chlopca","product_tag-zabawki-na-roczek-dla-dziewczynki"],"_links":{"self":[{"href":"http:\/\/klubmamgdynia.pl\/index.php\/wp-json\/wp\/v2\/product\/7342","targetHints":{"allow":["GET"]}}],"collection":[{"href":"http:\/\/klubmamgdynia.pl\/index.php\/wp-json\/wp\/v2\/product"}],"about":[{"href":"http:\/\/klubmamgdynia.pl\/index.php\/wp-json\/wp\/v2\/types\/product"}],"replies":[{"embeddable":true,"href":"http:\/\/klubmamgdynia.pl\/index.php\/wp-json\/wp\/v2\/comments?post=7342"}],"wp:featuredmedia":[{"embeddable":true,"href":"http:\/\/klubmamgdynia.pl\/index.php\/wp-json\/wp\/v2\/media\/7343"}],"wp:attachment":[{"href":"http:\/\/klubmamgdynia.pl\/index.php\/wp-json\/wp\/v2\/media?parent=7342"}],"wp:term":[{"taxonomy":"product_cat","embeddable":true,"href":"http:\/\/klubmamgdynia.pl\/index.php\/wp-json\/wp\/v2\/product_cat?post=7342"},{"taxonomy":"product_tag","embeddable":true,"href":"http:\/\/klubmamgdynia.pl\/index.php\/wp-json\/wp\/v2\/product_tag?post=7342"}],"curies":[{"name":"wp","href":"https:\/\/api.w.org\/{rel}","templated":true}]}}