{"id":7344,"date":"2023-12-20T21:10:39","date_gmt":"2023-12-20T20:10:39","guid":{"rendered":"http:\/\/klubmamgdynia.pl\/?post_type=product&#038;p=7344"},"modified":"2026-04-04T13:07:10","modified_gmt":"2026-04-04T11:07:10","slug":"askato-mata-podlogowa-16-elementow-magic-set-bezowa-mfk-044-3","status":"publish","type":"product","link":"http:\/\/klubmamgdynia.pl\/index.php\/produkt\/askato-mata-podlogowa-16-elementow-magic-set-bezowa-mfk-044-3\/","title":{"rendered":"Askato Mata Pod\u0142ogowa 16 Element\u00f3w Magic Set Be\u017cowa Mfk 044 3"},"content":{"rendered":"<p>ND17_ZB-130652 PROMO Mata pod\u0142ogowa 16 element\u00f3w M8594201042331ND17_ZB-130652 PROMO Mata pod\u0142ogowa 16 element\u00f3w Magic Set be\u017cowa MFK-044-3Mata do trenowania nie tylko cia\u0142a, ale tak\u017ce umys\u0142u. Pozwala dziecku zaanga\u017cowa\u0107 obie p\u00f3\u0142kule m\u00f3zgowe i jednocze\u015bnie dobrze si\u0119 bawi\u0107 oraz uczy\u0107 stron prawa, lewa.Zestaw zawiera: &#8211; 4 maty prawa r\u0105czka &#8211; 4 maty lewa r\u0105czka &#8211; 4 maty prawa st\u00f3pka &#8211; 4 maty lewa st\u00f3pka wymiar jedej maty ok.30&#215;30 cm \u0106wiczenia rozwijaj\u0105ce orientacje w\u0142asnego cia\u0142a i kszta\u0142tuj\u0105ce lateralizacje to nic innego jak usprawnienie orientacji przestrzennej u naszych milusi\u0144skich. O kszta\u0142towanie orientacji przestrzennej nale\u017cy zadba\u0107 przygotowuj\u0105c dziecko do szko\u0142y. Maluch poznaje przestrze\u0144 poprzez w\u0142asny ruch obserwuj\u0105c go, odczuwaj\u0105c i nazywaj\u0105c s\u0142owami. Puzzle daj\u0105 mo\u017cliwo\u015b\u0107 organizacji przer\u00f3\u017cnych zabaw dla dziecka w zale\u017cno\u015bci od wieku i etapu rozwoju.S\u0105 \u015bwietn\u0105 propozycj\u0105 zabawy ruchowej, kt\u00f3r\u0105 mo\u017cna bawi\u0107 si\u0119 w domu i na dworze, w pojedynk\u0119 z rodzicem i w grupie r\u00f3wie\u015bnik\u00f3w. Dzieci rozwijaj\u0105 zdolno\u015bci w wyznaczaniu kierunk\u00f3w w przestrzeni poprzez czynne u\u017cywanie prawej, lewej d\u0142oni i st\u00f3p na przemian, przez co kszta\u0142tuj\u0105 orientacj\u0119 kierunkow\u0105. Nabycie umiej\u0119tno\u015bci r\u00f3\u017cnicowania stron lewej prawej to jedno z wi\u0119kszych wyzwa\u0144 jakie stoi przed ka\u017cdym dzieckiem. \u0106wiczenia na macie pozwol\u0105 chwyci\u0107 byka za rogi i oswoi\u0107 si\u0119 z tematem. Ten zestaw zapewnia wszechstronny rozw\u00f3j i wspania\u0142\u0105 zabaw\u0119 anga\u017cuj\u0105c i \u0107wicz\u0105c obie p\u00f3\u0142kule m\u00f3zgowe.INFORMACJA : Je\u017celi na zdj\u0119ciach pokazane s\u0105 produkty w kilku kolorach lub kszta\u0142tach , b\u0105d\u017a zobrazowany jest ca\u0142y display lub opakowanie zbiorcze z produktami. Nale\u017cy przez to rozumie\u0107 \u017ce cena dotyczy jednej sztuki danego produktu , nie jego wielokrotno\u015bci.<\/p>\n<h2>Askato Mata Pod\u0142ogowa 16 Element\u00f3w Magic Set Be\u017cowa Mfk 044 3 Askato<\/h2>\n<p>kolorowanka sky, test opowie\u015b\u0107 wigilijna, zaj\u0105czek z jajka ugotowanego, prezent na roczek dla ch\u0142opca, filmy disneya, najpi\u0119kniejsze cytaty cytaty dla mamy<\/p>\n<p>yyyyy<\/p>\n<p>&nbsp;<\/p>\n","protected":false},"excerpt":{"rendered":"<p>ND17_ZB-130652 PROMO Mata pod\u0142ogowa 16 element\u00f3w M8594201042331ND17_ZB-130652 PROMO Mata pod\u0142ogowa 16 element\u00f3w Magic Set be\u017cowa MFK-044-3Mata do trenowania nie tylko cia\u0142a, ale tak\u017ce umys\u0142u. Pozwala dziecku zaanga\u017cowa\u0107 obie p\u00f3\u0142kule m\u00f3zgowe i jednocze\u015bnie dobrze si\u0119 bawi\u0107 oraz uczy\u0107 stron prawa, lewa.Zestaw zawiera: &#8211; 4 maty prawa r\u0105czka &#8211; 4 maty lewa r\u0105czka &#8211; 4 maty prawa [&hellip;]<\/p>\n","protected":false},"featured_media":7345,"comment_status":"closed","ping_status":"open","template":"","meta":[],"product_cat":[230,55],"product_tag":[680,648,800,607],"class_list":["post-7344","product","type-product","status-publish","has-post-thumbnail","hentry","product_cat-askato","product_cat-maty-edukacyjne","product_tag-cytaty-z-malego-ksiecia","product_tag-dobrej-nocy-i-sza","product_tag-zagadki-smieszne","product_tag-zarty-na-prima-aprilis-dla-rodzicow"],"_links":{"self":[{"href":"http:\/\/klubmamgdynia.pl\/index.php\/wp-json\/wp\/v2\/product\/7344","targetHints":{"allow":["GET"]}}],"collection":[{"href":"http:\/\/klubmamgdynia.pl\/index.php\/wp-json\/wp\/v2\/product"}],"about":[{"href":"http:\/\/klubmamgdynia.pl\/index.php\/wp-json\/wp\/v2\/types\/product"}],"replies":[{"embeddable":true,"href":"http:\/\/klubmamgdynia.pl\/index.php\/wp-json\/wp\/v2\/comments?post=7344"}],"wp:featuredmedia":[{"embeddable":true,"href":"http:\/\/klubmamgdynia.pl\/index.php\/wp-json\/wp\/v2\/media\/7345"}],"wp:attachment":[{"href":"http:\/\/klubmamgdynia.pl\/index.php\/wp-json\/wp\/v2\/media?parent=7344"}],"wp:term":[{"taxonomy":"product_cat","embeddable":true,"href":"http:\/\/klubmamgdynia.pl\/index.php\/wp-json\/wp\/v2\/product_cat?post=7344"},{"taxonomy":"product_tag","embeddable":true,"href":"http:\/\/klubmamgdynia.pl\/index.php\/wp-json\/wp\/v2\/product_tag?post=7344"}],"curies":[{"name":"wp","href":"https:\/\/api.w.org\/{rel}","templated":true}]}}