{"id":7346,"date":"2019-05-17T18:25:16","date_gmt":"2019-05-17T16:25:16","guid":{"rendered":"http:\/\/klubmamgdynia.pl\/index.php\/produkt\/gardimax-medica-24-tabletki-do-ssania\/"},"modified":"2026-04-06T20:56:22","modified_gmt":"2026-04-06T18:56:22","slug":"gardimax-medica-24-tabletki-do-ssania","status":"publish","type":"product","link":"http:\/\/klubmamgdynia.pl\/index.php\/produkt\/gardimax-medica-24-tabletki-do-ssania\/","title":{"rendered":"Gardimax Medica 24 tabletki do ssania"},"content":{"rendered":"<p>Gardimax Medica\u00a024 tabl.GARDIMAX MEDICA jest z\u0142o\u017conym preparatem przeznaczonym do stosowania w celu \u0142agodzenia b\u00f3lu towarzysz\u0105cego stanom zapalnym lub podra\u017cnieniom podczas stan\u00f3w zapalnych jamy ustnej i gard\u0142a. Zawiera dwie substancje czynne, kt\u00f3re gwarantuj\u0105 skuteczno\u015b\u0107 leku. Przynosi natychmiastowy efekt i uwalnia od b\u00f3lu.                            <\/p>\n<p>Dzia\u0142anie:Gardimax Medica to tabletki do stosowania \u00a0doustnego. Na dzia\u0142anie leku sk\u0142adaj\u0105 si\u0119 2 substancje czynne:Lidokaina, jako \u015brodek miejscowo znieczulaj\u0105cy, powoduje zmniejszenie wra\u017cliwo\u015bci czuciowych zako\u0144cze\u0144 nerwowych w obszarze zastosowania.\u00a0Chlorheksydyna posiada w\u0142a\u015bciwo\u015bci bakteriostatyczne i bakteriob\u00f3jcze, zw\u0142aszcza wzgl\u0119dem bakterii Gram-dodatnie i w mniejszym stopniu Gram-ujemnych. Wywiera tak\u017ce efekt przeciwgrzybiczy wobec dro\u017cd\u017cak\u00f3w Candida albicans. Dzia\u0142a drog\u0105 hamowania aktywno\u015bci enzym\u00f3w b\u0142onowych wspomnianych drobnoustroj\u00f3w oraz zaburzania przepuszczalno\u015bci b\u0142ony dla jon\u00f3w potasu, aminokwas\u00f3w i nukleotyd\u00f3w.                            <\/p>\n<p>Dawkowanie:\u00a0Doro\u015bli: 6 do 10 tabletek do ssania na dob\u0119, tabletk\u0119 ssa\u0107 powoliDzieci w wieku od 6 lat: po\u0142owa dawki dla doros\u0142ych (3 do 5 tabletek do ssania na dob\u0119).Lek do kr\u00f3tkotrwa\u0142ego stosowania objawowego: 3 do 4 dni. Je\u015bli po tym okresie nie nast\u0105pi poprawa lub ju\u017c w trakcie stosowania pojawi\u0105 si\u0119 nowe dolegliwo\u015bci i (lub) objawy og\u00f3lne, np. gor\u0105czka, pacjent powinien skontaktowa\u0107 si\u0119 z lekarzem.                            <\/p>\n<p>Sk\u0142ad:5 mg dichlorowodorku chlorheksydyny i 1 mg chlorowodorku lidokainy.Pozosta\u0142e sk\u0142adniki to: sorbitol (E420) magnezu stearynian, kwas cytrynowy bezwodny, lewomentol.                            <\/p>\n<p>***Nie stosowa\u0107 w przypadku nadwra\u017cliwo\u015bci na kt\u00f3r\u0105kolwiek substancj\u0119 czynn\u0105 lub inne leki miejscowo znieczulaj\u0105ce z grupy amid\u00f3w lub na kt\u00f3r\u0105kolwiek substancje pomocnicz\u0105. Nie stosowa\u0107 u dzieci w wieku poni\u017cej 30 miesi\u0119cy.\u00a0Nie nale\u017cy przekracza\u0107 zalecanej dawki preparatu do spo\u017cycia w ci\u0105gu dnia. Preparat nale\u017cy przechowywa\u0107 w spos\u00f3b niedost\u0119pny dla ma\u0142ych dzieci. Przechowywa\u0107 w suchych pomieszczeniach o temperaturze pokojowej, w szczelnie zamkni\u0119tych pojemnikach. Okres przechowywania produktu (po pierwszym otwarciu): 3 miesi\u0105ce.<\/p>\n<h2>Gardimax Medica 24 tabletki do ssania Tactica Pharmaceuticals<\/h2>\n<p>marcelina imi\u0119, kolorowanki pokemon do druku, olaf znaczenie imienia, prezent dla pi\u0119tnastolatka, imiona dla dzieci 2019, zagadki typu co to jest, cytat z kubusia puchatka o mi\u0142o\u015bci, zabawy tematyczne przyk\u0142ady, lol do druku, mandale do druku, bajka o kreciku, kolorowanki antystresowe do druku, kolorowanki na dzie\u0144 niepodleg\u0142o\u015bci do wydruku, rodzina sentencja, oryginalny prezent na roczek dla dziewczynki, filmy wigilijne dla dzieci<\/p>\n<p>yyyyy<\/p>\n<p>&nbsp;<\/p>\n","protected":false},"excerpt":{"rendered":"<p>Gardimax Medica\u00a024 tabl.GARDIMAX MEDICA jest z\u0142o\u017conym preparatem przeznaczonym do stosowania w celu \u0142agodzenia b\u00f3lu towarzysz\u0105cego stanom zapalnym lub podra\u017cnieniom podczas stan\u00f3w zapalnych jamy ustnej i gard\u0142a. Zawiera dwie substancje czynne, kt\u00f3re gwarantuj\u0105 skuteczno\u015b\u0107 leku. Przynosi natychmiastowy efekt i uwalnia od b\u00f3lu. Dzia\u0142anie:Gardimax Medica to tabletki do stosowania \u00a0doustnego. Na dzia\u0142anie leku sk\u0142adaj\u0105 si\u0119 2 substancje [&hellip;]<\/p>\n","protected":false},"featured_media":7347,"comment_status":"closed","ping_status":"open","template":"","meta":[],"product_cat":[198,1579],"product_tag":[674,835,794,741,857],"class_list":["post-7346","product","type-product","status-publish","has-post-thumbnail","hentry","product_cat-przeziebienie-i-grypa","product_cat-tactica-pharmaceuticals","product_tag-miasto-dzieci","product_tag-radosc-dziecka-cytaty","product_tag-test-opowiesci-z-narnii-lew-czarownica-i-stara-szafa-do-druku","product_tag-wlochy","product_tag-zagadki-dla-dzieci-7-8-lat"],"_links":{"self":[{"href":"http:\/\/klubmamgdynia.pl\/index.php\/wp-json\/wp\/v2\/product\/7346","targetHints":{"allow":["GET"]}}],"collection":[{"href":"http:\/\/klubmamgdynia.pl\/index.php\/wp-json\/wp\/v2\/product"}],"about":[{"href":"http:\/\/klubmamgdynia.pl\/index.php\/wp-json\/wp\/v2\/types\/product"}],"replies":[{"embeddable":true,"href":"http:\/\/klubmamgdynia.pl\/index.php\/wp-json\/wp\/v2\/comments?post=7346"}],"wp:featuredmedia":[{"embeddable":true,"href":"http:\/\/klubmamgdynia.pl\/index.php\/wp-json\/wp\/v2\/media\/7347"}],"wp:attachment":[{"href":"http:\/\/klubmamgdynia.pl\/index.php\/wp-json\/wp\/v2\/media?parent=7346"}],"wp:term":[{"taxonomy":"product_cat","embeddable":true,"href":"http:\/\/klubmamgdynia.pl\/index.php\/wp-json\/wp\/v2\/product_cat?post=7346"},{"taxonomy":"product_tag","embeddable":true,"href":"http:\/\/klubmamgdynia.pl\/index.php\/wp-json\/wp\/v2\/product_tag?post=7346"}],"curies":[{"name":"wp","href":"https:\/\/api.w.org\/{rel}","templated":true}]}}