{"id":7348,"date":"2025-08-14T18:59:07","date_gmt":"2025-08-14T16:59:07","guid":{"rendered":"http:\/\/klubmamgdynia.pl\/?post_type=product&#038;p=7348"},"modified":"2026-04-30T15:39:17","modified_gmt":"2026-04-30T13:39:17","slug":"tymsal-aerozol-niezyt-gardla-i-krtani-30-g","status":"publish","type":"product","link":"http:\/\/klubmamgdynia.pl\/index.php\/produkt\/tymsal-aerozol-niezyt-gardla-i-krtani-30-g\/","title":{"rendered":"Tymsal aerozol nie\u017cyt gard\u0142a i krtani 30 g"},"content":{"rendered":"<p>Tymsal aerozol nie\u017cyt gard\u0142a i krtaniNaturalny preparat w formie aerozolu o dzia\u0142aniu antyseptycznym i \u015bci\u0105gaj\u0105cym na b\u0142ony \u015bluzowe jamy ustnej i gard\u0142a. Wskazaniami do stosowania preparatu Tymsal s\u0105: schorzenia g\u00f3rnych dr\u00f3g oddechowych (nie\u017cyty krtani i gard\u0142a, kaszel, stany zapalne jamy ustnej i gard\u0142a).Dzia\u0142aniePreparat o dzia\u0142aniu antyseptycznym i \u015bci\u0105gaj\u0105cym na b\u0142ony \u015bluzowe jamy ustnej i gard\u0142a.ZastosowanieSchorzenia g\u00f3rnych dr\u00f3g oddechowych:* nie\u017cyty krtani i gard\u0142a* kaszel* stany zapalne jamy ustnej i gard\u0142a.PrzyjmowanieRozpyla\u0107 w jamie ustnej 3-4 krotnie, 3 razy dziennie.Nie stosowa\u0107 d\u0142u\u017cej ni\u017c 7 dni.Niepo\u017c\u0105daneW bardzo rzadkich przypadkach mo\u017cliwe jest wyst\u0105pienie reakcji nadwra\u017cliwo\u015bci, objawiaj\u0105cych si\u0119 m.in. duszno\u015bci\u0105, pokrzywk\u0105 i miejscowymi obrz\u0119kami.PrzeciwwskazaniaNadwra\u017cliwo\u015b\u0107 na tymianek lub sza\u0142wi\u0119. Nie stosowa\u0107 u dzieci do 12 roku \u017cycia.Sk\u0142adSk\u0142ad produktu w przeliczeniu na 100g:Thymi extractum fluidum 1:3 (wyci\u0105g tymiankowy p\u0142ynny) &#8211; 70g, ekstrahent: mieszanina wodorotlenku amonowego (96 g\/l), glicerolu (860 g\/l), etanolu (760 g\/l) i wody (1:20:67, 8:11,2).Salviae tinctura 1:5 (nalewka z sza\u0142wii) &#8211; 30gEkstrahent: etanol 70%.Produkt zawiera 38-47 % obj. etanolu.<\/p>\n<h2>Tymsal aerozol nie\u017cyt gard\u0142a i krtani 30 g Herbapol<\/h2>\n<p>zings kolorowanka, kanapki dla dzieci, kajko i kokosz test z lektury, gad\u017cety dla nastolatki, quiz o bo\u017cym narodzeniu, niech \u017cyj\u0105 wakacje, romantyczna bajka na dobranoc, filmy familijne walta disneya, prezent dla trzynastolatki, kolorowanki \u015bwi\u0119to niepodleg\u0142o\u015bci do druku, kajko i kokosz szko\u0142a latania test z odpowiedziami, prezent na roczek, kolorowanka elsa, psi patrol zadania do druku, cytaty o macierzy\u0144stwie, ach \u015bpij kochanie tekst<\/p>\n<p>yyyyy<\/p>\n<p>&nbsp;<\/p>\n","protected":false},"excerpt":{"rendered":"<p>Tymsal aerozol nie\u017cyt gard\u0142a i krtaniNaturalny preparat w formie aerozolu o dzia\u0142aniu antyseptycznym i \u015bci\u0105gaj\u0105cym na b\u0142ony \u015bluzowe jamy ustnej i gard\u0142a. Wskazaniami do stosowania preparatu Tymsal s\u0105: schorzenia g\u00f3rnych dr\u00f3g oddechowych (nie\u017cyty krtani i gard\u0142a, kaszel, stany zapalne jamy ustnej i gard\u0142a).Dzia\u0142aniePreparat o dzia\u0142aniu antyseptycznym i \u015bci\u0105gaj\u0105cym na b\u0142ony \u015bluzowe jamy ustnej i gard\u0142a.ZastosowanieSchorzenia [&hellip;]<\/p>\n","protected":false},"featured_media":7349,"comment_status":"closed","ping_status":"open","template":"","meta":[],"product_cat":[1558,198],"product_tag":[825,654,803],"class_list":["post-7348","product","type-product","status-publish","has-post-thumbnail","hentry","product_cat-herbapol","product_cat-przeziebienie-i-grypa","product_tag-bajka-na-dobranoc-do-czytania","product_tag-krotkie-bajki-dla-dzieci-do-czytania","product_tag-szlaczki-do-druku"],"_links":{"self":[{"href":"http:\/\/klubmamgdynia.pl\/index.php\/wp-json\/wp\/v2\/product\/7348","targetHints":{"allow":["GET"]}}],"collection":[{"href":"http:\/\/klubmamgdynia.pl\/index.php\/wp-json\/wp\/v2\/product"}],"about":[{"href":"http:\/\/klubmamgdynia.pl\/index.php\/wp-json\/wp\/v2\/types\/product"}],"replies":[{"embeddable":true,"href":"http:\/\/klubmamgdynia.pl\/index.php\/wp-json\/wp\/v2\/comments?post=7348"}],"wp:featuredmedia":[{"embeddable":true,"href":"http:\/\/klubmamgdynia.pl\/index.php\/wp-json\/wp\/v2\/media\/7349"}],"wp:attachment":[{"href":"http:\/\/klubmamgdynia.pl\/index.php\/wp-json\/wp\/v2\/media?parent=7348"}],"wp:term":[{"taxonomy":"product_cat","embeddable":true,"href":"http:\/\/klubmamgdynia.pl\/index.php\/wp-json\/wp\/v2\/product_cat?post=7348"},{"taxonomy":"product_tag","embeddable":true,"href":"http:\/\/klubmamgdynia.pl\/index.php\/wp-json\/wp\/v2\/product_tag?post=7348"}],"curies":[{"name":"wp","href":"https:\/\/api.w.org\/{rel}","templated":true}]}}