{"id":7350,"date":"2017-09-01T08:07:20","date_gmt":"2017-09-01T06:07:20","guid":{"rendered":"http:\/\/klubmamgdynia.pl\/index.php\/produkt\/wellmedica-medi-pharm-wsparcie-dla-watroby-slim-60tabl\/"},"modified":"2026-04-06T08:11:25","modified_gmt":"2026-04-06T06:11:25","slug":"wellmedica-medi-pharm-wsparcie-dla-watroby-slim-60tabl","status":"publish","type":"product","link":"http:\/\/klubmamgdynia.pl\/index.php\/produkt\/wellmedica-medi-pharm-wsparcie-dla-watroby-slim-60tabl\/","title":{"rendered":"Wellmedica Medi Pharm Wsparcie Dla W\u0105troby Slim 60Tabl."},"content":{"rendered":"<p>Wsparcie w\u0105troby Slim to suplement diety, kt\u00f3rego sk\u0142adniki wspomagaj\u0105 utrzymanie zdrowej w\u0105troby, prawid\u0142owe trawienie, zachowanie prawid\u0142owej masy cia\u0142a.<\/p>\n<h2>Wellmedica Medi Pharm Wsparcie Dla W\u0105troby Slim 60Tabl. Global Pharma<\/h2>\n<p>podchwytliwe zagadki i odpowiedzi, testy na znaki drogowe, atrakcje dla dzieci warszawa i okolice, swinka peppa obrazek, zaproszenia na urodziny do wydruku czarno bia\u0142e, ko\u0142ysanka tekst, kolorowanki wed\u0142ug kodu do druku, malowanki dla dziewczynek, dobre zagadki logiczne, zaproszenia na urodziny dla dzieci do druku, \u015bmieszne kanapki kanapki dla dzieci, zagadki dla dzieci 5 lat<\/p>\n<p>yyyyy<\/p>\n<p>&nbsp;<\/p>\n","protected":false},"excerpt":{"rendered":"<p>Wsparcie w\u0105troby Slim to suplement diety, kt\u00f3rego sk\u0142adniki wspomagaj\u0105 utrzymanie zdrowej w\u0105troby, prawid\u0142owe trawienie, zachowanie prawid\u0142owej masy cia\u0142a. Wellmedica Medi Pharm Wsparcie Dla W\u0105troby Slim 60Tabl. Global Pharma podchwytliwe zagadki i odpowiedzi, testy na znaki drogowe, atrakcje dla dzieci warszawa i okolice, swinka peppa obrazek, zaproszenia na urodziny do wydruku czarno bia\u0142e, ko\u0142ysanka tekst, kolorowanki [&hellip;]<\/p>\n","protected":false},"featured_media":7351,"comment_status":"closed","ping_status":"open","template":"","meta":[],"product_cat":[1580,184],"product_tag":[792,680,626,684,705,665,811],"class_list":["post-7350","product","type-product","status-publish","has-post-thumbnail","hentry","product_cat-global-pharma","product_cat-uklad-pokarmowy-i-trawienie","product_tag-cytaty-o-mamie","product_tag-cytaty-z-malego-ksiecia","product_tag-jacek","product_tag-prezent-dla-dziewczynki-na-roczek","product_tag-prezent-na-roczek-dla-chlopca","product_tag-proste-zagadki","product_tag-zagadki-logiczne-dla-dzieci"],"_links":{"self":[{"href":"http:\/\/klubmamgdynia.pl\/index.php\/wp-json\/wp\/v2\/product\/7350","targetHints":{"allow":["GET"]}}],"collection":[{"href":"http:\/\/klubmamgdynia.pl\/index.php\/wp-json\/wp\/v2\/product"}],"about":[{"href":"http:\/\/klubmamgdynia.pl\/index.php\/wp-json\/wp\/v2\/types\/product"}],"replies":[{"embeddable":true,"href":"http:\/\/klubmamgdynia.pl\/index.php\/wp-json\/wp\/v2\/comments?post=7350"}],"wp:featuredmedia":[{"embeddable":true,"href":"http:\/\/klubmamgdynia.pl\/index.php\/wp-json\/wp\/v2\/media\/7351"}],"wp:attachment":[{"href":"http:\/\/klubmamgdynia.pl\/index.php\/wp-json\/wp\/v2\/media?parent=7350"}],"wp:term":[{"taxonomy":"product_cat","embeddable":true,"href":"http:\/\/klubmamgdynia.pl\/index.php\/wp-json\/wp\/v2\/product_cat?post=7350"},{"taxonomy":"product_tag","embeddable":true,"href":"http:\/\/klubmamgdynia.pl\/index.php\/wp-json\/wp\/v2\/product_tag?post=7350"}],"curies":[{"name":"wp","href":"https:\/\/api.w.org\/{rel}","templated":true}]}}