{"id":7356,"date":"2020-04-13T05:58:11","date_gmt":"2020-04-13T03:58:11","guid":{"rendered":"http:\/\/klubmamgdynia.pl\/index.php\/produkt\/gardimax-medica-spray-30-ml\/"},"modified":"2026-04-07T12:44:37","modified_gmt":"2026-04-07T10:44:37","slug":"gardimax-medica-spray-30-ml","status":"publish","type":"product","link":"http:\/\/klubmamgdynia.pl\/index.php\/produkt\/gardimax-medica-spray-30-ml\/","title":{"rendered":"Gardimax Medica Spray 30 ml"},"content":{"rendered":"<p>Gardimax Medica Spray 30 mlGARDIMAX MEDICA Lek do stosowania objawowego w celu \u0142agodzenia dolegliwo\u015bci b\u00f3lowych zwi\u0105zanych ze stanem zapalnym lub podra\u017cnieniem jamy ustnej i gard\u0142a. Gardimax medica nie zawiera cukru i mo\u017ce by\u0107 stosowany u diabetyk\u00f3w.                            <\/p>\n<p>Dzia\u0142anieGardimax medica\u00a0 spray to aerozol do aplikowania na b\u0142ony \u015bluzowe jamy ustnej i gard\u0142a. Na dzia\u0142anie leku sk\u0142adaj\u0105 si\u0119 2 substancje czynne:Lidokaina, jako \u015brodek miejscowo znieczulaj\u0105cy, powoduje zmniejszenie wra\u017cliwo\u015bci czuciowych zako\u0144cze\u0144 nerwowych w obszarze zastosowania.\u00a0Chlorheksydyna posiada w\u0142a\u015bciwo\u015bci bakteriostatyczne i bakteriob\u00f3jcze, zw\u0142aszcza wzgl\u0119dem bakterii Gram-dodatnie i w mniejszym stopniu Gram-ujemnych. Wywiera tak\u017ce efekt przeciwgrzybiczy wobec dro\u017cd\u017cak\u00f3w Candida albicans. Dzia\u0142a drog\u0105 hamowania aktywno\u015bci enzym\u00f3w b\u0142onowych wspomnianych drobnoustroj\u00f3w oraz zaburzania przepuszczalno\u015bci b\u0142ony dla jon\u00f3w potasu, aminokwas\u00f3w i nukleotyd\u00f3w.                            <\/p>\n<p>DawkowanieDoro\u015bli i dzieci powy\u017cej 12. roku \u017cycia:3 &#8211; 5 dozowa\u0144 6 &#8211; 10 razy na dob\u0119.Dzieci powy\u017cej 30. miesi\u0105ca \u017cycia:2 &#8211; 3 dozowania 3 &#8211; 5 razy dziennie.Stosowa\u0107 do 3 &#8211; 4 dni. Je\u015bli po tym czasie objawy nie ust\u0105pi\u0105 lub ulegn\u0105 nasileniu, nale\u017cy zg\u0142osi\u0107 si\u0119 do lekarza.Preparat do stosowania miejscowego w obr\u0119bie jamy ustnej.Przyjmowa\u0107 mi\u0119dzy posi\u0142kami.Przed pierwszym u\u017cyciem kilkukrotnie rozpyli\u0107 produkt w powietrze. Aplikowa\u0107 na chorobowo zmieniony obszar b\u0142ony \u015bluzowej, unikaj\u0105c jego dotykania dozownikiem.                            <\/p>\n<p>Sk\u0142ad:1 dawka: 0,18 mg roztworu diglukonianu chlorehexydyny i 0,04 mg chlorowodorku lidokainy. Etanol 96%, glicerol, lewomentol, cyneo, sacharyna sodowa, kwas cytynowy jednowodny, woda oczyszczona.                            <\/p>\n<p>***Nie stosowa\u0107 w przypadku nadwra\u017cliwo\u015bci na kt\u00f3r\u0105kolwiek substancj\u0119 czynn\u0105 lub inne leki miejscowo znieczulaj\u0105ce z grupy amid\u00f3w lub na kt\u00f3r\u0105kolwiek substancje pomocnicz\u0105. Nie stosowa\u0107 u dzieci w wieku poni\u017cej 30 miesi\u0119cy.\u00a0Nie nale\u017cy przekracza\u0107 zalecanej dawki preparatu do spo\u017cycia w ci\u0105gu dnia. Preparat nale\u017cy przechowywa\u0107 w spos\u00f3b niedost\u0119pny dla ma\u0142ych dzieci. Przechowywa\u0107 w suchych pomieszczeniach o temperaturze pokojowej, w szczelnie zamkni\u0119tych pojemnikach. Okres przechowywania produktu (po pierwszym otwarciu): 3 miesi\u0105ce.<\/p>\n<h2>Gardimax Medica Spray 30 ml Tactica Pharmaceuticals<\/h2>\n<p>warszawa atrakcje dla m\u0142odzie\u017cy, romantyczna bajka na dobranoc, ma\u0142y ksi\u0105\u017ce cytaty o przyja\u017ani, quiz o wio\u015bnie, jak si\u0119 rysuje kota, ma\u0142y ksi\u0105\u017ce cytaty o przyja\u017ani, wydarzenia dla dzieci warszawa, prezenty dla nastolatk\u00f3w, podchwytliwe zagadki z odpowiedziami, znajd\u017a r\u00f3\u017cnice do druku, myszka miki kolorowanka, t\u0119cza kolorowanka, pierwsze urodziny prezent na roczek dla dziewczynki, nauka pisania wyraz\u00f3w dla dzieci do druku pdf, wszystkie kraje \u015bwiata quiz, kolorowanka do malowania farbami, nadie\u017cda imi\u0119, hot wheels kolorowanka, ma\u0142y ksi\u0105\u017ce test, prezenty dla rocznego dziecka, ozdoby \u015bwi\u0105teczne z rolek po papierze toaletowym<\/p>\n<p>yyyyy<\/p>\n<p>&nbsp;<\/p>\n","protected":false},"excerpt":{"rendered":"<p>Gardimax Medica Spray 30 mlGARDIMAX MEDICA Lek do stosowania objawowego w celu \u0142agodzenia dolegliwo\u015bci b\u00f3lowych zwi\u0105zanych ze stanem zapalnym lub podra\u017cnieniem jamy ustnej i gard\u0142a. Gardimax medica nie zawiera cukru i mo\u017ce by\u0107 stosowany u diabetyk\u00f3w. Dzia\u0142anieGardimax medica\u00a0 spray to aerozol do aplikowania na b\u0142ony \u015bluzowe jamy ustnej i gard\u0142a. Na dzia\u0142anie leku sk\u0142adaj\u0105 si\u0119 [&hellip;]<\/p>\n","protected":false},"featured_media":7357,"comment_status":"closed","ping_status":"open","template":"","meta":[],"product_cat":[198,1579],"product_tag":[719,674,590,812],"class_list":["post-7356","product","type-product","status-publish","has-post-thumbnail","hentry","product_cat-przeziebienie-i-grypa","product_cat-tactica-pharmaceuticals","product_tag-dziecko-cytaty-zlote-mysli","product_tag-miasto-dzieci","product_tag-plac-zabaw-warszawa","product_tag-zagadki-logiczne-na-inteligencje"],"_links":{"self":[{"href":"http:\/\/klubmamgdynia.pl\/index.php\/wp-json\/wp\/v2\/product\/7356","targetHints":{"allow":["GET"]}}],"collection":[{"href":"http:\/\/klubmamgdynia.pl\/index.php\/wp-json\/wp\/v2\/product"}],"about":[{"href":"http:\/\/klubmamgdynia.pl\/index.php\/wp-json\/wp\/v2\/types\/product"}],"replies":[{"embeddable":true,"href":"http:\/\/klubmamgdynia.pl\/index.php\/wp-json\/wp\/v2\/comments?post=7356"}],"wp:featuredmedia":[{"embeddable":true,"href":"http:\/\/klubmamgdynia.pl\/index.php\/wp-json\/wp\/v2\/media\/7357"}],"wp:attachment":[{"href":"http:\/\/klubmamgdynia.pl\/index.php\/wp-json\/wp\/v2\/media?parent=7356"}],"wp:term":[{"taxonomy":"product_cat","embeddable":true,"href":"http:\/\/klubmamgdynia.pl\/index.php\/wp-json\/wp\/v2\/product_cat?post=7356"},{"taxonomy":"product_tag","embeddable":true,"href":"http:\/\/klubmamgdynia.pl\/index.php\/wp-json\/wp\/v2\/product_tag?post=7356"}],"curies":[{"name":"wp","href":"https:\/\/api.w.org\/{rel}","templated":true}]}}