{"id":736,"date":"2013-09-27T11:55:27","date_gmt":"2013-09-27T09:55:27","guid":{"rendered":"http:\/\/klubmamgdynia.pl\/index.php\/produkt\/medela-biustonosz-pielegnacyjny-ultimate-bodyfit-bialy-xl\/"},"modified":"2026-04-29T14:44:09","modified_gmt":"2026-04-29T12:44:09","slug":"medela-biustonosz-pielegnacyjny-ultimate-bodyfit-bialy-xl","status":"publish","type":"product","link":"http:\/\/klubmamgdynia.pl\/index.php\/produkt\/medela-biustonosz-pielegnacyjny-ultimate-bodyfit-bialy-xl\/","title":{"rendered":"Medela Biustonosz Piel\u0119gnacyjny Ultimate Bodyfit Bia\u0142y XL"},"content":{"rendered":"<p>Medela Biustonosz Piel\u0119gnacyjny Ultimate Bodyfit Bia\u0142y                            <\/p>\n<p>Biustonosz Ultimate BodyFit marki Medela to bezszwowy biustonosz ci\u0105\u017cowy i do karmienia, kt\u00f3ry oferuje doskona\u0142e wsparcie i idealne dopasowanie. Dostosowuje si\u0119 do Twojego zmieniaj\u0105cego si\u0119 cia\u0142a na ka\u017cdym etapie ci\u0105\u017cy i karmienia piersi\u0105. Dost\u0119pny w kolorze czarnym i bia\u0142ym.Szczeg\u00f3\u0142y dotycz\u0105ce piel\u0119gnacji:G\u0142\u00f3wna cz\u0119\u015b\u0107: 90% nylon, 10% spandex.D\u00f3\u0142 pasa: 87 % nylon, 13 % spandexPodszewka wk\u0142adu z pianki: 100 % poliesterPianka: PoliuretanMo\u017cna pra\u0107 w temperaturze do 30 \u00b0CSuszy\u0107 w suszarce b\u0119bnowej                            <\/p>\n<p>Bezszwowy biustonosz do karmienia z pr\u0105\u017ckowanymi wstawkami zapewniaj\u0105cymi delikatne podtrzymanie i idealne dopasowanieSzerokie rami\u0105czka, kt\u00f3re nie zsuwaj\u0105 si\u0119 i wygodnie uk\u0142adaj\u0105 na ramionachZapi\u0119cie na haczyk dla dodatkowego wsparcia i elastyczno\u015bciWysokiej jako\u015bci elastyczny materia\u0142 dopasowuje si\u0119 do Twojego cia\u0142a przez ca\u0142y czasProfilowany biustonosz z piankowymi miseczkami dla pi\u0119knej sylwetkiCa\u0142kowicie sk\u0142adane miseczki u\u0142atwiaj\u0105 karmienie piersi\u0105 i zapewniaj\u0105 dodatkowy kontakt ze sk\u00f3r\u0105JAK DOBRA\u0106 ROZMIAR?Ka\u017cda kobieta jest inna, a Medela uwzgl\u0119dnia te r\u00f3\u017cnice. Je\u017celi nie mo\u017cesz znale\u017a\u0107 swojego rozmiaru w naszej tabeli rozmiar\u00f3w, radzimy wybra\u0107 rozmiar biustonosza Medela najbardziej zbli\u017cony do Twoich wymiar\u00f3w.                            <\/p>\n<p>SPRAWD\u0179 BIUSTONOSZE ULTIMATE MEDELA                            <\/p>\n<p>Medela Biustonosz Ultimate Bia\u0142y                            <\/p>\n<p>Medela Biustonosz Ultimate Czarny<\/p>\n<h2>Medela Biustonosz Piel\u0119gnacyjny Ultimate Bodyfit Bia\u0142y XL Medela<\/h2>\n<p>zagadki matematyczne dla przedszkolak\u00f3w, opisy o rodzinie, zagadki o psach, najlepsze \u017carty na prima aprilis, \u017cyczenia wielkanocne dla dzieci kr\u00f3tkie, prezent dla 15 latki, quiz narnia lew czarownica i stara szafa, cytaty na dzie\u0144 edukacji narodowej, quiz o flagach, prezenty dla nastolatk\u00f3w<\/p>\n<p>yyyyy<\/p>\n<p>&nbsp;<\/p>\n","protected":false},"excerpt":{"rendered":"<p>Medela Biustonosz Piel\u0119gnacyjny Ultimate Bodyfit Bia\u0142y Biustonosz Ultimate BodyFit marki Medela to bezszwowy biustonosz ci\u0105\u017cowy i do karmienia, kt\u00f3ry oferuje doskona\u0142e wsparcie i idealne dopasowanie. Dostosowuje si\u0119 do Twojego zmieniaj\u0105cego si\u0119 cia\u0142a na ka\u017cdym etapie ci\u0105\u017cy i karmienia piersi\u0105. Dost\u0119pny w kolorze czarnym i bia\u0142ym.Szczeg\u00f3\u0142y dotycz\u0105ce piel\u0119gnacji:G\u0142\u00f3wna cz\u0119\u015b\u0107: 90% nylon, 10% spandex.D\u00f3\u0142 pasa: 87 % [&hellip;]<\/p>\n","protected":false},"featured_media":737,"comment_status":"closed","ping_status":"open","template":"","meta":[],"product_cat":[258,267],"product_tag":[658,781,589,872],"class_list":["post-736","product","type-product","status-publish","has-post-thumbnail","hentry","product_cat-bielizna-ciazowa","product_cat-medela","product_tag-alan-znaczenie-imienia","product_tag-cytaty-o-wychowaniu-dzieci","product_tag-prezent-dla-rocznego-dziecka","product_tag-zagadki-dla-dzieci-6-lat"],"_links":{"self":[{"href":"http:\/\/klubmamgdynia.pl\/index.php\/wp-json\/wp\/v2\/product\/736","targetHints":{"allow":["GET"]}}],"collection":[{"href":"http:\/\/klubmamgdynia.pl\/index.php\/wp-json\/wp\/v2\/product"}],"about":[{"href":"http:\/\/klubmamgdynia.pl\/index.php\/wp-json\/wp\/v2\/types\/product"}],"replies":[{"embeddable":true,"href":"http:\/\/klubmamgdynia.pl\/index.php\/wp-json\/wp\/v2\/comments?post=736"}],"wp:featuredmedia":[{"embeddable":true,"href":"http:\/\/klubmamgdynia.pl\/index.php\/wp-json\/wp\/v2\/media\/737"}],"wp:attachment":[{"href":"http:\/\/klubmamgdynia.pl\/index.php\/wp-json\/wp\/v2\/media?parent=736"}],"wp:term":[{"taxonomy":"product_cat","embeddable":true,"href":"http:\/\/klubmamgdynia.pl\/index.php\/wp-json\/wp\/v2\/product_cat?post=736"},{"taxonomy":"product_tag","embeddable":true,"href":"http:\/\/klubmamgdynia.pl\/index.php\/wp-json\/wp\/v2\/product_tag?post=736"}],"curies":[{"name":"wp","href":"https:\/\/api.w.org\/{rel}","templated":true}]}}