{"id":7360,"date":"2025-04-06T05:31:53","date_gmt":"2025-04-06T03:31:53","guid":{"rendered":"http:\/\/klubmamgdynia.pl\/?post_type=product&#038;p=7360"},"modified":"2026-05-17T22:23:59","modified_gmt":"2026-05-17T20:23:59","slug":"bonjour-cherie-kocyk-maly-light-65-75-retro-fox-minky-smoked-pearl","status":"publish","type":"product","link":"http:\/\/klubmamgdynia.pl\/index.php\/produkt\/bonjour-cherie-kocyk-maly-light-65-75-retro-fox-minky-smoked-pearl\/","title":{"rendered":"Bonjour Cherie Kocyk Ma\u0142y Light 65\/75 Retro Fox Minky Smoked Pearl"},"content":{"rendered":"<p>Bonjour Cherie kocyk ma\u0142y light 65\/75 Retro fox Minky Smoked pearl<\/p>\n<h2>Bonjour Cherie Kocyk Ma\u0142y Light 65\/75 Retro Fox Minky Smoked Pearl Bonjour Cherie<\/h2>\n<p>najpi\u0119kniejsze cytaty o przyja\u017ani, ci\u0119\u017ckie zagadki, prezent dla m\u0142odzie\u017cy, \u015bwinka peppa do druku, kolorowanka pies, kolorowanki dla dziewczynek lol, fajne rzeczy dla nastolatk\u00f3w, przyjed\u017a do nas miko\u0142aju tekst, ozdoby na choinke przedszkole, karaluchy pod poduchy, laura, lol kolorowanki do druku, pies kolorowanka, eneduerabe, bajka dla niemowlaka, zagadka matematyczna, liwia, imie iwo<\/p>\n<p>yyyyy<\/p>\n<p>&nbsp;<\/p>\n","protected":false},"excerpt":{"rendered":"<p>Bonjour Cherie kocyk ma\u0142y light 65\/75 Retro fox Minky Smoked pearl Bonjour Cherie Kocyk Ma\u0142y Light 65\/75 Retro Fox Minky Smoked Pearl Bonjour Cherie najpi\u0119kniejsze cytaty o przyja\u017ani, ci\u0119\u017ckie zagadki, prezent dla m\u0142odzie\u017cy, \u015bwinka peppa do druku, kolorowanka pies, kolorowanki dla dziewczynek lol, fajne rzeczy dla nastolatk\u00f3w, przyjed\u017a do nas miko\u0142aju tekst, ozdoby na choinke [&hellip;]<\/p>\n","protected":false},"featured_media":7361,"comment_status":"closed","ping_status":"open","template":"","meta":[],"product_cat":[1583,1006],"product_tag":[612,609,841,726,606],"class_list":["post-7360","product","type-product","status-publish","has-post-thumbnail","hentry","product_cat-bonjour-cherie","product_cat-koce-i-narzuty-dzieciece","product_tag-kolorowanki-do-druku","product_tag-quiz-flagi-europy","product_tag-quiz-o-flagach","product_tag-quiz-zemsta","product_tag-stala-pod-sniegiem"],"_links":{"self":[{"href":"http:\/\/klubmamgdynia.pl\/index.php\/wp-json\/wp\/v2\/product\/7360","targetHints":{"allow":["GET"]}}],"collection":[{"href":"http:\/\/klubmamgdynia.pl\/index.php\/wp-json\/wp\/v2\/product"}],"about":[{"href":"http:\/\/klubmamgdynia.pl\/index.php\/wp-json\/wp\/v2\/types\/product"}],"replies":[{"embeddable":true,"href":"http:\/\/klubmamgdynia.pl\/index.php\/wp-json\/wp\/v2\/comments?post=7360"}],"wp:featuredmedia":[{"embeddable":true,"href":"http:\/\/klubmamgdynia.pl\/index.php\/wp-json\/wp\/v2\/media\/7361"}],"wp:attachment":[{"href":"http:\/\/klubmamgdynia.pl\/index.php\/wp-json\/wp\/v2\/media?parent=7360"}],"wp:term":[{"taxonomy":"product_cat","embeddable":true,"href":"http:\/\/klubmamgdynia.pl\/index.php\/wp-json\/wp\/v2\/product_cat?post=7360"},{"taxonomy":"product_tag","embeddable":true,"href":"http:\/\/klubmamgdynia.pl\/index.php\/wp-json\/wp\/v2\/product_tag?post=7360"}],"curies":[{"name":"wp","href":"https:\/\/api.w.org\/{rel}","templated":true}]}}