{"id":7362,"date":"2015-06-12T19:00:43","date_gmt":"2015-06-12T17:00:43","guid":{"rendered":"http:\/\/klubmamgdynia.pl\/index.php\/produkt\/nukido-mata-piankowa-skladana-200x150x1cm-nk-341\/"},"modified":"2026-05-17T22:33:15","modified_gmt":"2026-05-17T20:33:15","slug":"nukido-mata-piankowa-skladana-200x150x1cm-nk-341","status":"publish","type":"product","link":"http:\/\/klubmamgdynia.pl\/index.php\/produkt\/nukido-mata-piankowa-skladana-200x150x1cm-nk-341\/","title":{"rendered":"Nukido Mata Piankowa Sk\u0142adana 200x150x1cm NK-341"},"content":{"rendered":"<p>Mata piankowa sk\u0142adana NukidoTa wyj\u0105tkowa du\u017cask\u0142adana mata o wymiarze 200&#215;150 cm, kt\u00f3ra ma wiele praktycznych zastosowa\u0144. Zapewni Twojemu dziecku komfort podczas zabawy oraz nauki raczkowania!Komfortowa i funkcjonalna:lekka,sk\u0142adana,dwustronna,gruba i wytrzyma\u0142a,\u0142atwa w czyszczeniuzapewnia termoizolacj\u0119 od pod\u0142o\u017ca,zaprojektowana tak, aby wpiera\u0107 rozw\u00f3j dzieci.Bezpieczna:nie rwie si\u0119,posiada antypo\u015blizgowe wypustki,rozwija motoryk\u0119 wi\u0119ksz\u0105 i mniejsz\u0105 u dzieci,nie zawiera Bisfenolu A (BPA), PVC, ftalan\u00f3w ani formamidu.Jako\u015b\u0107 premium:dopracowana w ka\u017cdym detalu,pi\u0119kny unikatowy wz\u00f3r opracowany przez Projektantk\u0119 specjalizuj\u0105c\u0105 si\u0119 w komunikacji wizualnej,spe\u0142nia rygorystyczne europejskie normy bezpiecze\u0144stwa,posiada Europejski Certyfikat CE oraz testy EN71-1 , EN71-2, EN71-3.Nukidonowa marka skupiona na dzieci\u0119cych potrzebachMarka Nukido powsta\u0142a, aby produkty dla dzieci, by\u0142y nie tylko funkcjonale, ale r\u00f3wnie\u017c \u0142adne i estetyczne.Maty zosta\u0142y opracowane przez Projektantk\u0119 z Akademii Sztuk Pi\u0119knych w Gda\u0144sku. Specjalizuj\u0105cej si\u0119 w komunikacji wizualnej, z szerokim do\u015bwiadczeniem w projektowaniu produkt\u00f3w przeznaczonych dla dzieci, dzi\u0119ki temu mo\u017cesz mie\u0107 pewno\u015b\u0107, \u017ce mata b\u0119dzie odpowiada\u0142a potrzebom Twojego dziecka.Idealnie dobrane kolory, wspieraj\u0105 rozw\u00f3j dziecka, a dzi\u0119ki specjalnie zaprojektowanym wzorom, mata zostanie z dzieckiem na d\u0142u\u017cej.Maty s\u0105 zapakowane w karton, kt\u00f3ry mo\u017cna pokolorowa\u0107, idealnie nadaj\u0105 si\u0119 na prezent!Bezpiecze\u0144stwo Twojego dziecka jest dla nas najwa\u017cniejszeWykonana z bezzapachowej, najwy\u017cszej jako\u015bci pianki XPE, bezpiecznej dla Twojego malucha. Bardzo gruba pianka (1cm!) amortyzuje przed upadkiem na tward\u0105 pod\u0142og\u0119.Mata piankowa jest bardzo prosta w czyszczeniu, wystarczy j\u0105 tylko przetrze\u0107 wilgotn\u0105 chusteczk\u0105 lub przemy\u0107 pod bie\u017c\u0105c\u0105 wod\u0105.Mata jest idealna dla dzieci sk\u0142onnych do alergii, gdy\u017c nie gromadzi kurzu ani roztoczy.Nie zawiera Bisfenolu A (BPA), PVC, ftalan\u00f3w ani formamidu.Spe\u0142nia rygorystyczne europejskie normy bezpiecze\u0144stwa,posiada Europejski Certyfikat CE oraz testy EN71-1 , EN71-2, EN71-3.Wiele zastosowa\u0144!Zapewnia termoizolacj\u0119 od pod\u0142o\u017ca i idealnie nada si\u0119:do nauki raczkowania i chodzenia,na piknik,do wielu zabaw,do wsp\u00f3lnych \u0107wicze\u0144,do zabawy w pokazywanie element\u00f3w umieszczonych na macie,ze wzgl\u0119du na swoj\u0105 grubo\u015b\u0107 mata idealnie sprawdzi si\u0119 na ka\u017cdym twardym pod\u0142o\u017cu takim jak kafle czy kostka brukowa.2w1Mata jest dwustronna.Mata jest skierowana do dzieci w r\u00f3\u017cnym wieku, dlatego zosta\u0142a zaprojektowana tak, \u017ceby wspiera\u0107 rozw\u00f3j zar\u00f3wno malucha, jak i przedszkolaka.B\u0142yskawicznie sk\u0142adana \u2014 zabierzesz j\u0105 wsz\u0119dzie!Dzi\u0119ki specjalnym wyt\u0142oczeniom mata mo\u017ce by\u0107 wielokrotnie sk\u0142adana i nie uszkodzi si\u0119.Specjalna technologia wyt\u0142aczania na gor\u0105co zwi\u0119ksza \u017cywotno\u015b\u0107 maty \u2014 wybierz najwy\u017csz\u0105 jako\u015b\u0107.Wodoodporna, gruba i wytrzyma\u0142a.\u0141atwe przechowywanieModne kolory sprawdz\u0105 si\u0119 w ka\u017cdym pomieszczeniu, w dowolnej aran\u017cacji. Mata stanie si\u0119 estetycznym dodatkiem i pomo\u017ce roz\u015bwietli\u0107 wn\u0119trze.Mat\u0119 mo\u017cesz swobodnie wykorzysta\u0107 w pokoju dzieci\u0119cym zamiast dywanu. Je\u015bli potrzebujesz stworzy\u0107 przytulny k\u0105cik w pomieszczeniu, w kt\u00f3rym s\u0105 po\u0142o\u017cone zimne kafelki lub twarde panele \u2014 to idealny produkt dla Ciebie.Mata jest prosta w przechowywaniu, wystarczy z\u0142o\u017cy\u0107 i gotowe!Stw\u00f3rz przyjazne i eleganckie miejsce w ka\u017cdej przestrzeni<\/p>\n<h2>Nukido Mata Piankowa Sk\u0142adana 200x150x1cm NK-341 <\/h2>\n<p>zagadki wiosenne dla dzieci, kolorowanki konie z je\u017ad\u017acem, sa\u0142atki dla dzieci, jedzie poci\u0105g z daleka tekst, karty pracy dla dzieci z ukrainy, ka\u0142u\u017cy\u015bci, karolcia test z lektury, traktor z przyczep\u0105 kolorowanka do druku, quiz o flagach, bajki do czytania psi patrol, kaligrafia nauka pisania wyraz\u00f3w dla dzieci do druku pdf, spongebob kolorowanka, trudne zagadki dla dzieci, kolorowanki do druku super zings, zagadki logiczne dla doros\u0142ych, ale kino program, liwia, ci\u0119\u017ckie zagadki, nauka zegara zegar do druku, ko\u0142ysanki dla dzieci + tekst, kolorowanki pikachu<\/p>\n<p>yyyyy<\/p>\n<p>&nbsp;<\/p>\n","protected":false},"excerpt":{"rendered":"<p>Mata piankowa sk\u0142adana NukidoTa wyj\u0105tkowa du\u017cask\u0142adana mata o wymiarze 200&#215;150 cm, kt\u00f3ra ma wiele praktycznych zastosowa\u0144. Zapewni Twojemu dziecku komfort podczas zabawy oraz nauki raczkowania!Komfortowa i funkcjonalna:lekka,sk\u0142adana,dwustronna,gruba i wytrzyma\u0142a,\u0142atwa w czyszczeniuzapewnia termoizolacj\u0119 od pod\u0142o\u017ca,zaprojektowana tak, aby wpiera\u0107 rozw\u00f3j dzieci.Bezpieczna:nie rwie si\u0119,posiada antypo\u015blizgowe wypustki,rozwija motoryk\u0119 wi\u0119ksz\u0105 i mniejsz\u0105 u dzieci,nie zawiera Bisfenolu A (BPA), PVC, ftalan\u00f3w [&hellip;]<\/p>\n","protected":false},"featured_media":7363,"comment_status":"closed","ping_status":"open","template":"","meta":[],"product_cat":[55],"product_tag":[593,797,591,608],"class_list":["post-7362","product","type-product","status-publish","has-post-thumbnail","hentry","product_cat-maty-edukacyjne","product_tag-jak-narysowac-konia","product_tag-kiekrz","product_tag-quiz-o-minecraft","product_tag-zagadki-i-odpowiedzi"],"_links":{"self":[{"href":"http:\/\/klubmamgdynia.pl\/index.php\/wp-json\/wp\/v2\/product\/7362","targetHints":{"allow":["GET"]}}],"collection":[{"href":"http:\/\/klubmamgdynia.pl\/index.php\/wp-json\/wp\/v2\/product"}],"about":[{"href":"http:\/\/klubmamgdynia.pl\/index.php\/wp-json\/wp\/v2\/types\/product"}],"replies":[{"embeddable":true,"href":"http:\/\/klubmamgdynia.pl\/index.php\/wp-json\/wp\/v2\/comments?post=7362"}],"wp:featuredmedia":[{"embeddable":true,"href":"http:\/\/klubmamgdynia.pl\/index.php\/wp-json\/wp\/v2\/media\/7363"}],"wp:attachment":[{"href":"http:\/\/klubmamgdynia.pl\/index.php\/wp-json\/wp\/v2\/media?parent=7362"}],"wp:term":[{"taxonomy":"product_cat","embeddable":true,"href":"http:\/\/klubmamgdynia.pl\/index.php\/wp-json\/wp\/v2\/product_cat?post=7362"},{"taxonomy":"product_tag","embeddable":true,"href":"http:\/\/klubmamgdynia.pl\/index.php\/wp-json\/wp\/v2\/product_tag?post=7362"}],"curies":[{"name":"wp","href":"https:\/\/api.w.org\/{rel}","templated":true}]}}