{"id":7364,"date":"2011-08-11T03:07:06","date_gmt":"2011-08-11T01:07:06","guid":{"rendered":"http:\/\/klubmamgdynia.pl\/index.php\/produkt\/sinulan-forte-express-aerozol-15-ml\/"},"modified":"2026-04-27T11:04:15","modified_gmt":"2026-04-27T09:04:15","slug":"sinulan-forte-express-aerozol-15-ml","status":"publish","type":"product","link":"http:\/\/klubmamgdynia.pl\/index.php\/produkt\/sinulan-forte-express-aerozol-15-ml\/","title":{"rendered":"Sinulan Forte Express aerozol 15 ml"},"content":{"rendered":"<p>Sinulan Express Forte to wyr\u00f3b medyczny w postaci aerozolu do nosa do zastosowania w leczeniu objaw\u00f3w zapalenia zatok przynosowych i nie\u017cytu nosa r\u00f3\u017cnego pochodzenia.                            <\/p>\n<p>            Sinulan Forte Express aerozol 15 ml<\/p>\n<p>Ma innowacyjny i opatentowany sk\u0142ad z unikalnym mechanizmem dzia\u0142ania. Obkurcza naczynia b\u0142ony \u015bluzowej, dzi\u0119ki czemu odtyka nos, dzia\u0142a przeciwb\u00f3lowo, eliminuje bakterie i wirusy, a tak\u017ce chroni powierzchni\u0119 b\u0142ony \u015bluzowej nosa przed wysuszeniem, podra\u017cnieniami oraz czynnikami zewn\u0119trznymi. Dzia\u0142a szybko &#8211; po 15 minutach od aplikacji &#8211; obkurcza naczynia b\u0142ony \u015bluzowej nosa, dzi\u0119ki czemu odtyka nos, jednocze\u015bnie redukuje przyczyny problemu, a przy tym nie wysusza b\u0142ony \u015bluzowej. Wykazuje d\u0142ugotrwa\u0142e dzia\u0142anie i mo\u017ce by\u0107 stosowany przewlekle (powy\u017cej 7 dni). Nie podra\u017cnia, nie wysusza b\u0142ony \u015bluzowej nosa. Jest bezpieczny dla kobiet w ci\u0105\u017cy i matek karmi\u0105cych. Nie odnotowano dzia\u0142a\u0144 niepo\u017c\u0105danych po zastoswaniu preparatu.Wskazania: do stosowania w leczeniu objaw\u00f3w zapalenia zatok przynosowych i nie\u017cytu nosa r\u00f3\u017cnego pochodzenia; dla dzieci powy\u017cej 12. roku \u017cycia, i os\u00f3b doros\u0142ych, w tym dla kobiet w ci\u0105\u017cy i karmi\u0105cych piersi\u0105.                            <\/p>\n<p>            Stosowanie<\/p>\n<p>2-3 dawki do ka\u017cdego otworu nosowego, 2-3 razy dziennie, a w razie potrzeby cz\u0119\u015bciej, a\u017c do ca\u0142kowitego wyzdrowienia. <\/p>\n<p>Aplikowa\u0107 podczas wdechu. Ka\u017cdorazowo przez pierwszych 10-15 minut po zastosowaniu mo\u017ce by\u0107 odczuwalne delikatne mrowienie spowodowane mechanizmem dzia\u0142ania wyrobu Sinulan Express Forte. Je\u015bli podra\u017cnienie jest zbyt intensywne lub utrzymuje si\u0119 zbyt d\u0142ugo, zaleca si\u0119 zaprzestanie stosowania wyrobu ze wzgl\u0119du na mo\u017cliwo\u015b\u0107 reakcji alergicznej na jeden ze sk\u0142adnik\u00f3w wyrobu Sinulan Express Forte. Preparat wykazuje dzia\u0142anie oko\u0142o 10-15 minut po aplikacji, powoduj\u0105c znaczny wzrost wydobywania si\u0119 wydzieliny z nosa. Przez ten czas nie nale\u017cy wykonywa\u0107 powt\u00f3rnej aplikacji. Nasilenie wydobywania si\u0119 wydzieliny z nosa mo\u017ce trwa\u0107 nawet 4-6 godzin, w zale\u017cno\u015bci od pocz\u0105tkowego stopnia zablokowania dr\u00f3g nosowych (przekrwienia b\u0142ony \u015bluzowej nosa). Nale\u017cy si\u0119 skontaktowa\u0107 z lekarzem, je\u015bli w ci\u0105gu 7 dni stosowania aerozolu do nosa Sinulan Express Forte objawy nie ust\u0105pi\u0105.                            <\/p>\n<p>            Sk\u0142ad<\/p>\n<p>Filmogen II-giej generacji (glicerol, hydroksypropyloceluloza), woda, olejki eteryczne: Eucalyptus globulus, Mentha piperita, Rosmarinus officinalis, Thymus satureioides.<\/p>\n<h2>Sinulan Forte Express aerozol 15 ml STADA<\/h2>\n<p>tr\u00f3jmiasto atrakcje dla dzieci, zabawy z pi\u0142k\u0105 dla dzieci, znaczenie imienia milosz, kolorowanka pokemon, eksperymenty dla dzieci wulkan, li\u015bcie jesienne szablon, kolorowanka lego ninjago, kolorowe kredki tekst, rysunki do druku, szlaczki literopodobne<\/p>\n<p>yyyyy<\/p>\n<p>&nbsp;<\/p>\n","protected":false},"excerpt":{"rendered":"<p>Sinulan Express Forte to wyr\u00f3b medyczny w postaci aerozolu do nosa do zastosowania w leczeniu objaw\u00f3w zapalenia zatok przynosowych i nie\u017cytu nosa r\u00f3\u017cnego pochodzenia. Sinulan Forte Express aerozol 15 ml Ma innowacyjny i opatentowany sk\u0142ad z unikalnym mechanizmem dzia\u0142ania. Obkurcza naczynia b\u0142ony \u015bluzowej, dzi\u0119ki czemu odtyka nos, dzia\u0142a przeciwb\u00f3lowo, eliminuje bakterie i wirusy, a tak\u017ce [&hellip;]<\/p>\n","protected":false},"featured_media":7365,"comment_status":"closed","ping_status":"open","template":"","meta":[],"product_cat":[198,1584],"product_tag":[838,696,717,635],"class_list":["post-7364","product","type-product","status-publish","has-post-thumbnail","hentry","product_cat-przeziebienie-i-grypa","product_cat-stada","product_tag-bajki-dla-dzieci-na-dobranoc","product_tag-film-rodzinny-o-swietach","product_tag-prezent-roczek","product_tag-znaki-drogowe-do-druku"],"_links":{"self":[{"href":"http:\/\/klubmamgdynia.pl\/index.php\/wp-json\/wp\/v2\/product\/7364","targetHints":{"allow":["GET"]}}],"collection":[{"href":"http:\/\/klubmamgdynia.pl\/index.php\/wp-json\/wp\/v2\/product"}],"about":[{"href":"http:\/\/klubmamgdynia.pl\/index.php\/wp-json\/wp\/v2\/types\/product"}],"replies":[{"embeddable":true,"href":"http:\/\/klubmamgdynia.pl\/index.php\/wp-json\/wp\/v2\/comments?post=7364"}],"wp:featuredmedia":[{"embeddable":true,"href":"http:\/\/klubmamgdynia.pl\/index.php\/wp-json\/wp\/v2\/media\/7365"}],"wp:attachment":[{"href":"http:\/\/klubmamgdynia.pl\/index.php\/wp-json\/wp\/v2\/media?parent=7364"}],"wp:term":[{"taxonomy":"product_cat","embeddable":true,"href":"http:\/\/klubmamgdynia.pl\/index.php\/wp-json\/wp\/v2\/product_cat?post=7364"},{"taxonomy":"product_tag","embeddable":true,"href":"http:\/\/klubmamgdynia.pl\/index.php\/wp-json\/wp\/v2\/product_tag?post=7364"}],"curies":[{"name":"wp","href":"https:\/\/api.w.org\/{rel}","templated":true}]}}