{"id":7366,"date":"2018-07-28T09:50:03","date_gmt":"2018-07-28T07:50:03","guid":{"rendered":"http:\/\/klubmamgdynia.pl\/index.php\/produkt\/multiuri-proszek-do-rozpuszczania-30-sasz\/"},"modified":"2026-05-17T20:53:57","modified_gmt":"2026-05-17T18:53:57","slug":"multiuri-proszek-do-rozpuszczania-30-sasz","status":"publish","type":"product","link":"http:\/\/klubmamgdynia.pl\/index.php\/produkt\/multiuri-proszek-do-rozpuszczania-30-sasz\/","title":{"rendered":"Multiuri proszek do rozpuszczania 30 sasz."},"content":{"rendered":"<p>MultiURI jest najnowszym, wielosk\u0142adnikowym produktem do zastosowania w profilaktyce i pomocniczo w leczeniu zaka\u017ce\u0144 dr\u00f3g moczowych, zar\u00f3wno pierwotnych, jak i nawracaj\u0105cych. Jest r\u00f3wnie\u017c polecany u wszystkich os\u00f3b, kt\u00f3re chc\u0105 wzmocni\u0107 naturalne mechanizmy obronne swojego organizmu.MultiURI mo\u017ce by\u0107 stosowany tak\u017ce w przypadku antybiotykoterapii, w celu szybszej odbudowy flory bakteryjnej jelit, co minimalizuje ryzyko niepo\u017c\u0105danych objaw\u00f3w gastrycznych.D-Mannoza: zwi\u0105zek chemiczny nale\u017c\u0105cy do grupy cukr\u00f3w prostych. Odmiana \u201eD\u201d wykazuje dzia\u0142anie przeciwbakteryjne poprzez blokowanie wypustek s\u0142u\u017c\u0105cych drobnoustrojom do przyczepiania si\u0119 do nab\u0142onka dr\u00f3g moczowych. Regularne przyjmowanie D-Mannozy utrudnia kolonizacj\u0119 dr\u00f3g moczowych przez bakterie chorobotw\u00f3rcze.Lactobacillus rhamnosus GG, Lactobacillus plantarum, Lactobacillus paracasei: bakterie (pa\u0142eczki kwasu mlekowego) wchodz\u0105ce w sk\u0142ad naturalnej flory bakteryjnej cz\u0142owieka. Te \u201edobre\u201d bakterie zapobiegaj\u0105 rozwojowi drobnoustroj\u00f3w chorobotw\u00f3rczych, wzmacniaj\u0105 uk\u0142ad odporno\u015bciowy i zapewniaj\u0105 prawid\u0142owe dzia\u0142anie przewodu pokarmowego.Laktoferyna: naturalne bia\u0142ko wykazuj\u0105ce dzia\u0142anie przeciwdrobnoustrojowe (pomaga w zwalczaniu bakterii chorobotw\u00f3rczych, grzyb\u00f3w, pierwotniak\u00f3w i wirus\u00f3w). Wspomaga naturalne mechanizmy odporno\u015bciowe.Ekstrakt z owoc\u00f3w \u017curawiny: zawiera zwi\u0105zki chemiczne o dzia\u0142aniu przeciwutleniaj\u0105cym, zmniejsza pH moczu i utrudnia przyczepianie si\u0119 bakterii do kom\u00f3rek nab\u0142onka w drogach moczowych.                            <\/p>\n<p>            Dawkowanie<\/p>\n<p>Doro\u015bli: 1 \u2013 2 saszetki dziennie, dzieci: 1 saszetka dziennie.Zawarto\u015b\u0107 saszetki nale\u017cy rozpu\u015bci\u0107 w 100ml letniej wody, dok\u0142adnie wymiesza\u0107 i wypi\u0107.                            <\/p>\n<p>            Sk\u0142ad<\/p>\n<p>Maltodekstryna; ekstrat z owoc\u00f3w \u017curawiny; regulator kwasowo\u015bci: kwas cytrynowy; barwnik: koncentrat buraka czerwonego; D-mannoza; aromaty; laktoferyna (bia\u0142ko mleka krowiego); substancja s\u0142odz\u0105ca; glikozydy stewiolowe; Lactobacillusrhamnosus, Lactobacillusplantarum oraz Lactobacillusparacasei (mog\u0105 zawiera\u0107 kazein\u0119 z mleka).100 ml (1 saszetka) zawiera:- warto\u015b\u0107 energetyczna 61kJ\/14 kcal,- t\u0142uszcze &lt;0,5g (w tym: kwasy t\u0142uszczowe nasycone 0g), w\u0119glowodany 3,2g (w tym: cukry &lt;0,5g), s\u00f3l 0g, b\u0142onnik &lt;0,5g; bia\u0142ko &lt;0,5g;- ekstrat z owoc\u00f3w \u017curawiny 250mg (w tym: proantocyjanidyny 62,5mg),- D-mannoza125mg, Laktoferyna 50mg, Lactobacillusrhamnosus17mg, Lactobacillusplantarum14mg, Lactobacillusparacasei 5,8mg.200ml (2 saszetki) zawieraj\u0105:- warto\u015b\u0107 energetyczna 122kJ\/28 kcal,- t\u0142uszcze &lt;0,5g (w tym: kwasy t\u0142uszczowe nasycone 0g); w\u0119glowodany 6,4g (w tym: cukry &lt;0,5g), s\u00f3l 0g, b\u0142onnik &lt;0,5g; bia\u0142ko &lt;0,5g;- ekstrakt z owoc\u00f3w \u017curawiny 500mg (w tym: proantocyjanidyny125mg)- D-mannoza250mg, Laktoferyna 100mg, Lactobacillusrhamnosus34mg, Lactobacillusplantarum28mg, Lactobacillusparacasei 11,6mg.<\/p>\n<h2>Multiuri proszek do rozpuszczania 30 sasz. Pluspharma<\/h2>\n<p>\u015bmieszne kanapki kanapki dla dzieci, natan imi\u0119, adriana znaczenie imienia, klockownia wroc\u0142aw, pa\u0144stwa miasta wz\u00f3r<\/p>\n<p>yyyyy<\/p>\n<p>&nbsp;<\/p>\n","protected":false},"excerpt":{"rendered":"<p>MultiURI jest najnowszym, wielosk\u0142adnikowym produktem do zastosowania w profilaktyce i pomocniczo w leczeniu zaka\u017ce\u0144 dr\u00f3g moczowych, zar\u00f3wno pierwotnych, jak i nawracaj\u0105cych. Jest r\u00f3wnie\u017c polecany u wszystkich os\u00f3b, kt\u00f3re chc\u0105 wzmocni\u0107 naturalne mechanizmy obronne swojego organizmu.MultiURI mo\u017ce by\u0107 stosowany tak\u017ce w przypadku antybiotykoterapii, w celu szybszej odbudowy flory bakteryjnej jelit, co minimalizuje ryzyko niepo\u017c\u0105danych objaw\u00f3w gastrycznych.D-Mannoza: [&hellip;]<\/p>\n","protected":false},"featured_media":7367,"comment_status":"closed","ping_status":"open","template":"","meta":[],"product_cat":[1585,193],"product_tag":[668,831,585,655,791],"class_list":["post-7366","product","type-product","status-publish","has-post-thumbnail","hentry","product_cat-pluspharma","product_cat-uklad-moczowy-i-plciowy","product_tag-atrakcje-dla-dzieci-wroclaw","product_tag-bruno","product_tag-kolorowanki-dla-chlopcow","product_tag-najlepsze-zagadki","product_tag-zagadki-na-myslenie"],"_links":{"self":[{"href":"http:\/\/klubmamgdynia.pl\/index.php\/wp-json\/wp\/v2\/product\/7366","targetHints":{"allow":["GET"]}}],"collection":[{"href":"http:\/\/klubmamgdynia.pl\/index.php\/wp-json\/wp\/v2\/product"}],"about":[{"href":"http:\/\/klubmamgdynia.pl\/index.php\/wp-json\/wp\/v2\/types\/product"}],"replies":[{"embeddable":true,"href":"http:\/\/klubmamgdynia.pl\/index.php\/wp-json\/wp\/v2\/comments?post=7366"}],"wp:featuredmedia":[{"embeddable":true,"href":"http:\/\/klubmamgdynia.pl\/index.php\/wp-json\/wp\/v2\/media\/7367"}],"wp:attachment":[{"href":"http:\/\/klubmamgdynia.pl\/index.php\/wp-json\/wp\/v2\/media?parent=7366"}],"wp:term":[{"taxonomy":"product_cat","embeddable":true,"href":"http:\/\/klubmamgdynia.pl\/index.php\/wp-json\/wp\/v2\/product_cat?post=7366"},{"taxonomy":"product_tag","embeddable":true,"href":"http:\/\/klubmamgdynia.pl\/index.php\/wp-json\/wp\/v2\/product_tag?post=7366"}],"curies":[{"name":"wp","href":"https:\/\/api.w.org\/{rel}","templated":true}]}}