{"id":7370,"date":"2020-02-10T18:29:56","date_gmt":"2020-02-10T17:29:56","guid":{"rendered":"http:\/\/klubmamgdynia.pl\/index.php\/produkt\/eve-lf105-105ah-lifepo4\/"},"modified":"2026-04-03T18:57:29","modified_gmt":"2026-04-03T16:57:29","slug":"eve-lf105-105ah-lifepo4","status":"publish","type":"product","link":"http:\/\/klubmamgdynia.pl\/index.php\/produkt\/eve-lf105-105ah-lifepo4\/","title":{"rendered":"EVE LF105 105Ah LiFePO4"},"content":{"rendered":"<p>EVE LF105 105Ah LiFePO4 3,2VPryzmatyczny akumulator nano-fosfatowy. Ogniwa s\u0105 szeroko stosowane w r\u00f3\u017cnych dziedzinach np.: rower elektryczny, motocykle, samochody, autobusy, trolejbusy.D\u0142uga \u017cywotno\u015b\u0107 Bez efektu pami\u0119ci Niskie samoroz\u0142adowanie Wysoka moc &#8222;szczytowa&#8221; D\u0142uga \u017cywotno\u015b\u0107\/niskie samoroz\u0142adowanie Du\u017ca g\u0119sto\u015b\u0107 energetyczna (mo\u017cna policzy\u0107 = Ah*V\/kg = Wh\/kg) Du\u017ca pojemno\u015b\u0107 przy wysokich pr\u0105dach \u0142adowania i roz\u0142adowaniaTrwa\u0142o\u015b\u0107: pow. 2500 cykli (80% pojemno\u015bci przy \u0142adowaniu pr\u0105dem 1C) Mo\u017cliwo\u015b\u0107 \u0142\u0105cznia w dowolne pakiety Dane techniczne:producent: EVE Energymodel: LF105napi\u0119cie: 3,2V pojemno\u015b\u0107: 105Ah napi\u0119cie \u0142adowania: 3.65V\u00b10,05V technologia: litowo-\u017celazowo-fosforanowa (LiFePO4) napi\u0119cie maksymalnego roz\u0142adowania: 2.5V maksymalny pr\u0105d \u0142adowania: 105Amaksymalny pr\u0105d roz\u0142adowania: 315Azakres temperatur pracy: \u0142adowanie: 0 &#8211; 55\u00b0C roz\u0142adowanie: -20 &#8211; 55\u00b0C wymiary: 36,7 x 130,3 x 200,5mmwaga: 2000g Karta katalogowaUwaga!Przy akumulatorach litowych nale\u017cy stosowa\u0107 uk\u0142ady zabezpieczaj\u0105ce PCB, kt\u00f3re chroni\u0105 ogniwa przed prze\u0142adowaniem, nadmiernym roz\u0142adowaniem, zwarciem oraz wyd\u0142u\u017caj\u0105 \u017cywotno\u015b\u0107 ogniw. Kupuj\u0105c akumulatorki akceptujesz warunki regulaminu z pkt. 18 o &#8222;Gwarancji ogniw Li-ion\/LiFePO4&#8221;.<\/p>\n<h2>EVE LF105 105Ah LiFePO4 EVE<\/h2>\n<p>prezent dla 7 letniej dziewczynki, labirynt psi patrol, wiosenna kolorowanka, gry i zabawy dla dzieci, jan pawe\u0142 2 rysunek \u0142atwy dla dzieci, karteczki wydruku wr\u00f3\u017cby andrzejkowe dla dzieci, pomys\u0142 na prezent dla nastolatk\u00f3w, afryka\u0144skie imiona<\/p>\n<p>yyyyy<\/p>\n<p>&nbsp;<\/p>\n","protected":false},"excerpt":{"rendered":"<p>EVE LF105 105Ah LiFePO4 3,2VPryzmatyczny akumulator nano-fosfatowy. Ogniwa s\u0105 szeroko stosowane w r\u00f3\u017cnych dziedzinach np.: rower elektryczny, motocykle, samochody, autobusy, trolejbusy.D\u0142uga \u017cywotno\u015b\u0107 Bez efektu pami\u0119ci Niskie samoroz\u0142adowanie Wysoka moc &#8222;szczytowa&#8221; D\u0142uga \u017cywotno\u015b\u0107\/niskie samoroz\u0142adowanie Du\u017ca g\u0119sto\u015b\u0107 energetyczna (mo\u017cna policzy\u0107 = Ah*V\/kg = Wh\/kg) Du\u017ca pojemno\u015b\u0107 przy wysokich pr\u0105dach \u0142adowania i roz\u0142adowaniaTrwa\u0142o\u015b\u0107: pow. 2500 cykli (80% pojemno\u015bci [&hellip;]<\/p>\n","protected":false},"featured_media":7371,"comment_status":"closed","ping_status":"open","template":"","meta":[],"product_cat":[435,1586],"product_tag":[731,579,799],"class_list":["post-7370","product","type-product","status-publish","has-post-thumbnail","hentry","product_cat-akumulatory-i-baterie-uniwersalne","product_cat-eve","product_tag-maly-ksiaze-cytaty","product_tag-quiz-opowiesci-z-narnii-lew-czarownica-i-stara-szafa","product_tag-zagadka-logiczna"],"_links":{"self":[{"href":"http:\/\/klubmamgdynia.pl\/index.php\/wp-json\/wp\/v2\/product\/7370","targetHints":{"allow":["GET"]}}],"collection":[{"href":"http:\/\/klubmamgdynia.pl\/index.php\/wp-json\/wp\/v2\/product"}],"about":[{"href":"http:\/\/klubmamgdynia.pl\/index.php\/wp-json\/wp\/v2\/types\/product"}],"replies":[{"embeddable":true,"href":"http:\/\/klubmamgdynia.pl\/index.php\/wp-json\/wp\/v2\/comments?post=7370"}],"wp:featuredmedia":[{"embeddable":true,"href":"http:\/\/klubmamgdynia.pl\/index.php\/wp-json\/wp\/v2\/media\/7371"}],"wp:attachment":[{"href":"http:\/\/klubmamgdynia.pl\/index.php\/wp-json\/wp\/v2\/media?parent=7370"}],"wp:term":[{"taxonomy":"product_cat","embeddable":true,"href":"http:\/\/klubmamgdynia.pl\/index.php\/wp-json\/wp\/v2\/product_cat?post=7370"},{"taxonomy":"product_tag","embeddable":true,"href":"http:\/\/klubmamgdynia.pl\/index.php\/wp-json\/wp\/v2\/product_tag?post=7370"}],"curies":[{"name":"wp","href":"https:\/\/api.w.org\/{rel}","templated":true}]}}