{"id":7372,"date":"2023-09-19T17:33:04","date_gmt":"2023-09-19T15:33:04","guid":{"rendered":"http:\/\/klubmamgdynia.pl\/?post_type=product&#038;p=7372"},"modified":"2026-04-07T12:53:04","modified_gmt":"2026-04-07T10:53:04","slug":"bobo-frut-sok-100-jablko-marchewka-dla-niemowlat-po-4-miesiacu-300ml","status":"publish","type":"product","link":"http:\/\/klubmamgdynia.pl\/index.php\/produkt\/bobo-frut-sok-100-jablko-marchewka-dla-niemowlat-po-4-miesiacu-300ml\/","title":{"rendered":"Bobo Frut Sok 100% Jab\u0142ko Marchewka dla niemowl\u0105t po 4 Miesi\u0105cu 300ml"},"content":{"rendered":"<p>Bobo Frut 100% sok jab\u0142ko marchewkaKompozycja jab\u0142ka i marchewki w smacznej formie soku, przeznaczona dla niemowl\u0105t po 4. miesi\u0105cu \u017cycia i starszych dzieci.                            <\/p>\n<p>Warto wiedzie\u0107                            <\/p>\n<p>Poznaj produkty Bobo Frut                            <\/p>\n<p>Tabela Warto\u015bci od\u017cywczych i sk\u0142adniki produktu\u00a0                            <\/p>\n<p>Sk\u0142adnikisok jab\u0142kowy (55%), jab\u0142ka (30%), marchew (15%), witamina CSpos\u00f3b przygotowania\u00a0                            <\/p>\n<p>Potrzebn\u0105 porcj\u0119 przelej do kubeczka.                            <\/p>\n<p>Podawaj w temperaturze pokojowej.                            <\/p>\n<p>Przed podaniem wymieszaj i sprawd\u017a temperatur\u0119 produktu.                            <\/p>\n<p>Po otwarciu przechowuj w zamkni\u0119tej butelce w lod\u00f3wce nie d\u0142u\u017cej ni\u017c 48 godzin.                            <\/p>\n<p>Przechowywanie: Zamkni\u0119te butelki przechowuj w temperaturze pokojowej.<\/p>\n<h2>Bobo Frut Sok 100% Jab\u0142ko Marchewka dla niemowl\u0105t po 4 Miesi\u0105cu 300ml Bobo Frut<\/h2>\n<p>pytania logiczne, miasto dzieci.pl, zagadki o zwierz\u0119tach domowych, anastazja imi\u0119, bezpieczne kosmetyki do makija\u017cu dla dzieci, wierszyki na lany poniedzia\u0142ek, co na prezent dla nastolatk\u00f3w, jakie prezenty na roczek, testy z lektury miko\u0142ajek, kolorowanki dla dziewczynek, mia imi\u0119, wiersz na dobranoc dla dzieci, karaluchy pod poduchy a szczypawki, kornelia, kolorowanki kotka, zabawy z 7 latkiem, kolorowanka dla dzieci<\/p>\n<p>yyyyy<\/p>\n<p>&nbsp;<\/p>\n","protected":false},"excerpt":{"rendered":"<p>Bobo Frut 100% sok jab\u0142ko marchewkaKompozycja jab\u0142ka i marchewki w smacznej formie soku, przeznaczona dla niemowl\u0105t po 4. miesi\u0105cu \u017cycia i starszych dzieci. Warto wiedzie\u0107 Poznaj produkty Bobo Frut Tabela Warto\u015bci od\u017cywczych i sk\u0142adniki produktu\u00a0 Sk\u0142adnikisok jab\u0142kowy (55%), jab\u0142ka (30%), marchew (15%), witamina CSpos\u00f3b przygotowania\u00a0 Potrzebn\u0105 porcj\u0119 przelej do kubeczka. Podawaj w temperaturze pokojowej. Przed [&hellip;]<\/p>\n","protected":false},"featured_media":7373,"comment_status":"closed","ping_status":"open","template":"","meta":[],"product_cat":[1587,515],"product_tag":[848,716,593,752,643,778],"class_list":["post-7372","product","type-product","status-publish","has-post-thumbnail","hentry","product_cat-bobo-frut","product_cat-herbatki-i-soki-dla-dzieci","product_tag-cytat-o-rodzinie","product_tag-filmy-animowane-o-swietach","product_tag-jak-narysowac-konia","product_tag-kuba-imie","product_tag-prezent-dla-17-latki","product_tag-zabawki-na-roczek-dla-chlopca"],"_links":{"self":[{"href":"http:\/\/klubmamgdynia.pl\/index.php\/wp-json\/wp\/v2\/product\/7372","targetHints":{"allow":["GET"]}}],"collection":[{"href":"http:\/\/klubmamgdynia.pl\/index.php\/wp-json\/wp\/v2\/product"}],"about":[{"href":"http:\/\/klubmamgdynia.pl\/index.php\/wp-json\/wp\/v2\/types\/product"}],"replies":[{"embeddable":true,"href":"http:\/\/klubmamgdynia.pl\/index.php\/wp-json\/wp\/v2\/comments?post=7372"}],"wp:featuredmedia":[{"embeddable":true,"href":"http:\/\/klubmamgdynia.pl\/index.php\/wp-json\/wp\/v2\/media\/7373"}],"wp:attachment":[{"href":"http:\/\/klubmamgdynia.pl\/index.php\/wp-json\/wp\/v2\/media?parent=7372"}],"wp:term":[{"taxonomy":"product_cat","embeddable":true,"href":"http:\/\/klubmamgdynia.pl\/index.php\/wp-json\/wp\/v2\/product_cat?post=7372"},{"taxonomy":"product_tag","embeddable":true,"href":"http:\/\/klubmamgdynia.pl\/index.php\/wp-json\/wp\/v2\/product_tag?post=7372"}],"curies":[{"name":"wp","href":"https:\/\/api.w.org\/{rel}","templated":true}]}}