{"id":7374,"date":"2023-08-24T01:36:46","date_gmt":"2023-08-23T23:36:46","guid":{"rendered":"http:\/\/klubmamgdynia.pl\/?post_type=product&#038;p=7374"},"modified":"2026-04-28T21:27:45","modified_gmt":"2026-04-28T19:27:45","slug":"dumel-discovery-digidinos-troy","status":"publish","type":"product","link":"http:\/\/klubmamgdynia.pl\/index.php\/produkt\/dumel-discovery-digidinos-troy\/","title":{"rendered":"Dumel Discovery Digidinos Troy"},"content":{"rendered":"<p>Troy w\u0119druj\u0105c przez d\u017cungl\u0119 szuka swojego najlepszego przyjaciela Simona, aby wsp\u00f3lnie \u015bpiewa\u0107 i weso\u0142o porykiwa\u0107.Terry uwielbia \u015bpiewa\u0107 i jego najwi\u0119kszym marzeniem jest wyst\u0119p na wielkiej scenie. Razem ze swoim przyjacielem Apollo \u0107wiczy \u015bpiew spaceruj\u0105c po lesie.Simon jest liderem wszystkich DigiDinos. Jego ryk jest znany wszystkim dinozaurom. Pod koniec ka\u017cdego dnia przyjaciele spotykaj\u0105 si\u0119 aby wsp\u00f3lnie od\u015bpiewa\u0107 klika piosenek.Skye jest najlepszym przyjacielem Maxa. Razem uwielbiaj\u0105 ta\u0144czy\u0107, \u015bpiewa\u0107 i porykiwa\u0107. Do swojego porannego ch\u00f3ru poszukuj\u0105 innych Digidinos.Max razem ze swoim przyjacielem Skye kochaj\u0105 \u015bpiewa\u0107 i weso\u0142o porykiwa\u0107. Spaceruj\u0105c po lesie staraj\u0105 si\u0119 przypomnie\u0107 sobie wszystkie piosenki jakie us\u0142yszeli od innych przyjaci\u00f3\u0142.Apollo jest bardzo przyjacielski i z ch\u0119ci\u0105 pomaga innym dinozaurom. Razem z przyjaci\u00f3\u0142mi przy zachodzie s\u0142o\u0144ca \u015bpiewa swoje ulubione piosenki.Dinozaury potrafi\u0105 \u015bpiewa\u0107 i porykiwa\u0107 a\u017c na 55 sposob\u00f3w.DigiDinos \u015bpiewaj\u0105 i porykuj\u0105 solo i w ch\u00f3rze.Kla\u015bnij i m\u00f3w do dinozaura, a on powt\u00f3rzy to co powiesz w j\u0119zyku Dino.\u015apiewaj\u0105 i porykuj\u0105 a\u017c na 55 sposob\u00f3w (tryb &#8222;on&#8221;\u2019)Mog\u0105 za\u015bpiewa\u0107 razem w ch\u00f3rze (tryb \u201cch\u00f3r\u201d)Pierwszy dinozaur, kt\u00f3rego w\u0142\u0105czymy jest liderem.Lider nadaje ton melodii i jej wyb\u00f3r.Ka\u017cdy z dinozaur\u00f3w posiada imi\u0119 oraz sw\u00f3j indywidualny charakter.Wiek:3+Wymiary opakowania : 11,5 x 6,0 x 11,0 cm<\/p>\n<h2>Dumel Discovery Digidinos Troy Silverlit<\/h2>\n<p>dawne ko\u0142ysanki teksty, imi\u0119 nela, opisy do zdj dziecka, nauka pisania wyraz\u00f3w dla dzieci do druku pdf, kolorowanka kotek, audiobooki dla dzieci za darmo, zagadki \u0142amig\u0142\u00f3wki, kartka walentynkow\u0105 przedszkole<\/p>\n<p>yyyyy<\/p>\n<p>&nbsp;<\/p>\n","protected":false},"excerpt":{"rendered":"<p>Troy w\u0119druj\u0105c przez d\u017cungl\u0119 szuka swojego najlepszego przyjaciela Simona, aby wsp\u00f3lnie \u015bpiewa\u0107 i weso\u0142o porykiwa\u0107.Terry uwielbia \u015bpiewa\u0107 i jego najwi\u0119kszym marzeniem jest wyst\u0119p na wielkiej scenie. Razem ze swoim przyjacielem Apollo \u0107wiczy \u015bpiew spaceruj\u0105c po lesie.Simon jest liderem wszystkich DigiDinos. Jego ryk jest znany wszystkim dinozaurom. Pod koniec ka\u017cdego dnia przyjaciele spotykaj\u0105 si\u0119 aby wsp\u00f3lnie [&hellip;]<\/p>\n","protected":false},"featured_media":7375,"comment_status":"closed","ping_status":"open","template":"","meta":[],"product_cat":[146,39],"product_tag":[687,786,764,653,822,778],"class_list":["post-7374","product","type-product","status-publish","has-post-thumbnail","hentry","product_cat-silverlit","product_cat-zabawki-interaktywne","product_tag-podchwytliwe-zagadki-matematyczne","product_tag-prezent-na-1-urodziny","product_tag-prezenty-na-roczek-dla-dziewczynki","product_tag-warszawa-dla-dzieci","product_tag-wierszyki-o-wakacjach-krotkie","product_tag-zabawki-na-roczek-dla-chlopca"],"_links":{"self":[{"href":"http:\/\/klubmamgdynia.pl\/index.php\/wp-json\/wp\/v2\/product\/7374","targetHints":{"allow":["GET"]}}],"collection":[{"href":"http:\/\/klubmamgdynia.pl\/index.php\/wp-json\/wp\/v2\/product"}],"about":[{"href":"http:\/\/klubmamgdynia.pl\/index.php\/wp-json\/wp\/v2\/types\/product"}],"replies":[{"embeddable":true,"href":"http:\/\/klubmamgdynia.pl\/index.php\/wp-json\/wp\/v2\/comments?post=7374"}],"wp:featuredmedia":[{"embeddable":true,"href":"http:\/\/klubmamgdynia.pl\/index.php\/wp-json\/wp\/v2\/media\/7375"}],"wp:attachment":[{"href":"http:\/\/klubmamgdynia.pl\/index.php\/wp-json\/wp\/v2\/media?parent=7374"}],"wp:term":[{"taxonomy":"product_cat","embeddable":true,"href":"http:\/\/klubmamgdynia.pl\/index.php\/wp-json\/wp\/v2\/product_cat?post=7374"},{"taxonomy":"product_tag","embeddable":true,"href":"http:\/\/klubmamgdynia.pl\/index.php\/wp-json\/wp\/v2\/product_tag?post=7374"}],"curies":[{"name":"wp","href":"https:\/\/api.w.org\/{rel}","templated":true}]}}