{"id":7376,"date":"2015-05-20T12:49:17","date_gmt":"2015-05-20T10:49:17","guid":{"rendered":"http:\/\/klubmamgdynia.pl\/index.php\/produkt\/tomy-jezdzik-john-deere\/"},"modified":"2026-04-03T15:53:52","modified_gmt":"2026-04-03T13:53:52","slug":"tomy-jezdzik-john-deere","status":"publish","type":"product","link":"http:\/\/klubmamgdynia.pl\/index.php\/produkt\/tomy-jezdzik-john-deere\/","title":{"rendered":"Tomy Je\u017adzik John Deere"},"content":{"rendered":"<p>Prawdziwa gratka dla m\u0142odych pasjonat\u00f3w traktor\u00f3w! Solidny je\u017adzik na licencji John Deere. Wyj\u0105tkowy je\u017adzik o unikatowym kszta\u0142cie i bezpiecznej konstrukcji. Szeroka podstawa sprawia, \u017ce pojazd jest stabilny, ponadto zosta\u0142 solidnie wykonany. Dla jeszcze lepszej zabawy traktor posiada wbudowany modu\u0142 d\u017awi\u0119kowy. Dzi\u0119ki niemu Maluch us\u0142yszy realistyczne odg\u0142osy silnika oraz weso\u0142e melodie. Je\u017adzik zosta\u0142 r\u00f3wnie\u017c wyposa\u017cony w kluczyk do stacyjki oraz kierunkowskazy z pod\u015bwietleniem. Wymiary: op. 60.5 x 32.5 x 4 cm<\/p>\n<h2>Tomy Je\u017adzik John Deere Tomy<\/h2>\n<p>prezent dla nastolatk\u00f3w ch\u0142opc\u00f3w, adriana znaczenie imienia, gabriel, cytaty o mi\u0142o\u015bci do dziecka, kolorowanki \u015bwi\u0105teczne do wydruku, li\u015bcie jesienne szablon, bursztynek, imi\u0119 nadia, wpad\u0142a bomba do piwnicy, wierszyki na lany poniedzia\u0142ek, literki do nauki pisania do druku, znaczenie imienia milosz, rzadkie imiona \u017ce\u0144skie polskie, mariola, prezent dla nastolatka, prezent roczek dziewczynka, logiczne zagadki dla dzieci, trudne zagadki<\/p>\n<p>yyyyy<\/p>\n<p>&nbsp;<\/p>\n","protected":false},"excerpt":{"rendered":"<p>Prawdziwa gratka dla m\u0142odych pasjonat\u00f3w traktor\u00f3w! Solidny je\u017adzik na licencji John Deere. Wyj\u0105tkowy je\u017adzik o unikatowym kszta\u0142cie i bezpiecznej konstrukcji. Szeroka podstawa sprawia, \u017ce pojazd jest stabilny, ponadto zosta\u0142 solidnie wykonany. Dla jeszcze lepszej zabawy traktor posiada wbudowany modu\u0142 d\u017awi\u0119kowy. Dzi\u0119ki niemu Maluch us\u0142yszy realistyczne odg\u0142osy silnika oraz weso\u0142e melodie. Je\u017adzik zosta\u0142 r\u00f3wnie\u017c wyposa\u017cony w [&hellip;]<\/p>\n","protected":false},"featured_media":7377,"comment_status":"closed","ping_status":"open","template":"","meta":[],"product_cat":[74,1327],"product_tag":[663,858,814,693,872],"class_list":["post-7376","product","type-product","status-publish","has-post-thumbnail","hentry","product_cat-jezdziki","product_cat-tomy","product_tag-kolorowanki-dla-dzieci-do-druku","product_tag-podchwytliwe-zagadki","product_tag-prezenty-dla-nastolatek","product_tag-zagadki-dla-doroslych","product_tag-zagadki-dla-dzieci-6-lat"],"_links":{"self":[{"href":"http:\/\/klubmamgdynia.pl\/index.php\/wp-json\/wp\/v2\/product\/7376","targetHints":{"allow":["GET"]}}],"collection":[{"href":"http:\/\/klubmamgdynia.pl\/index.php\/wp-json\/wp\/v2\/product"}],"about":[{"href":"http:\/\/klubmamgdynia.pl\/index.php\/wp-json\/wp\/v2\/types\/product"}],"replies":[{"embeddable":true,"href":"http:\/\/klubmamgdynia.pl\/index.php\/wp-json\/wp\/v2\/comments?post=7376"}],"wp:featuredmedia":[{"embeddable":true,"href":"http:\/\/klubmamgdynia.pl\/index.php\/wp-json\/wp\/v2\/media\/7377"}],"wp:attachment":[{"href":"http:\/\/klubmamgdynia.pl\/index.php\/wp-json\/wp\/v2\/media?parent=7376"}],"wp:term":[{"taxonomy":"product_cat","embeddable":true,"href":"http:\/\/klubmamgdynia.pl\/index.php\/wp-json\/wp\/v2\/product_cat?post=7376"},{"taxonomy":"product_tag","embeddable":true,"href":"http:\/\/klubmamgdynia.pl\/index.php\/wp-json\/wp\/v2\/product_tag?post=7376"}],"curies":[{"name":"wp","href":"https:\/\/api.w.org\/{rel}","templated":true}]}}