{"id":7378,"date":"2011-02-20T14:14:25","date_gmt":"2011-02-20T13:14:25","guid":{"rendered":"http:\/\/klubmamgdynia.pl\/index.php\/produkt\/apotheke-herbatka-dla-dzieci-ziolowa-20-saszetek-po-15g\/"},"modified":"2026-05-17T22:43:13","modified_gmt":"2026-05-17T20:43:13","slug":"apotheke-herbatka-dla-dzieci-ziolowa-20-saszetek-po-15g","status":"publish","type":"product","link":"http:\/\/klubmamgdynia.pl\/index.php\/produkt\/apotheke-herbatka-dla-dzieci-ziolowa-20-saszetek-po-15g\/","title":{"rendered":"Apotheke Herbatka Dla Dzieci Zio\u0142owa 20 Saszetek Po 15G"},"content":{"rendered":"<p>Wskazania i w\u0142a\u015bciwo\u015bci:Herbata do codziennego spo\u017cycia, wzmacnia organizm dziecka. Dla dzieci powy\u017cej 6 miesi\u0105ca.Spos\u00f3b u\u017cycia:Wskazane dawkowanie: 2 &#8211; 3 szklanki dziennie.Sk\u0142ad:Li\u015b\u0107 je\u017cyny (Folium Rubi Fruticosi), li\u015b\u0107 czarnej porzeczki (Folium Ribis Nigri), jab\u0142ko (Fructus Mali Dom), li\u015b\u0107 maliny (Folium Rubi Idaei), ziele lebiodki (Herba Origani), owoc dzikiej r\u00f3\u017cy (Fructus Cynosbati).Opakowanie: 20 saszetek<\/p>\n<h2>Apotheke Herbatka Dla Dzieci Zio\u0142owa 20 Saszetek Po 15G Apotheke<\/h2>\n<p>kolorowanki z bajek, opisy do zdj dziecka, cytat na dzie\u0144 matki, bruno, quiz bo\u017ce narodzenie, kawaly na prima aprilis, pomysly na prezent na roczek, proste dekoracje bo\u017conarodzeniowe dla dzieci, zaproszenia do druku, kuba imie, co \u0142apie ale nie rzuca, gra kulki, szymon znaczenie imiona, milena imie, cytat o dziecku<\/p>\n<p>yyyyy<\/p>\n<p>&nbsp;<\/p>\n","protected":false},"excerpt":{"rendered":"<p>Wskazania i w\u0142a\u015bciwo\u015bci:Herbata do codziennego spo\u017cycia, wzmacnia organizm dziecka. Dla dzieci powy\u017cej 6 miesi\u0105ca.Spos\u00f3b u\u017cycia:Wskazane dawkowanie: 2 &#8211; 3 szklanki dziennie.Sk\u0142ad:Li\u015b\u0107 je\u017cyny (Folium Rubi Fruticosi), li\u015b\u0107 czarnej porzeczki (Folium Ribis Nigri), jab\u0142ko (Fructus Mali Dom), li\u015b\u0107 maliny (Folium Rubi Idaei), ziele lebiodki (Herba Origani), owoc dzikiej r\u00f3\u017cy (Fructus Cynosbati).Opakowanie: 20 saszetek Apotheke Herbatka Dla Dzieci [&hellip;]<\/p>\n","protected":false},"featured_media":7379,"comment_status":"closed","ping_status":"open","template":"","meta":[],"product_cat":[1588,515],"product_tag":[807,587,649,869],"class_list":["post-7378","product","type-product","status-publish","has-post-thumbnail","hentry","product_cat-apotheke","product_cat-herbatki-i-soki-dla-dzieci","product_tag-logiczne-zagadki","product_tag-skalne-miasto","product_tag-zagadki-dla-nastolatkow","product_tag-zagadki-na-logike"],"_links":{"self":[{"href":"http:\/\/klubmamgdynia.pl\/index.php\/wp-json\/wp\/v2\/product\/7378","targetHints":{"allow":["GET"]}}],"collection":[{"href":"http:\/\/klubmamgdynia.pl\/index.php\/wp-json\/wp\/v2\/product"}],"about":[{"href":"http:\/\/klubmamgdynia.pl\/index.php\/wp-json\/wp\/v2\/types\/product"}],"replies":[{"embeddable":true,"href":"http:\/\/klubmamgdynia.pl\/index.php\/wp-json\/wp\/v2\/comments?post=7378"}],"wp:featuredmedia":[{"embeddable":true,"href":"http:\/\/klubmamgdynia.pl\/index.php\/wp-json\/wp\/v2\/media\/7379"}],"wp:attachment":[{"href":"http:\/\/klubmamgdynia.pl\/index.php\/wp-json\/wp\/v2\/media?parent=7378"}],"wp:term":[{"taxonomy":"product_cat","embeddable":true,"href":"http:\/\/klubmamgdynia.pl\/index.php\/wp-json\/wp\/v2\/product_cat?post=7378"},{"taxonomy":"product_tag","embeddable":true,"href":"http:\/\/klubmamgdynia.pl\/index.php\/wp-json\/wp\/v2\/product_tag?post=7378"}],"curies":[{"name":"wp","href":"https:\/\/api.w.org\/{rel}","templated":true}]}}