{"id":738,"date":"2011-11-20T02:21:37","date_gmt":"2011-11-20T01:21:37","guid":{"rendered":"http:\/\/klubmamgdynia.pl\/index.php\/produkt\/gra-planszowa-7-cudow-swiata-pojedynek-agora-nowa-edycja\/"},"modified":"2026-04-17T08:55:05","modified_gmt":"2026-04-17T06:55:05","slug":"gra-planszowa-7-cudow-swiata-pojedynek-agora-nowa-edycja","status":"publish","type":"product","link":"http:\/\/klubmamgdynia.pl\/index.php\/produkt\/gra-planszowa-7-cudow-swiata-pojedynek-agora-nowa-edycja\/","title":{"rendered":"Gra planszowa 7 Cud\u00f3w \u015awiata Pojedynek Agora (Nowa Edycja)"},"content":{"rendered":"<p>\u00a07 Cud\u00f3w \u015awiata: Pojedynek &#8211; Agora \u00a0Podczas posiedze\u0144 senatu zapadaj\u0105 decyzje, kt\u00f3re zawa\u017c\u0105 na losach cywilizacji. Tymczasem w ciemnych korytarzach spiskowcy realizuj\u0105 w\u0142asne cele&#8230;                            <\/p>\n<p>\u00a0Dodatek Agora wprowadza senator\u00f3w, kt\u00f3rzy d\u0105\u017c\u0105 do zwi\u0119kszenia swoich wp\u0142yw\u00f3w. Z ich udzia\u0142em spr\u00f3bujecie przej\u0105\u0107 kontrol\u0119 nad przebiegiem posiedze\u0144, by czerpa\u0107 korzy\u015bci z wydawanych dekret\u00f3w. B\u0119dziecie te\u017c mogli zwr\u00f3ci\u0107 si\u0119 o pomoc do spiskowc\u00f3w, kt\u00f3rzy swoimi knowaniami mog\u0105 zupe\u0142nie zmieni\u0107 uk\u0142ad si\u0142.<br \/>\n\u00a0Dodatek wprowadza r\u00f3wnie\u017c nowy warunek zwyci\u0119stwa: dominacj\u0119 polityczn\u0105.<br \/>\n\u00a0Je\u015bli masz ochot\u0119, mo\u017cesz po\u0142\u0105czy\u0107 ten dodatek nie tylko z podstawow\u0105 wersj\u0105 gry, ale r\u00f3wnie\u017c z Panteonem! W\u00f3wczas Twoje rozgrywki b\u0119d\u0105 jeszcze bardziej rozbudowane.\u00a0                            <\/p>\n<p>\u00a0Co wnosi dodatek?<br \/>\nPole rozgrywki zostaje rozszerzone o plansz\u0119 senatu podzielon\u0105 na 6 sal posiedze\u0144. Za pomoc\u0105 nowych kart senator\u00f3w (kt\u00f3re dok\u0142adamy do kart epok) b\u0119dziemy zdobywali wp\u0142ywy w konkretnych salach, co zapewni nam profity w trakcie gry oraz pod koniec.<br \/>\nZwi\u0105zany z tym nowy warunek ko\u0144ca gry: je\u015bli jeden z graczy b\u0119dzie kontrolowa\u0142 wszystkie 6 sal posiedze\u0144 senatu, natychmiast wygrywa.<br \/>\nKarty spisku reprezentuj\u0105ce tajne dzia\u0142ania, kt\u00f3re mo\u017cemy przygotowa\u0107 i aktywowa\u0107 w karcie gry.<br \/>\n2 nowe cuda, 2 nowe \u017cetony post\u0119pu oraz znaczniki militarne, kt\u00f3re odnosz\u0105 si\u0119 \u015bci\u015ble do tego dodatku.\u00a0                            <\/p>\n<p>\u00a0Czym jest 7 Cud\u00f3w \u015awiata: Pojedynek? To dwuosobowa gra o prostej mechanice, kt\u00f3ra oferuje uczestnikom bardzo wiele ciekawych wybor\u00f3w, jednocze\u015bnie posiadaj\u0105c kilka dr\u00f3g wiod\u0105cych do zwyci\u0119stwa. Stanowi kwintesencj\u0119 gier dwuosobowych, w kt\u00f3rych stale musimy kontrolowa\u0107 poczynania przeciwnika, by nie dopu\u015bci\u0107 do jego zwyci\u0119stwa. Powsta\u0142a w oparciu o popularn\u0105 seri\u0119 gier ekonomicznych.\u00a0                            <\/p>\n<p>Autor:<br \/>\nAntoine Bauza, Bruno Cathala<br \/>\nIlustrator:<br \/>\nMiguel Coimbra<br \/>\nWydawca:<br \/>\nRebel<br \/>\n\u00a0Zawarto\u015b\u0107 pude\u0142ka:<br \/>\nplansza Senatu<br \/>\n24 znaczniki Wp\u0142ywu<br \/>\n13 kart Senator\u00f3w<br \/>\n2 karty Cud\u00f3w<br \/>\n16 kart Spisku<br \/>\n16 \u017ceton\u00f3w Dekret\u00f3w<br \/>\n2 \u017cetony post\u0119pu<br \/>\n4 znaczniki militarne<br \/>\nnotes punktacji<br \/>\nkarta pomocy<br \/>\ninstrukcja\u00a0<\/p>\n<h2>Gra planszowa 7 Cud\u00f3w \u015awiata Pojedynek Agora (Nowa Edycja) Rebel<\/h2>\n<p>prezenty dla nastolatek, zagadki podchwytliwe, o b\u0142\u0119dne dyktando, prezenty urodzinowe dla nastolatk\u00f3w, ida swieta wielkanocne ida swieta, prezent dla 7 latka, jagna, rodzina sentencja, \u0142amig\u0142\u00f3wki dla dzieci, jak narysowa\u0107 \u017cab\u0119, cytaty o dzieciach, trudne zagadki na inteligencj\u0119, cytaty o rodzicach, kolorowanki lego ninjago, pomys\u0142 na prezent dla 15 latki, podzi\u0119kowania dla nauczyciela cytaty, atrakcje dla dzieci trojmiasto, adela, opowie\u015bci z narnii lew czarownica i stara szafa quiz, kolorowanki antystresowe<\/p>\n<p>yyyyy<\/p>\n<p>&nbsp;<\/p>\n","protected":false},"excerpt":{"rendered":"<p>\u00a07 Cud\u00f3w \u015awiata: Pojedynek &#8211; Agora \u00a0Podczas posiedze\u0144 senatu zapadaj\u0105 decyzje, kt\u00f3re zawa\u017c\u0105 na losach cywilizacji. Tymczasem w ciemnych korytarzach spiskowcy realizuj\u0105 w\u0142asne cele&#8230; \u00a0Dodatek Agora wprowadza senator\u00f3w, kt\u00f3rzy d\u0105\u017c\u0105 do zwi\u0119kszenia swoich wp\u0142yw\u00f3w. Z ich udzia\u0142em spr\u00f3bujecie przej\u0105\u0107 kontrol\u0119 nad przebiegiem posiedze\u0144, by czerpa\u0107 korzy\u015bci z wydawanych dekret\u00f3w. B\u0119dziecie te\u017c mogli zwr\u00f3ci\u0107 si\u0119 o [&hellip;]<\/p>\n","protected":false},"featured_media":739,"comment_status":"closed","ping_status":"open","template":"","meta":[],"product_cat":[235,219],"product_tag":[626,771,628,805],"class_list":["post-738","product","type-product","status-publish","has-post-thumbnail","hentry","product_cat-gry-planszowe","product_cat-rebel","product_tag-jacek","product_tag-stolice-europy-quiz","product_tag-zagadka","product_tag-znaczenie-imienia-alan"],"_links":{"self":[{"href":"http:\/\/klubmamgdynia.pl\/index.php\/wp-json\/wp\/v2\/product\/738","targetHints":{"allow":["GET"]}}],"collection":[{"href":"http:\/\/klubmamgdynia.pl\/index.php\/wp-json\/wp\/v2\/product"}],"about":[{"href":"http:\/\/klubmamgdynia.pl\/index.php\/wp-json\/wp\/v2\/types\/product"}],"replies":[{"embeddable":true,"href":"http:\/\/klubmamgdynia.pl\/index.php\/wp-json\/wp\/v2\/comments?post=738"}],"wp:featuredmedia":[{"embeddable":true,"href":"http:\/\/klubmamgdynia.pl\/index.php\/wp-json\/wp\/v2\/media\/739"}],"wp:attachment":[{"href":"http:\/\/klubmamgdynia.pl\/index.php\/wp-json\/wp\/v2\/media?parent=738"}],"wp:term":[{"taxonomy":"product_cat","embeddable":true,"href":"http:\/\/klubmamgdynia.pl\/index.php\/wp-json\/wp\/v2\/product_cat?post=738"},{"taxonomy":"product_tag","embeddable":true,"href":"http:\/\/klubmamgdynia.pl\/index.php\/wp-json\/wp\/v2\/product_tag?post=738"}],"curies":[{"name":"wp","href":"https:\/\/api.w.org\/{rel}","templated":true}]}}