{"id":7380,"date":"2011-09-20T06:11:03","date_gmt":"2011-09-20T04:11:03","guid":{"rendered":"http:\/\/klubmamgdynia.pl\/index.php\/produkt\/eve-1-2-aa-er14250\/"},"modified":"2026-04-04T02:12:10","modified_gmt":"2026-04-04T00:12:10","slug":"eve-1-2-aa-er14250","status":"publish","type":"product","link":"http:\/\/klubmamgdynia.pl\/index.php\/produkt\/eve-1-2-aa-er14250\/","title":{"rendered":"EVE 1\/2 AA (ER14250)"},"content":{"rendered":"<p>Bateria litowa o napi\u0119ciu wyj\u015bciowym 3,6 V oraz wymiarach 14.5 x 25.4 mm.Cechy produktu:\u00b7 Typ baterii: litowa\u00b7 Napi\u0119cie znamionowe: 3.6 V\u00b7 Rozmiar ogniwa: 1\/2AA, 1\/2R6\u00b7 Wymiary zewn\u0119trzne: O14.5 x 25.4 mm\u00b7 Pojemno\u015b\u0107: 1200 mAh\u00b7 Waga: 10 g<\/p>\n<h2>EVE 1\/2 AA (ER14250) EVE<\/h2>\n<p>co kupi\u0107 na roczek dla dziewczynki, pomys\u0142 na prezent dla 7 latki, quiz flagi \u015bwiata, co robi\u0107 z dzieckiem w warszawie, kolorowanki do druku dla ch\u0142opc\u00f3w, dyplomy do druku, wzruszaj\u0105ce s\u0142owa dla przyjaciela, zagadki przyrodnicze, jagna imi\u0119, mini zoo warszawa, andrea, zagadki dla dzieci 7-8 lat online, m\u0105dre bajki dla dzieci do czytania, opowiadanie o miko\u0142aju dla przedszkolak\u00f3w, znaczenie imiona kinga, quiz o zwierz\u0119tach domowych, zagadki z odpowiedziami \u015bmieszne, \u0142amig\u0142\u00f3wki logiczne, wzory dyplom\u00f3w dyplomy do druku, prezent dla jedenastolatka<\/p>\n<p>yyyyy<\/p>\n<p>&nbsp;<\/p>\n","protected":false},"excerpt":{"rendered":"<p>Bateria litowa o napi\u0119ciu wyj\u015bciowym 3,6 V oraz wymiarach 14.5 x 25.4 mm.Cechy produktu:\u00b7 Typ baterii: litowa\u00b7 Napi\u0119cie znamionowe: 3.6 V\u00b7 Rozmiar ogniwa: 1\/2AA, 1\/2R6\u00b7 Wymiary zewn\u0119trzne: O14.5 x 25.4 mm\u00b7 Pojemno\u015b\u0107: 1200 mAh\u00b7 Waga: 10 g EVE 1\/2 AA (ER14250) EVE co kupi\u0107 na roczek dla dziewczynki, pomys\u0142 na prezent dla 7 latki, quiz [&hellip;]<\/p>\n","protected":false},"featured_media":7381,"comment_status":"closed","ping_status":"open","template":"","meta":[],"product_cat":[435,1586],"product_tag":[833,822,715],"class_list":["post-7380","product","type-product","status-publish","has-post-thumbnail","hentry","product_cat-akumulatory-i-baterie-uniwersalne","product_cat-eve","product_tag-bajki-dla-dzieci-do-czytania","product_tag-wierszyki-o-wakacjach-krotkie","product_tag-zosia-samosia"],"_links":{"self":[{"href":"http:\/\/klubmamgdynia.pl\/index.php\/wp-json\/wp\/v2\/product\/7380","targetHints":{"allow":["GET"]}}],"collection":[{"href":"http:\/\/klubmamgdynia.pl\/index.php\/wp-json\/wp\/v2\/product"}],"about":[{"href":"http:\/\/klubmamgdynia.pl\/index.php\/wp-json\/wp\/v2\/types\/product"}],"replies":[{"embeddable":true,"href":"http:\/\/klubmamgdynia.pl\/index.php\/wp-json\/wp\/v2\/comments?post=7380"}],"wp:featuredmedia":[{"embeddable":true,"href":"http:\/\/klubmamgdynia.pl\/index.php\/wp-json\/wp\/v2\/media\/7381"}],"wp:attachment":[{"href":"http:\/\/klubmamgdynia.pl\/index.php\/wp-json\/wp\/v2\/media?parent=7380"}],"wp:term":[{"taxonomy":"product_cat","embeddable":true,"href":"http:\/\/klubmamgdynia.pl\/index.php\/wp-json\/wp\/v2\/product_cat?post=7380"},{"taxonomy":"product_tag","embeddable":true,"href":"http:\/\/klubmamgdynia.pl\/index.php\/wp-json\/wp\/v2\/product_tag?post=7380"}],"curies":[{"name":"wp","href":"https:\/\/api.w.org\/{rel}","templated":true}]}}