{"id":7382,"date":"2012-10-30T20:36:35","date_gmt":"2012-10-30T19:36:35","guid":{"rendered":"http:\/\/klubmamgdynia.pl\/index.php\/produkt\/tactic-lumo-stars-figu-luna\/"},"modified":"2026-04-04T11:00:47","modified_gmt":"2026-04-04T09:00:47","slug":"tactic-lumo-stars-figu-luna","status":"publish","type":"product","link":"http:\/\/klubmamgdynia.pl\/index.php\/produkt\/tactic-lumo-stars-figu-luna\/","title":{"rendered":"Tactic Lumo Stars Figu Luna"},"content":{"rendered":"<p>Figurki plastikowe jako nowe wcielenie pluszak\u00f3w serii Lumo Stars! Ka\u017cda figurka posiada unikalny kod Zappar, kt\u00f3ry po wprowadzeniu do aplikacji uruchamia historyjk\u0119 zwi\u0105zan\u0105 z zeskanowanym zwierz\u0105tkiem, dzi\u0119ki czemu w wyobra\u017ani dziecka figurka o\u017cywa! 12 wzor\u00f3w do kolekcjonowania. Zabawki dla dzieci w wieku 3+&#8230;.<\/p>\n<h2>Tactic Lumo Stars Figu Luna Tactic<\/h2>\n<p>kawa\u0142y na prima aprilis dla rodzic\u00f3w, zagadki dla doros\u0142ych, dzie\u0144 pluszowego misia napis, gotowe zaproszenia na urodziny do wydrukowania<\/p>\n<p>yyyyy<\/p>\n<p>&nbsp;<\/p>\n","protected":false},"excerpt":{"rendered":"<p>Figurki plastikowe jako nowe wcielenie pluszak\u00f3w serii Lumo Stars! Ka\u017cda figurka posiada unikalny kod Zappar, kt\u00f3ry po wprowadzeniu do aplikacji uruchamia historyjk\u0119 zwi\u0105zan\u0105 z zeskanowanym zwierz\u0105tkiem, dzi\u0119ki czemu w wyobra\u017ani dziecka figurka o\u017cywa! 12 wzor\u00f3w do kolekcjonowania. Zabawki dla dzieci w wieku 3+&#8230;. Tactic Lumo Stars Figu Luna Tactic kawa\u0142y na prima aprilis dla rodzic\u00f3w, [&hellip;]<\/p>\n","protected":false},"featured_media":7383,"comment_status":"closed","ping_status":"open","template":"","meta":[],"product_cat":[243,39],"product_tag":[848,670,793],"class_list":["post-7382","product","type-product","status-publish","has-post-thumbnail","hentry","product_cat-tactic","product_cat-zabawki-interaktywne","product_tag-cytat-o-rodzinie","product_tag-irma","product_tag-zagadki-smieszne-podchwytliwe"],"_links":{"self":[{"href":"http:\/\/klubmamgdynia.pl\/index.php\/wp-json\/wp\/v2\/product\/7382","targetHints":{"allow":["GET"]}}],"collection":[{"href":"http:\/\/klubmamgdynia.pl\/index.php\/wp-json\/wp\/v2\/product"}],"about":[{"href":"http:\/\/klubmamgdynia.pl\/index.php\/wp-json\/wp\/v2\/types\/product"}],"replies":[{"embeddable":true,"href":"http:\/\/klubmamgdynia.pl\/index.php\/wp-json\/wp\/v2\/comments?post=7382"}],"wp:featuredmedia":[{"embeddable":true,"href":"http:\/\/klubmamgdynia.pl\/index.php\/wp-json\/wp\/v2\/media\/7383"}],"wp:attachment":[{"href":"http:\/\/klubmamgdynia.pl\/index.php\/wp-json\/wp\/v2\/media?parent=7382"}],"wp:term":[{"taxonomy":"product_cat","embeddable":true,"href":"http:\/\/klubmamgdynia.pl\/index.php\/wp-json\/wp\/v2\/product_cat?post=7382"},{"taxonomy":"product_tag","embeddable":true,"href":"http:\/\/klubmamgdynia.pl\/index.php\/wp-json\/wp\/v2\/product_tag?post=7382"}],"curies":[{"name":"wp","href":"https:\/\/api.w.org\/{rel}","templated":true}]}}