{"id":7384,"date":"2017-04-06T14:46:19","date_gmt":"2017-04-06T12:46:19","guid":{"rendered":"http:\/\/klubmamgdynia.pl\/index.php\/produkt\/smoothie-jablko-melon-agrest-250ml-owolovo\/"},"modified":"2026-04-03T19:42:32","modified_gmt":"2026-04-03T17:42:32","slug":"smoothie-jablko-melon-agrest-250ml-owolovo","status":"publish","type":"product","link":"http:\/\/klubmamgdynia.pl\/index.php\/produkt\/smoothie-jablko-melon-agrest-250ml-owolovo\/","title":{"rendered":"Smoothie Jab\u0142ko-Melon-Agrest 250ml Owolovo"},"content":{"rendered":"<p>Smoothie Jab\u0142ko &#8211; Melon- Agrest 250mlSmoothie jab\u0142ko, malina, aronia z przecier\u00f3w i zag\u0119szczonego soku. Produkt pasteryzowany. Zawiera naturalnie wyst\u0119puj\u0105ce cukry. Ewentualny osad jest zjawiskiem naturalnym. PRODUKT POLSKIIdealny dla dziecka i nie tylko jako dodatek do posi\u0142k\u00f3w. Dzi\u0119ki por\u0119cznemu opakowaniu mo\u017cna go zabra\u0107 ze sob\u0105 wsz\u0119dzie.Warto\u015bci od\u017cywcze na 100 ml:Warto\u015b\u0107 energetyczna 234 kJ \/ 56 kcalT\u0142uszcz 0 gW\u0119glowodany 13 gw tym cukry 11 gBia\u0142ko 0,5 gB\u0142onnik 1 gS\u00f3l 0 g (zawarto\u015b\u0107 wynikaj\u0105ca z obecno\u015bci naturalnie wyst\u0119puj\u0105cego sodu)Spos\u00f3b przygotowania i przechowywania:Przechowuj w temperaturze pokojowej. Przed otwarciem wstrz\u0105\u015bnij. Po otwarciu przechowuj w lod\u00f3wce nie d\u0142u\u017cej ni\u017c 48 godzin.Ostrze\u017cenia i pozosta\u0142e informacje:Zakr\u0119tka mo\u017ce stanowi\u0107 zagro\u017cenie dla ma\u0142ych dzieci.Sk\u0142adniki:Przecier jab\u0142kowy (57%), sok jab\u0142kowy z zag\u0119szczonego soku (17%), przecier melon(13%), przecier agrest(21%).Kraj pochodzenia: Polska<\/p>\n<h2>Smoothie Jab\u0142ko-Melon-Agrest 250ml Owolovo Inny<\/h2>\n<p>swinka peppa do czytania, prezenty dla nastolatka, iwo imi\u0119, cytaty o dzieciach i rodzicach, quizy geograficzne, prezenty dla nastolatki<\/p>\n<p>yyyyy<\/p>\n<p>&nbsp;<\/p>\n","protected":false},"excerpt":{"rendered":"<p>Smoothie Jab\u0142ko &#8211; Melon- Agrest 250mlSmoothie jab\u0142ko, malina, aronia z przecier\u00f3w i zag\u0119szczonego soku. Produkt pasteryzowany. Zawiera naturalnie wyst\u0119puj\u0105ce cukry. Ewentualny osad jest zjawiskiem naturalnym. PRODUKT POLSKIIdealny dla dziecka i nie tylko jako dodatek do posi\u0142k\u00f3w. Dzi\u0119ki por\u0119cznemu opakowaniu mo\u017cna go zabra\u0107 ze sob\u0105 wsz\u0119dzie.Warto\u015bci od\u017cywcze na 100 ml:Warto\u015b\u0107 energetyczna 234 kJ \/ 56 kcalT\u0142uszcz [&hellip;]<\/p>\n","protected":false},"featured_media":7385,"comment_status":"closed","ping_status":"open","template":"","meta":[],"product_cat":[515,169],"product_tag":[834,777,641],"class_list":["post-7384","product","type-product","status-publish","has-post-thumbnail","hentry","product_cat-herbatki-i-soki-dla-dzieci","product_cat-inny","product_tag-bajka-do-czytania-na-dobranoc","product_tag-co-na-roczek","product_tag-trudne-zagadki-logiczne"],"_links":{"self":[{"href":"http:\/\/klubmamgdynia.pl\/index.php\/wp-json\/wp\/v2\/product\/7384","targetHints":{"allow":["GET"]}}],"collection":[{"href":"http:\/\/klubmamgdynia.pl\/index.php\/wp-json\/wp\/v2\/product"}],"about":[{"href":"http:\/\/klubmamgdynia.pl\/index.php\/wp-json\/wp\/v2\/types\/product"}],"replies":[{"embeddable":true,"href":"http:\/\/klubmamgdynia.pl\/index.php\/wp-json\/wp\/v2\/comments?post=7384"}],"wp:featuredmedia":[{"embeddable":true,"href":"http:\/\/klubmamgdynia.pl\/index.php\/wp-json\/wp\/v2\/media\/7385"}],"wp:attachment":[{"href":"http:\/\/klubmamgdynia.pl\/index.php\/wp-json\/wp\/v2\/media?parent=7384"}],"wp:term":[{"taxonomy":"product_cat","embeddable":true,"href":"http:\/\/klubmamgdynia.pl\/index.php\/wp-json\/wp\/v2\/product_cat?post=7384"},{"taxonomy":"product_tag","embeddable":true,"href":"http:\/\/klubmamgdynia.pl\/index.php\/wp-json\/wp\/v2\/product_tag?post=7384"}],"curies":[{"name":"wp","href":"https:\/\/api.w.org\/{rel}","templated":true}]}}