{"id":7386,"date":"2022-08-31T03:53:16","date_gmt":"2022-08-31T01:53:16","guid":{"rendered":"http:\/\/klubmamgdynia.pl\/index.php\/produkt\/hipp-bio-bezmleczna-kaszka-5-zboz-250g\/"},"modified":"2026-04-30T16:55:21","modified_gmt":"2026-04-30T14:55:21","slug":"hipp-bio-bezmleczna-kaszka-5-zboz-250g","status":"publish","type":"product","link":"http:\/\/klubmamgdynia.pl\/index.php\/produkt\/hipp-bio-bezmleczna-kaszka-5-zboz-250g\/","title":{"rendered":"Hipp Bio Bezmleczna Kaszka 5 Zb\u00f3\u017c 250G"},"content":{"rendered":"<p>Organiczna kaszka bez mleka z ziaren pi\u0119ciu zb\u00f3\u017c przeznaczona jest dla niemowl\u0105t powy\u017cej 6 miesi\u0105ca \u017cycia. Zawiera gluten.<\/p>\n<h2>Hipp Bio Bezmleczna Kaszka 5 Zb\u00f3\u017c 250G Hipp<\/h2>\n<p>bajeczki na dobranoc, psi patrol do druku, nietypowe imiona, prezenty dla rocznego dziecka, filmy disneya, narodziny dziecka cytat, prezent na roczek dla ch\u0142opca, rysunki \u0142atwe, pytania do lektury asiunia, kolorowanka flamingi, roczek prezenty, zabawy z 7 latkiem, miko\u0142ajek quiz, gdy strumyk p\u0142ynie z wolna, gabriel imie, skalne miasto<\/p>\n<p>yyyyy<\/p>\n<p>&nbsp;<\/p>\n","protected":false},"excerpt":{"rendered":"<p>Organiczna kaszka bez mleka z ziaren pi\u0119ciu zb\u00f3\u017c przeznaczona jest dla niemowl\u0105t powy\u017cej 6 miesi\u0105ca \u017cycia. Zawiera gluten. Hipp Bio Bezmleczna Kaszka 5 Zb\u00f3\u017c 250G Hipp bajeczki na dobranoc, psi patrol do druku, nietypowe imiona, prezenty dla rocznego dziecka, filmy disneya, narodziny dziecka cytat, prezent na roczek dla ch\u0142opca, rysunki \u0142atwe, pytania do lektury asiunia, [&hellip;]<\/p>\n","protected":false},"featured_media":7387,"comment_status":"closed","ping_status":"open","template":"","meta":[],"product_cat":[66,107],"product_tag":[795,606,800,820],"class_list":["post-7386","product","type-product","status-publish","has-post-thumbnail","hentry","product_cat-hipp","product_cat-kaszki-dla-dzieci","product_tag-mini-zoo-warszawa","product_tag-stala-pod-sniegiem","product_tag-zagadki-smieszne","product_tag-ziemia-wyspa-zielona-tekst"],"_links":{"self":[{"href":"http:\/\/klubmamgdynia.pl\/index.php\/wp-json\/wp\/v2\/product\/7386","targetHints":{"allow":["GET"]}}],"collection":[{"href":"http:\/\/klubmamgdynia.pl\/index.php\/wp-json\/wp\/v2\/product"}],"about":[{"href":"http:\/\/klubmamgdynia.pl\/index.php\/wp-json\/wp\/v2\/types\/product"}],"replies":[{"embeddable":true,"href":"http:\/\/klubmamgdynia.pl\/index.php\/wp-json\/wp\/v2\/comments?post=7386"}],"wp:featuredmedia":[{"embeddable":true,"href":"http:\/\/klubmamgdynia.pl\/index.php\/wp-json\/wp\/v2\/media\/7387"}],"wp:attachment":[{"href":"http:\/\/klubmamgdynia.pl\/index.php\/wp-json\/wp\/v2\/media?parent=7386"}],"wp:term":[{"taxonomy":"product_cat","embeddable":true,"href":"http:\/\/klubmamgdynia.pl\/index.php\/wp-json\/wp\/v2\/product_cat?post=7386"},{"taxonomy":"product_tag","embeddable":true,"href":"http:\/\/klubmamgdynia.pl\/index.php\/wp-json\/wp\/v2\/product_tag?post=7386"}],"curies":[{"name":"wp","href":"https:\/\/api.w.org\/{rel}","templated":true}]}}