{"id":7388,"date":"2015-11-19T02:51:18","date_gmt":"2015-11-19T01:51:18","guid":{"rendered":"http:\/\/klubmamgdynia.pl\/index.php\/produkt\/natures-sunshine-liver-health-formula-100-kaps\/"},"modified":"2026-04-06T02:51:25","modified_gmt":"2026-04-06T00:51:25","slug":"natures-sunshine-liver-health-formula-100-kaps","status":"publish","type":"product","link":"http:\/\/klubmamgdynia.pl\/index.php\/produkt\/natures-sunshine-liver-health-formula-100-kaps\/","title":{"rendered":"Nature&#8217;s Sunshine Liver health formu\u0142a 100 kaps."},"content":{"rendered":"<p>Liver Health Formula to kompozycja zi\u00f3\u0142 przygotowana przez specjalist\u00f3w z my\u015bl\u0105 o usprawnieniu trawienia i zdrowiu w\u0105troby.W\u0105troba w dobrej kondycji jest niezwykle wa\u017cna dla zachowania zdrowia. To jeden z najwa\u017cniejszych organ\u00f3w w naszego organizmu, w kt\u00f3rym odpowiada za wiele kluczowych proces\u00f3w. Przede wszystkim w\u0105troba odpowiada za likwidowanie toksyn z organizmu (gra kluczow\u0105 rol\u0119 w procesie detoksykacji), bierze udzia\u0142 w procesie wch\u0142aniania substancji od\u017cywczych i jest bardzo wa\u017cna dla poprawnego metabolizmu t\u0142uszcz\u00f3w.Nie ma najmniejszych w\u0105tpliwo\u015bci, \u017ce nale\u017cy dba\u0107 o w\u0105trob\u0119 ze szczeg\u00f3ln\u0105 uwag\u0105. Jak? Zmiana nawyk\u00f3w \u017cywieniowych i Liver Health Formula pomog\u0105 zachowa\u0107 j\u0105 w zdrowiu.Mniej sma\u017c, a wi\u0119cej gotuj.Jedz cz\u0119\u015bciej mniejsze porcje.Zdecydowanie ogranicz alkohol.Zwracaj uwag\u0119, czy przyjmowane leki s\u0105 zdrowe dla twojej w\u0105troby.Pami\u0119taj o zr\u00f3\u017cnicowanej diecie \u2013 owoce i warzywa s\u0105 zdrowe r\u00f3wnie\u017c dla w\u0105troby.Wspieraj w\u0105trob\u0119 codzienn\u0105 suplementacj\u0105.<\/p>\n<h2>Natures Sunshine Liver health formu\u0142a 100 kaps. Natures Sunshine<\/h2>\n<p>wroc\u0142aw i okolice atrakcje, \u015bmigus dyngus lany poniedzia\u0142ek zyczenia, by\u0142a sobie \u017cabka ma\u0142a tekst, my little pony kolorowanka, wzruszaj\u0105c\u0105 piosenka dla taty, znaki drogowe test, rodzina sentencja, gdzie na ferie zimowe 2022, filmy animowane o \u015bwi\u0119tach, kolorowanka mia i ja, opis do zdj\u0119cia dziecka na fb, imie paula, bajki do czytania dla 6 latka, imi\u0119 nadia, pu\u0142tusk atrakcje dla dzieci, asiunia &#8211; test z lektury pdf, prezent dla dziewczynki 7 lat, szybkie zagadki matematyczne, karty pracy dla dzieci z ukrainy do druku, nauka pisania literek do wydruku pdf, bajki dla dzieci do czytania na dobranoc<\/p>\n<p>yyyyy<\/p>\n<p>&nbsp;<\/p>\n","protected":false},"excerpt":{"rendered":"<p>Liver Health Formula to kompozycja zi\u00f3\u0142 przygotowana przez specjalist\u00f3w z my\u015bl\u0105 o usprawnieniu trawienia i zdrowiu w\u0105troby.W\u0105troba w dobrej kondycji jest niezwykle wa\u017cna dla zachowania zdrowia. To jeden z najwa\u017cniejszych organ\u00f3w w naszego organizmu, w kt\u00f3rym odpowiada za wiele kluczowych proces\u00f3w. Przede wszystkim w\u0105troba odpowiada za likwidowanie toksyn z organizmu (gra kluczow\u0105 rol\u0119 w procesie [&hellip;]<\/p>\n","protected":false},"featured_media":7389,"comment_status":"closed","ping_status":"open","template":"","meta":[],"product_cat":[1589,184],"product_tag":[624,645,751,606,701,715],"class_list":["post-7388","product","type-product","status-publish","has-post-thumbnail","hentry","product_cat-natures-sunshine","product_cat-uklad-pokarmowy-i-trawienie","product_tag-krotkie-zagadki","product_tag-latwe-zagadki","product_tag-psi-patrol-kolorowanka","product_tag-stala-pod-sniegiem","product_tag-zgadywanki-dla-dzieci","product_tag-zosia-samosia"],"_links":{"self":[{"href":"http:\/\/klubmamgdynia.pl\/index.php\/wp-json\/wp\/v2\/product\/7388","targetHints":{"allow":["GET"]}}],"collection":[{"href":"http:\/\/klubmamgdynia.pl\/index.php\/wp-json\/wp\/v2\/product"}],"about":[{"href":"http:\/\/klubmamgdynia.pl\/index.php\/wp-json\/wp\/v2\/types\/product"}],"replies":[{"embeddable":true,"href":"http:\/\/klubmamgdynia.pl\/index.php\/wp-json\/wp\/v2\/comments?post=7388"}],"wp:featuredmedia":[{"embeddable":true,"href":"http:\/\/klubmamgdynia.pl\/index.php\/wp-json\/wp\/v2\/media\/7389"}],"wp:attachment":[{"href":"http:\/\/klubmamgdynia.pl\/index.php\/wp-json\/wp\/v2\/media?parent=7388"}],"wp:term":[{"taxonomy":"product_cat","embeddable":true,"href":"http:\/\/klubmamgdynia.pl\/index.php\/wp-json\/wp\/v2\/product_cat?post=7388"},{"taxonomy":"product_tag","embeddable":true,"href":"http:\/\/klubmamgdynia.pl\/index.php\/wp-json\/wp\/v2\/product_tag?post=7388"}],"curies":[{"name":"wp","href":"https:\/\/api.w.org\/{rel}","templated":true}]}}