{"id":7390,"date":"2023-06-27T10:14:32","date_gmt":"2023-06-27T08:14:32","guid":{"rendered":"http:\/\/klubmamgdynia.pl\/?post_type=product&#038;p=7390"},"modified":"2026-05-17T22:28:55","modified_gmt":"2026-05-17T20:28:55","slug":"eve-dodatkowa-raczka-uchwyt-do-wozka-grey","status":"publish","type":"product","link":"http:\/\/klubmamgdynia.pl\/index.php\/produkt\/eve-dodatkowa-raczka-uchwyt-do-wozka-grey\/","title":{"rendered":"EVE Dodatkowa R\u0105czka uchwyt do W\u00f3zka grey"},"content":{"rendered":"<p>Loopie to dodatkowa r\u0105czka, kt\u00f3r\u0105 mo\u017cna przyczepi\u0107 do dowolnego w\u00f3zka spacerowego lub spacer\u00f3wki. Zapewnia dziecku wsparcie, jednocze\u015bnie zapewniaj\u0105c wystarczaj\u0105co du\u017co miejsca mi\u0119dzy nim a ko\u0142ami w\u00f3zka. W ten spos\u00f3b b\u0119dziesz mie\u0107 wolne obie r\u0119ce i b\u0119dziesz gotowy do bezpiecznego wyruszenia w drog\u0119 ze swoimi pociechami. Loopie mo\u017ce by\u0107 r\u00f3wnie\u017c u\u017cywany jako dodatkowy uchwyt w po\u0142\u0105czeniu z Kid-Sit! Cechy: &#8211; pasuje do wszystkich w\u00f3zk\u00f3w &#8211; u\u0142atwia wyj\u015bcie z domu z dw\u00f3jk\u0105 maluch\u00f3w &#8211; wygoda dla dziecka &#8211; wyprodukowany w Niderlandach Wymiary produktu:- d\u0142ugo\u015b\u0107 przed z\u0142o\u017ceniem 36 cm- d\u0142ugo\u015bc po z\u0142o\u017ceniu 8,5 cm EVE to niderlandzka marka, kt\u00f3ra opracowuje i produkuje innowacyjne produkty, kt\u00f3re u\u0142atwiaj\u0105 \u017cycie m\u0142odym rodzicom. Urodzenie dziecka to najwi\u0119ksza i najpi\u0119kniejsza zmiana w Twoim \u017cyciu. To ogromne wzbogacenie Ciebie! Jednak niekt\u00f3re rzeczy, kt\u00f3re wcze\u015bniej wydawa\u0142y si\u0119 tak proste, mog\u0105 sta\u0107 si\u0119 bardziej skomplikowane w przypadku dziecka. We\u017amy na przyk\u0142ad robienie zakup\u00f3w lub szybkie za\u0142atwienie spraw na mie\u015bcie. W dzisiejszym spo\u0142ecze\u0144stwie, w kt\u00f3rym robienie kariery i nad\u0105\u017canie za \u017cyciem towarzyskim to istotne aspekty, sp\u0119dzanie czasu z dzie\u0107mi i upewnianie si\u0119, \u017ce robisz to z odpowiedni\u0105 ilo\u015bci\u0105 uwagi i zabawy, jest niezb\u0119dne. Produkty u\u0142atwiaj\u0105 wyj\u015bcie z dzie\u0107mi i jednocze\u015bnie dobrze wygl\u0105daj\u0105. Pi\u0119kne, funkcjonalne wytwarzane w odpowiedzialny spos\u00f3b. W ten spos\u00f3b mo\u017cesz cieszy\u0107 si\u0119 cennym czasem z dzie\u0107mi.<\/p>\n<h2>EVE Dodatkowa R\u0105czka uchwyt do W\u00f3zka grey EVE<\/h2>\n<p>alan imie, desery dla dzieci, znajd\u017a r\u00f3\u017cnice do druku, cytaty na dzie\u0144 nauczyciela, imi\u0119 mira, \u017carty na prima aprilis na rodzic\u00f3w, zagadki wielkanocne dla dzieci, rzadkie imiona, \u017cyczenia na lany poniedzia\u0142ek wielkanocny, zagadki \u015bmieszne, atrakcje dla dzieci krak\u00f3w, krak\u00f3w atrakcje dla dzieci, prezent na roczek od babci, spiderman do druku, znaki drogowe quizy, kolorowanka spiderman<\/p>\n<p>yyyyy<\/p>\n<p>&nbsp;<\/p>\n","protected":false},"excerpt":{"rendered":"<p>Loopie to dodatkowa r\u0105czka, kt\u00f3r\u0105 mo\u017cna przyczepi\u0107 do dowolnego w\u00f3zka spacerowego lub spacer\u00f3wki. Zapewnia dziecku wsparcie, jednocze\u015bnie zapewniaj\u0105c wystarczaj\u0105co du\u017co miejsca mi\u0119dzy nim a ko\u0142ami w\u00f3zka. W ten spos\u00f3b b\u0119dziesz mie\u0107 wolne obie r\u0119ce i b\u0119dziesz gotowy do bezpiecznego wyruszenia w drog\u0119 ze swoimi pociechami. Loopie mo\u017ce by\u0107 r\u00f3wnie\u017c u\u017cywany jako dodatkowy uchwyt w po\u0142\u0105czeniu [&hellip;]<\/p>\n","protected":false},"featured_media":7391,"comment_status":"closed","ping_status":"open","template":"","meta":[],"product_cat":[127,1586],"product_tag":[594,620,625],"class_list":["post-7390","product","type-product","status-publish","has-post-thumbnail","hentry","product_cat-akcesoria-do-wozkow","product_cat-eve","product_tag-podchwytliwe-zagadki-dla-dzieci","product_tag-quiz-opowiesci-z-narnii","product_tag-trojmiasto-atrakcje-dla-dzieci"],"_links":{"self":[{"href":"http:\/\/klubmamgdynia.pl\/index.php\/wp-json\/wp\/v2\/product\/7390","targetHints":{"allow":["GET"]}}],"collection":[{"href":"http:\/\/klubmamgdynia.pl\/index.php\/wp-json\/wp\/v2\/product"}],"about":[{"href":"http:\/\/klubmamgdynia.pl\/index.php\/wp-json\/wp\/v2\/types\/product"}],"replies":[{"embeddable":true,"href":"http:\/\/klubmamgdynia.pl\/index.php\/wp-json\/wp\/v2\/comments?post=7390"}],"wp:featuredmedia":[{"embeddable":true,"href":"http:\/\/klubmamgdynia.pl\/index.php\/wp-json\/wp\/v2\/media\/7391"}],"wp:attachment":[{"href":"http:\/\/klubmamgdynia.pl\/index.php\/wp-json\/wp\/v2\/media?parent=7390"}],"wp:term":[{"taxonomy":"product_cat","embeddable":true,"href":"http:\/\/klubmamgdynia.pl\/index.php\/wp-json\/wp\/v2\/product_cat?post=7390"},{"taxonomy":"product_tag","embeddable":true,"href":"http:\/\/klubmamgdynia.pl\/index.php\/wp-json\/wp\/v2\/product_tag?post=7390"}],"curies":[{"name":"wp","href":"https:\/\/api.w.org\/{rel}","templated":true}]}}