{"id":7392,"date":"2024-08-30T12:23:30","date_gmt":"2024-08-30T10:23:30","guid":{"rendered":"http:\/\/klubmamgdynia.pl\/?post_type=product&#038;p=7392"},"modified":"2026-04-06T01:10:16","modified_gmt":"2026-04-05T23:10:16","slug":"meteor-ty-beanie-boos-owlette-biala-sowa","status":"publish","type":"product","link":"http:\/\/klubmamgdynia.pl\/index.php\/produkt\/meteor-ty-beanie-boos-owlette-biala-sowa\/","title":{"rendered":"Meteor TY Beanie Boos Owlette Bia\u0142a sowa"},"content":{"rendered":"<p>Maskotka TY Beanie Boos Owlette &#8211; Bia\u0142a sowa 42 cm Przygody wraz z pluszowym zwierz\u0119ciem Pluszak, od zawsze najlepszy przyjaciel dziecka Przygody wraz z pluszowym zwierzakiem Dzieci kochaj\u0105 zwierz\u0119ta, ale nie zawsze z r\u00f3\u017cnych powod\u00f3w mo\u017cemy sobie na nie pozwoli\u0107, zw\u0142aszcza na na te bardziej wymagaj\u0105ce w hodowli. Pluszowe zwierz\u0119 rozwi\u0105zuje wiele problem\u00f3w, nie wymaga karmy, wychodzenia na spacer, nie szczeka, a dla dziecka ca\u0142y czas jest \u015bwietnym towarzyszem. Pluszowy zwierzak pozwoli na prze\u017cycie wsp\u00f3lnych przyg\u00f3d ka\u017cdemu dziecko, b\u0119dzie towarzystwem podczas zabaw, snu oraz podr\u00f3\u017cy ma\u0142ych i du\u017cych. Pluszak, od zawsze najlepszy przyjaciel dziecka Pluszowe zabawki s\u0105 od ponad 50 lat najpopularniejszymi towarzyszami dzieci. Ka\u017cdy mia\u0142 pluszowego misia lub inne pluszowe zwierz\u0105tko. Mi\u0119kkie pluszaki towarzysz\u0105 dzieciom w podr\u00f3\u017cach, zabawach, przygodach oraz pomagaj\u0105 w unikni\u0119ciu sennych koszmar\u00f3w. Stanowi\u0105 powiernik\u00f3w i przyjaci\u00f3\u0142, pluszowe misie znaj\u0105 wszystkie dzieci\u0119ce sekrety.<\/p>\n<h2>Meteor TY Beanie Boos Owlette Bia\u0142a sowa Meteor<\/h2>\n<p>kr\u00f3tkie cytaty o mamie, historia andrzejek dla dzieci, podchwytliwe zagadki dla doros\u0142ych, kolorowanka lol surprise, roszpunka kolorowanka, maski do druku kolorowe, zagadki podchwytliwe, na wyspach bergamutach tekst, filmy animowane o \u015bwi\u0119tach, malowanki, kwiatek kwiaty do druku szablony, malowanki, kolorowanka uk\u0142ad s\u0142oneczny dla dzieci do druku, prezent na urodziny dla nastolatk\u00f3w, piosenki na dobranoc tekst, zabawy z 7 latkiem<\/p>\n<p>yyyyy<\/p>\n<p>&nbsp;<\/p>\n","protected":false},"excerpt":{"rendered":"<p>Maskotka TY Beanie Boos Owlette &#8211; Bia\u0142a sowa 42 cm Przygody wraz z pluszowym zwierz\u0119ciem Pluszak, od zawsze najlepszy przyjaciel dziecka Przygody wraz z pluszowym zwierzakiem Dzieci kochaj\u0105 zwierz\u0119ta, ale nie zawsze z r\u00f3\u017cnych powod\u00f3w mo\u017cemy sobie na nie pozwoli\u0107, zw\u0142aszcza na na te bardziej wymagaj\u0105ce w hodowli. Pluszowe zwierz\u0119 rozwi\u0105zuje wiele problem\u00f3w, nie wymaga [&hellip;]<\/p>\n","protected":false},"featured_media":7393,"comment_status":"closed","ping_status":"open","template":"","meta":[],"product_cat":[320,39],"product_tag":[825,681,596],"class_list":["post-7392","product","type-product","status-publish","has-post-thumbnail","hentry","product_cat-meteor","product_cat-zabawki-interaktywne","product_tag-bajka-na-dobranoc-do-czytania","product_tag-flagi-europy-quiz","product_tag-pomysly-na-prima-aprilis"],"_links":{"self":[{"href":"http:\/\/klubmamgdynia.pl\/index.php\/wp-json\/wp\/v2\/product\/7392","targetHints":{"allow":["GET"]}}],"collection":[{"href":"http:\/\/klubmamgdynia.pl\/index.php\/wp-json\/wp\/v2\/product"}],"about":[{"href":"http:\/\/klubmamgdynia.pl\/index.php\/wp-json\/wp\/v2\/types\/product"}],"replies":[{"embeddable":true,"href":"http:\/\/klubmamgdynia.pl\/index.php\/wp-json\/wp\/v2\/comments?post=7392"}],"wp:featuredmedia":[{"embeddable":true,"href":"http:\/\/klubmamgdynia.pl\/index.php\/wp-json\/wp\/v2\/media\/7393"}],"wp:attachment":[{"href":"http:\/\/klubmamgdynia.pl\/index.php\/wp-json\/wp\/v2\/media?parent=7392"}],"wp:term":[{"taxonomy":"product_cat","embeddable":true,"href":"http:\/\/klubmamgdynia.pl\/index.php\/wp-json\/wp\/v2\/product_cat?post=7392"},{"taxonomy":"product_tag","embeddable":true,"href":"http:\/\/klubmamgdynia.pl\/index.php\/wp-json\/wp\/v2\/product_tag?post=7392"}],"curies":[{"name":"wp","href":"https:\/\/api.w.org\/{rel}","templated":true}]}}