{"id":7396,"date":"2013-06-24T03:59:06","date_gmt":"2013-06-24T01:59:06","guid":{"rendered":"http:\/\/klubmamgdynia.pl\/index.php\/produkt\/little-dutch-palak-interaktywny-babygym-flowers-butterflies\/"},"modified":"2026-04-30T07:10:21","modified_gmt":"2026-04-30T05:10:21","slug":"little-dutch-palak-interaktywny-babygym-flowers-butterflies","status":"publish","type":"product","link":"http:\/\/klubmamgdynia.pl\/index.php\/produkt\/little-dutch-palak-interaktywny-babygym-flowers-butterflies\/","title":{"rendered":"Little Dutch Pa\u0142\u0105k Interaktywny Babygym Flowers &amp; Butterflies"},"content":{"rendered":"<p>Pa\u0142\u0105k interaktywny BabyGym od Little Dutch z kolekcji Flowers &amp; Butterflies. Drewniany pa\u0142\u0105k interaktywny dla niemowl\u0105t. Do pa\u0142\u0105ka do\u0142\u0105czono zawieszki interaktywne, kt\u00f3re maj\u0105 za zadanie wzbudza\u0107 ciekawo\u015b\u0107 malucha oraz wp\u0142yn\u0105\u0107 na jego rozw\u00f3j ruchowo-poznawczy. Pa\u0142\u0105k jest pomalowany przyjaznymi dla dzieci farbami na bazie wody. Mo\u017cna go postawi\u0107 na dywanie, macie, pod\u0142odze lub w \u0142\u00f3\u017ceczku. Te weso\u0142e zabawki maj\u0105 r\u00f3\u017cne tekstury i zach\u0119caj\u0105 dzieci do ich dotykania i odkrywania.Little Dutch to holenderska firma rodzinna, prowadzona przez ma\u0142\u017ce\u0144stwo, kt\u00f3re wk\u0142ada ca\u0142e serce w tworzenie produkt\u00f3w dla najm\u0142odszych. W ofercie marki znajduj\u0105 si\u0119 doskona\u0142ej jako\u015bci tekstylia, produkowane z bawe\u0142ny organicznej z certyfikatem Oeko-tex, takie jak r\u0119czniki, \u015bpiworki do spania, otulacze, akcesoria do pokoik\u00f3w dzieci\u0119cych oraz zabawki sensoryczne dla niemowl\u0105t, jak r\u00f3wnie\u017c zabawki, czy pojazdy wytwarzane z drewna. Produkty Little Dutch cechuje spokojna, pastelowa kolorystyka.Wiek: rekomendowany od 0-6 miesi\u0119cyWymiary: 47,5 x 54 x 59,5 cmMateria\u0142: sklejka; pomalowany bezpieczn\u0105 dla dzieci farb\u0105 na bazie wody;Zgodno\u015b\u0107 z norm\u0105: EN-71-1-2-3<\/p>\n<h2>Little Dutch Pa\u0142\u0105k Interaktywny Babygym Flowers &amp; Butterflies Little Dutch<\/h2>\n<p>pomys\u0142y na prezent na roczek, bajki do czytania na dobranoc, prezenty urodzinowe dla nastolatk\u00f3w, zagadki dla dzieci 10-12 lat trudne, bajki terapeutyczne o emocjach pdf, zadania logiczne, zagadki zagadki, pomysly na prima aprilis<\/p>\n<p>yyyyy<\/p>\n<p>&nbsp;<\/p>\n","protected":false},"excerpt":{"rendered":"<p>Pa\u0142\u0105k interaktywny BabyGym od Little Dutch z kolekcji Flowers &amp; Butterflies. Drewniany pa\u0142\u0105k interaktywny dla niemowl\u0105t. Do pa\u0142\u0105ka do\u0142\u0105czono zawieszki interaktywne, kt\u00f3re maj\u0105 za zadanie wzbudza\u0107 ciekawo\u015b\u0107 malucha oraz wp\u0142yn\u0105\u0107 na jego rozw\u00f3j ruchowo-poznawczy. Pa\u0142\u0105k jest pomalowany przyjaznymi dla dzieci farbami na bazie wody. Mo\u017cna go postawi\u0107 na dywanie, macie, pod\u0142odze lub w \u0142\u00f3\u017ceczku. Te [&hellip;]<\/p>\n","protected":false},"featured_media":7397,"comment_status":"closed","ping_status":"open","template":"","meta":[],"product_cat":[167,55],"product_tag":[865,720,605,649,577],"class_list":["post-7396","product","type-product","status-publish","has-post-thumbnail","hentry","product_cat-little-dutch","product_cat-maty-edukacyjne","product_tag-cytaty-o-dzieciach","product_tag-malowanki","product_tag-milena","product_tag-zagadki-dla-nastolatkow","product_tag-znaki-drogowe-test"],"_links":{"self":[{"href":"http:\/\/klubmamgdynia.pl\/index.php\/wp-json\/wp\/v2\/product\/7396","targetHints":{"allow":["GET"]}}],"collection":[{"href":"http:\/\/klubmamgdynia.pl\/index.php\/wp-json\/wp\/v2\/product"}],"about":[{"href":"http:\/\/klubmamgdynia.pl\/index.php\/wp-json\/wp\/v2\/types\/product"}],"replies":[{"embeddable":true,"href":"http:\/\/klubmamgdynia.pl\/index.php\/wp-json\/wp\/v2\/comments?post=7396"}],"wp:featuredmedia":[{"embeddable":true,"href":"http:\/\/klubmamgdynia.pl\/index.php\/wp-json\/wp\/v2\/media\/7397"}],"wp:attachment":[{"href":"http:\/\/klubmamgdynia.pl\/index.php\/wp-json\/wp\/v2\/media?parent=7396"}],"wp:term":[{"taxonomy":"product_cat","embeddable":true,"href":"http:\/\/klubmamgdynia.pl\/index.php\/wp-json\/wp\/v2\/product_cat?post=7396"},{"taxonomy":"product_tag","embeddable":true,"href":"http:\/\/klubmamgdynia.pl\/index.php\/wp-json\/wp\/v2\/product_tag?post=7396"}],"curies":[{"name":"wp","href":"https:\/\/api.w.org\/{rel}","templated":true}]}}