{"id":74,"date":"2011-10-24T03:16:24","date_gmt":"2011-10-24T01:16:24","guid":{"rendered":"http:\/\/klubmamgdynia.pl\/index.php\/produkt\/super-toys-oryginalne-audi-r8-miekkie-kola-miekkie-siedzenie-mocny-r8\/"},"modified":"2026-05-17T22:03:37","modified_gmt":"2026-05-17T20:03:37","slug":"super-toys-oryginalne-audi-r8-miekkie-kola-miekkie-siedzenie-mocny-r8","status":"publish","type":"product","link":"http:\/\/klubmamgdynia.pl\/index.php\/produkt\/super-toys-oryginalne-audi-r8-miekkie-kola-miekkie-siedzenie-mocny-r8\/","title":{"rendered":"SUPER-TOYS ORYGINALNE AUDI R8 MI\u0118KKIE KO\u0141A MI\u0118KKIE SIEDZENIE MOCNY,\/R8"},"content":{"rendered":"<p>Absolutna nowo\u015b\u0107 !!!!!!W tym poje\u017adzie zastosowano najmocniejsze silniki oraz ko\u0142a EVAWersja pojazdu EXCLUSIVEAuto na akumulatorAUDI R8pojazd na licencji AUDI z systemem ESW &#8211; system wolnego startu i hamulcem &#8211; najmocniejsza wersja pojazdu z wspania\u0142ym wyposa\u017ceniem.Nap\u0119dzany dwoma silnikami 45 W.Mi\u0119kkie ko\u0142a EVA pojazd je\u017adzi cicho, wska\u017anik na\u0142adowania akumulatora oraz bezpo\u015brednie dora\u017ane sterowanie pojazdem za pomoc\u0105 inteligentnego pilota 2,4 Ghz z funkcj\u0105 natychmiastowego zatrzymania pojazdu &#8211; auto po jego naci\u015bni\u0119ciu natychmiast si\u0119 zatrzymuje &#8211; NOWO\u015a\u0106 &#8211; kontrola rodzicielska.W ka\u017cdej chwili Rodzi\u0107 mo\u017ce zareagowa\u0107 na jazd\u0119 swojego dziecka zmieniaj\u0105c np. kierunek jazdy, czy zatrzymuj\u0105c pojazd za pomoc\u0105 przycisku STOP na pilocie.Opis przedmiotu:Model w kolorze bia\u0142ym:Opis pojazdu na podstawie wybranego koloru:O\u015bwietlenie pojazdu:Film:Opis przedmiotu:AUTO AUDI R8 zasilane na 12 V z nap\u0119dem na dwa ko\u0142a z oponami EVA oraz mi\u0119kkim siedzeniem zachwyci nie jednego przysz\u0142ego kierowc\u0119. Dzi\u0119ki zastosowanym najmocniejszym silnikom 45 W, auto je\u017adzi po nier\u00f3wnym terenie bez \u017cadnych problem\u00f3w, a dodatkowo silniki te s\u0105 bardzo dobrej jako\u015bci.Ciekawym elementem jest o\u015bwietlenie pojazdu &#8211; \u015bwiec\u0105ce \u015bwiat\u0142a przednie i tylne oraz pod\u015bwietlany panel. Istnieje mo\u017cliwo\u015b\u0107 wy\u0142\u0105czenia \u015bwiate\u0142.Du\u017ce mi\u0119kkie ko\u0142a EVA zapewniaj\u0105 cich\u0105 jazd\u0119 a mi\u0119kkie siedzenie z pasami daje poczucie komfortu.Pod\u015bwietlana deska rozdzielcza pojazdu oraz nowoczesny panel sterowania z wej\u015bciem na USB, MP3 , slotem na kart\u0119 pami\u0119ci i wska\u017anikiem na\u0142adowania akumulatora daj\u0105 pe\u0142en komfort u\u017cytkowania pojazdu &#8211; wiemy na jak d\u0142ugo mamy jeszcze &#8221; paliwa&#8221; ( napi\u0119cia w akumulatorach).Zdalne sterowania pojazdem system ESW 2.4 GhzRodzice maj\u0105 pe\u0142n\u0105 kontrol\u0119 nad jazd\u0105 Pociechy &#8211; w ka\u017cdej chwili mog\u0105 zareagowa\u0107 pilotem na jazd\u0119 swojego Dziecka (w innych modelach jest mo\u017cliwa jazda na zdalnym sterowaniu tylko po prze\u0142\u0105czeniu w\u0142\u0105cznika R\/C, tutaj takiego prze\u0142\u0105cznika nie ma). Dzi\u0119ki w\u0142a\u015bnie takiemu rozwi\u0105zaniu kiedy Rodzice widz\u0105 \u017ce dziecko jedzie w z\u0142ym kierunku mog\u0105 natychmiast zareagowa\u0107 pilotem &#8211; zmieni\u0107 kierunek jazdy lub w tej wersji natychmiast zatrzyma\u0107 pojazd &#8211; funkcja STOP w pilocie. Dodatkowo z pilota jest mo\u017cliwe ustawienie 1 z 3 pr\u0119dko\u015bci jazdy.Zdecydowanie jest to jedno z najbezpieczniejszych i najlepszych rozwi\u0105za\u0144 w pojazdach na akumulator.Najmocniejsza wersja pojazdu posiada dwa silniki 45 Wat:Auto posiada:silnik: 2 sztuki x 12 V 45 W akumulator 1x12V 7 Ahtrzy pr\u0119dko\u015bci jazdy, zmiana pr\u0119dko\u015bci odbywa si\u0119 za pomoc\u0105 pilotadwie pr\u0119dko\u015bci jazdy manualnejwolny start z systemem ESW &#8211; najlepszy system dzi\u0119ki kt\u00f3remu auto rusza delikatniemi\u0119kkie siedzenie, auto posiada elektryczny hamulec, dzia\u0142aj\u0105cy po zdj\u0119ciu nogi z peda\u0142u gazu, hamuje samoczynnie oraz hamulec w pilocie.auto posiada d\u017awi\u0119ki &#8211; klakson oraz z odg\u0142os uruchamiania pojazdu i pracy silnika oraz melodieatutem s\u0105 ko\u0142a EVA NOWO\u015a\u0106 pasy bezpiecze\u0144stwa,\u015bwiec\u0105ce ledowe \u015bwiat\u0142a przednie i \u015bwiec\u0105ce \u015bwiat\u0142a tylne. Mo\u017cliwo\u015b\u0107 wy\u0142\u0105czenia w\u0142\u0105cznikiem.otwierane drzwilusterka boczne wej\u015bcie na USB, MP3 slot na kart\u0119 USB regulacja g\u0142o\u015bno\u015bci muzyki oraz wyb\u00f3r muzyki w panelu pod wej\u015bciem na USB, MP3Nap\u0119d:Dwa silniki 45W &#8211; nap\u0119d na oba ko\u0142aZasilanie: Akumulator 1x12V 7Ah , znajduje si\u0119 pod siedzeniem\u0141adowarka: 230 V 50 Hz 12V DC 1000 MAPilot: Tak, sterownie prz\u00f3d\/ty\u0142, lewo\/prawoz kontrola rodzicielsk\u0105czyli w ka\u017cdej chwili Rodzic mo\u017ce przej\u0105\u0107 kontrol\u0119 nad pojazdem za pomoc\u0105 pilota i skr\u0119ci\u0107 ko\u0142ami w lewo lub prawo lub zatrzyma\u0107 pojazd za pomoc\u0105 funkcji STOP, 3 pr\u0119dko\u015bci jazdyPasy bezpiecze\u0144stwa Tak,Ko\u0142a Ko\u0142a mi\u0119kkie EVA wersja ExclusiveWymiary pojazdu: d\u0142ugo\u015b\u0107 ok.: 118 cm,szeroko\u015b\u0107 z lusterkami ok.: 68 cm, wysoko\u015b\u0107 przysiedzeniu ok.: 48 cm, przy kierownicy ok:. 47 cm, wysoko\u015b\u0107 drzwi ok.:34 cm, szeroko\u015b\u0107 siedziska ok.: 42 cm, odleg\u0142o\u015b\u0107 od peda\u0142u gazu do siedzenia ok.: 59 cm , \u015brednica ko\u0142a ok.: 25 cm, szeroko\u015b\u0107 ko\u0142a ok.: 10 cm, prze\u015bwit od pod\u0142o\u017ca ok.:8 cm,Max obci\u0105\u017cenie pojazdu 30 kgWaga pojazdu13,5 kgPr\u0119dko\u015b\u0107 i jazda \u0142\u0105cznie 3 biegi -pr\u0119dko\u015bci z pilota, 2 pr\u0119dko\u015bci jazdy manualnejbieg wolny 2,5- 3 km\/h, bieg szybki do 5-6 km\/h, jazda w prz\u00f3d i w ty\u0142, idealny pojazd na traw\u0119, dzia\u0142k\u0119 czy nier\u00f3wno\u015bci &#8211; nap\u0119d na dwa ko\u0142a,Komfort jazdy: Mi\u0119kkie ko\u0142a EVA wersja EXCLUSIVE, mi\u0119kkie siedzenie, nowoczesny panelEfekty \u015bwietlneTak, \u015bwiat\u0142a prz\u00f3d, ty\u0142 pod\u015bwietlana tablica rozdzielcza, wska\u017anik na\u0142adowania akumulatora w nowoczesnym panelu,HamowaniePojazd hamuje silnikiem po zdj\u0119ciu nogi z gazu lub za pomoc\u0105 specjalnego przycisku na pilocie &#8211; STOP (S)Efekty d\u017awi\u0119kowe:Tak, g\u0142os pracy silnika, klakson, piosenki dyskotekowe bardzo melodyjne, regulacja g\u0142o\u015bno\u015bci, wej\u015bcie MP3, USB, slot na kart\u0119 pami\u0119ciRegulacja g\u0142o\u015bno\u015bci: Tak w panelu z wej\u015bciem na USB, MP3 i slotem na kart\u0119Kontrolka na\u0142adowana baterii Tak &#8211; kontrolka LED &#8211; wy\u015bwietla obecne napi\u0119cie w formie cyfrowej w paneluCzas \u0142adowania:8 do 12 godzin, przed pierwszym u\u017cyciem nale\u017cy \u0142adowa\u0107 akumulator oko\u0142o 18 godzinCzas jazdydo 2 godzin w zale\u017cno\u015bci od warunk\u00f3w zewn\u0119trznychDodatkowe funkcje: D\u017awi\u0119ki klaksonu, melodie , d\u017awi\u0119k uruchamiana silnika oraz , mi\u0119kkie siedzenie, mi\u0119kkie ko\u0142a, wej\u015bcie na USB, MP3, slot na kart\u0119 pami\u0119ci.Gwarancja: pisemna 12 miesi\u0119cyWymiar opakowania118,5cm x 61 cm x 32 cmWaga z opakowaniem.17,5 kgWysy\u0142ka i monta\u017c:Pojazd do monta\u017cu wysy\u0142any w oryginalnym kartonie &#8211; czas monta\u017cu ok 15-30 minutTablica z przodu:14cmx 4 cmTablica z ty\u0142u:14 x 3,5 cmW komplecie:Do ka\u017cdego pojazdu pisemna gwarancja na 12 miesi\u0119cy.Paragon fiskalny ( lub FV),Instrukcja obs\u0142ugi w j\u0119zyku polskim.Zapewniamy serwis gwarancyjny i pogwarancyjny pojazd\u00f3w.Wszystkie nasze zabawki posiadaj\u0105 certyfikat CE &#8211; czyli s\u0105 w pe\u0142ni bezpieczne.Dbamy o bezpiecze\u0144stwo dzieci.Wszystkie nasze pojazdy posiadaj\u0105 wszystkie wymagane atesty i certyfikaty.Ostrze\u017cenia:1. Monta\u017c musi by\u0107 wykonany przez osob\u0119 doros\u0142\u0105.2. Jazda zawsze musi odbywa\u0107 si\u0119 pod nadzorem osoby doros\u0142ej nie nale\u017cy je\u017adzi\u0107 po drogach publicznych ( w ruchu publicznym) w pobli\u017cu miejsc niebezpiecznych, mo\u017ce to skutkowa\u0107 wypadkiem.3. Nale\u017cy stosowa\u0107 wyposa\u017cenie ochronne typu kask, ochraniacze na kolana, ochraniacze na \u0142okcie.4. Przeznaczenie od: 3 do 6 lat.<\/p>\n<h2>SUPER-TOYS ORYGINALNE AUDI R8 MI\u0118KKIE KO\u0141A MI\u0118KKIE SIEDZENIE MOCNY,\/R8 Super-Toys<\/h2>\n<p>kolorowanka peppa, zagadki co to jest, \u0142atwe laurki, dorian, kolorowanki lol surprise, carmen imie, wzory dyplom\u00f3w do pobrania, dziewczynka z parku pytania i odpowiedzi, jak narysowa\u0107 konia<\/p>\n<p>yyyyy<\/p>\n<p>&nbsp;<\/p>\n","protected":false},"excerpt":{"rendered":"<p>Absolutna nowo\u015b\u0107 !!!!!!W tym poje\u017adzie zastosowano najmocniejsze silniki oraz ko\u0142a EVAWersja pojazdu EXCLUSIVEAuto na akumulatorAUDI R8pojazd na licencji AUDI z systemem ESW &#8211; system wolnego startu i hamulcem &#8211; najmocniejsza wersja pojazdu z wspania\u0142ym wyposa\u017ceniem.Nap\u0119dzany dwoma silnikami 45 W.Mi\u0119kkie ko\u0142a EVA pojazd je\u017adzi cicho, wska\u017anik na\u0142adowania akumulatora oraz bezpo\u015brednie dora\u017ane sterowanie pojazdem za pomoc\u0105 inteligentnego [&hellip;]<\/p>\n","protected":false},"featured_media":75,"comment_status":"closed","ping_status":"open","template":"","meta":[],"product_cat":[24,51],"product_tag":[666,645,732,798,843,641],"class_list":["post-74","product","type-product","status-publish","has-post-thumbnail","hentry","product_cat-samochody-dla-dzieci","product_cat-super-toys","product_tag-afrykanskie-imiona","product_tag-latwe-zagadki","product_tag-prezent-dla-rocznego-chlopca","product_tag-prezenty-dla-nastolatki","product_tag-smieszne-zagadki-dla-dzieci","product_tag-trudne-zagadki-logiczne"],"_links":{"self":[{"href":"http:\/\/klubmamgdynia.pl\/index.php\/wp-json\/wp\/v2\/product\/74","targetHints":{"allow":["GET"]}}],"collection":[{"href":"http:\/\/klubmamgdynia.pl\/index.php\/wp-json\/wp\/v2\/product"}],"about":[{"href":"http:\/\/klubmamgdynia.pl\/index.php\/wp-json\/wp\/v2\/types\/product"}],"replies":[{"embeddable":true,"href":"http:\/\/klubmamgdynia.pl\/index.php\/wp-json\/wp\/v2\/comments?post=74"}],"wp:featuredmedia":[{"embeddable":true,"href":"http:\/\/klubmamgdynia.pl\/index.php\/wp-json\/wp\/v2\/media\/75"}],"wp:attachment":[{"href":"http:\/\/klubmamgdynia.pl\/index.php\/wp-json\/wp\/v2\/media?parent=74"}],"wp:term":[{"taxonomy":"product_cat","embeddable":true,"href":"http:\/\/klubmamgdynia.pl\/index.php\/wp-json\/wp\/v2\/product_cat?post=74"},{"taxonomy":"product_tag","embeddable":true,"href":"http:\/\/klubmamgdynia.pl\/index.php\/wp-json\/wp\/v2\/product_tag?post=74"}],"curies":[{"name":"wp","href":"https:\/\/api.w.org\/{rel}","templated":true}]}}