{"id":740,"date":"2021-11-13T06:46:18","date_gmt":"2021-11-13T05:46:18","guid":{"rendered":"http:\/\/klubmamgdynia.pl\/index.php\/produkt\/medela-oslonki-piersi-formujace-2szt\/"},"modified":"2026-05-17T22:17:04","modified_gmt":"2026-05-17T20:17:04","slug":"medela-oslonki-piersi-formujace-2szt","status":"publish","type":"product","link":"http:\/\/klubmamgdynia.pl\/index.php\/produkt\/medela-oslonki-piersi-formujace-2szt\/","title":{"rendered":"Medela Os\u0142onki Piersi Formuj\u0105ce 2szt"},"content":{"rendered":"<p>Medela Os\u0142ony Piersi Formuj\u0105ce 2Szt                            <\/p>\n<p>Je\u015bli Twoje brodawki s\u0105 wkl\u0119s\u0142e lub p\u0142askie, os\u0142ony formuj\u0105ce Medela przygotuj\u0105 je do karmienia i u\u0142atwi\u0105 dziecku chwytanie piersi.Je\u017celi Twoje brodawki s\u0105 wkl\u0119s\u0142e lub p\u0142askie, karmienie piersi\u0105 mo\u017ce by\u0107 nieco utrudnione \u2013 ale z pewno\u015bci\u0105 nadal mo\u017cliwe! Niekt\u00f3re niemowl\u0119ta mog\u0105 mie\u0107 problemy z chwytaniem p\u0142askich brodawek, co cz\u0119sto wywo\u0142uje ich bolesno\u015b\u0107. Ponadto wkl\u0119s\u0142e lub p\u0142askie brodawki cz\u0119sto nie dosi\u0119gaj\u0105 do podniebienia dziecka, przez co nie nast\u0119puje odruch ssania. Pami\u0119taj jednak, \u017ce wiele kobiet z podobnym kszta\u0142tem brodawek nie napotyka \u017cadnych problem\u00f3w z karmieniem piersi\u0105. By\u0107 mo\u017ce zaobserwujesz, \u017ce na skutek zmian zachodz\u0105cych w piersiach podczas ci\u0105\u017cy Twoje brodawki samoczynnie stan\u0105 si\u0119 bardziej wypuk\u0142e. Je\u017celi tak si\u0119 nie stanie, mo\u017cesz wypr\u00f3bowa\u0107 os\u0142ony formuj\u0105ce piersi.                            <\/p>\n<p>Delikatny ucisk zmienia kszta\u0142t p\u0142askich lub wkl\u0119s\u0142ych brodawek, przygotowuj\u0105c je do karmienia piersi\u0105Elastyczna membrana jest przyjemna dla sk\u00f3ryKszta\u0142t os\u0142on jest wygodny i dobrze dopasowuje si\u0119 do piersiDzi\u0119ki niskiemu profilowi os\u0142ony nie odznaczaj\u0105 si\u0119 pod ubraniemJeden rozmiar pasuje do kszta\u0142t\u00f3w wszystkich mamBez BPA                            <\/p>\n<p>Jak dzia\u0142aj\u0105 os\u0142ony formuj\u0105ce Medela?Nak\u0142adki formuj\u0105ce piersi poddaj\u0105 otoczk\u0119 (obszar ciemniejszej sk\u00f3ry wok\u00f3\u0142 brodawki) dzia\u0142aniu delikatnego ci\u015bnienia w celu stopniowego wyci\u0105gni\u0119cia p\u0142askiej lub wkl\u0119s\u0142ej brodawki.Kiedy mog\u0119 rozpocz\u0105\u0107 stosowanie os\u0142on formuj\u0105cych?Os\u0142ony formuj\u0105ce brodawki sutkowe mo\u017cesz stosowa\u0107 ju\u017c w czasie ci\u0105\u017cy, pocz\u0105wszy od oko\u0142o 32. tygodnia. Je\u017celi jednak wyst\u0119puje u Ciebie schorzenie zwane niewydolno\u015bci\u0105 szyjki macicy lub ryzyko przedwczesnego porodu, zapytaj specjalist\u0119 o odpowiedni moment zastosowania os\u0142on formuj\u0105cych piersi, poniewa\u017c stymulacja brodawek mo\u017ce wywo\u0142a\u0107 skurcze. Na pocz\u0105tku zak\u0142adaj os\u0142ony na godzin\u0119 dziennie, a nast\u0119pnie stopniowo wyd\u0142u\u017caj ten czas a\u017c do o\u015bmiu godzin na dzie\u0144. W razie konieczno\u015bci mo\u017cesz nadal stosowa\u0107 os\u0142ony po narodzinach dziecka \u2013 zak\u0142adaj je pomi\u0119dzy sesjami karmienia, od 30 do 60 minut przed karmieniem. Unikaj jednak zak\u0142adania ich na noc, poniewa\u017c mo\u017ce to spowodowa\u0107 bolesno\u015b\u0107 brodawek.                            <\/p>\n<p>Os\u0142ony formuj\u0105ce Medela: Jak ich u\u017cywa\u0107?Os\u0142ony formuj\u0105ce Medela sk\u0142adaj\u0105 si\u0119 z dw\u00f3ch cz\u0119\u015bci: mi\u0119kkiej, elastycznej membrany silikonowej, kt\u00f3ra jest przyjemna dla sk\u00f3ry, oraz cz\u0119\u015bci zewn\u0119trznej, w kt\u00f3rej g\u00f3rnej cz\u0119\u015bci znajduj\u0105 si\u0119 otwory umo\u017cliwiaj\u0105ce obieg powietrza i redukuj\u0105ce wilgo\u0107. Kszta\u0142t os\u0142ony zosta\u0142 opracowany tak, aby komfortowo i blisko przylega\u0107 do sk\u00f3ry, a jego niski profil sprawia, \u017ce nak\u0142adki nie s\u0105 widoczne przez ubrania. Aby za\u0142o\u017cy\u0107 os\u0142on\u0119, wykonaj nast\u0119puj\u0105ce kroki:Za\u0142\u00f3\u017c silikonow\u0105 membran\u0119 na zewn\u0119trzn\u0105 cz\u0119\u015b\u0107, dociskaj\u0105c j\u0105 wok\u00f3\u0142 ca\u0142ego obwodu.Po z\u0142o\u017ceniu w\u0142\u00f3\u017c os\u0142on\u0119 formuj\u0105c\u0105 do biustonosza, tak aby otw\u00f3r w membranie znajdowa\u0142 si\u0119 naprzeciwko brodawki. Otwory wentylacyjne musz\u0105 by\u0107 skierowane w g\u00f3r\u0119.W ci\u0105gu dnia w os\u0142onach formuj\u0105cych mo\u017ce gromadzi\u0107 si\u0119 mleko. Nie podawaj go dziecku; zamiast tego wylej nagromadzony pokarm podczas czyszczenia os\u0142on.Jak czy\u015bci\u0107 os\u0142ony formuj\u0105ce brodawkiPodobnie jak inne akcesoria do karmienia, tak\u017ce os\u0142ony formuj\u0105ce wymagaj\u0105 dba\u0142o\u015bci o higien\u0119. Nale\u017cy zdezynfekowa\u0107 je przed pierwszym u\u017cyciem, a nast\u0119pnie powtarza\u0107 t\u0119 czynno\u015b\u0107 raz na dzie\u0144. Dezynfekcja jest jednak \u0142atwa i szybka:Oddziel od siebie cz\u0119\u015bci muszli i w\u0142\u00f3\u017c je do niewielkiego naczynia wype\u0142nionego zimn\u0105 wod\u0105 \u2013 najlepiej destylowan\u0105. Je\u017celi u\u017cywasz wody z kranu, dodaj do niej \u0142y\u017ceczk\u0119 kwasu cytrynowego, kt\u00f3ry zapobiegnie osadzaniu si\u0119 kamienia.Doprowad\u017a wod\u0119 do wrzenia i pozw\u00f3l jej gotowa\u0107 si\u0119 przez oko\u0142o pi\u0119\u0107 minut.Ostro\u017cnie wylej wod\u0119 i roz\u0142\u00f3\u017c cz\u0119\u015bci os\u0142ony formuj\u0105cej do wyschni\u0119cia na czystej \u015bciereczce.Mo\u017cesz tak\u017ce skorzysta\u0107 z torebki do dezynfekcji w mikrofal\u00f3wce Medela Quick Clean\u2122.Wa\u017cne jest tak\u017ce, aby czy\u015bci\u0107 os\u0142ony formuj\u0105ce po ka\u017cdym u\u017cyciu, oddzielaj\u0105c od siebie cz\u0119\u015bci os\u0142ony, myj\u0105c je \u0142agodnym roztworem czyszcz\u0105cym, p\u0142ucz\u0105c dok\u0142adnie zimn\u0105 wod\u0105 i pozostawiaj\u0105c do wyschni\u0119cia na czystej \u015bciereczce.                            <\/p>\n<p>SPRAWD\u0179 POZOSTA\u0141E OS\u0141ONKI MEDELA                            <\/p>\n<p>            Medela Os\u0142ony Piersi Ochronne 2Szt <\/p>\n<p>                    Zobacz<\/p>\n<p>            Medela Os\u0142onki Piersi Formuj\u0105ce 2szt<\/p>\n<p>                    Zobacz<\/p>\n<h2>Medela Os\u0142onki Piersi Formuj\u0105ce 2szt Medela<\/h2>\n<p>prezenty na roczek, cytaty o mi\u0142o\u015bci kubu\u015b puchatek, zagadki dla 4 latka do druku, cytaty o wychowaniu i nauczaniu<\/p>\n<p>yyyyy<\/p>\n<p>&nbsp;<\/p>\n","protected":false},"excerpt":{"rendered":"<p>Medela Os\u0142ony Piersi Formuj\u0105ce 2Szt Je\u015bli Twoje brodawki s\u0105 wkl\u0119s\u0142e lub p\u0142askie, os\u0142ony formuj\u0105ce Medela przygotuj\u0105 je do karmienia i u\u0142atwi\u0105 dziecku chwytanie piersi.Je\u017celi Twoje brodawki s\u0105 wkl\u0119s\u0142e lub p\u0142askie, karmienie piersi\u0105 mo\u017ce by\u0107 nieco utrudnione \u2013 ale z pewno\u015bci\u0105 nadal mo\u017cliwe! Niekt\u00f3re niemowl\u0119ta mog\u0105 mie\u0107 problemy z chwytaniem p\u0142askich brodawek, co cz\u0119sto wywo\u0142uje ich [&hellip;]<\/p>\n","protected":false},"featured_media":741,"comment_status":"closed","ping_status":"open","template":"","meta":[],"product_cat":[267,238],"product_tag":[758,644,850,791,756],"class_list":["post-740","product","type-product","status-publish","has-post-thumbnail","hentry","product_cat-medela","product_cat-oslonki-na-piersi","product_tag-julian","product_tag-mia","product_tag-wroclaw-atrakcje-dla-dzieci","product_tag-zagadki-na-myslenie","product_tag-zaproszenie-na-urodziny-do-druku"],"_links":{"self":[{"href":"http:\/\/klubmamgdynia.pl\/index.php\/wp-json\/wp\/v2\/product\/740","targetHints":{"allow":["GET"]}}],"collection":[{"href":"http:\/\/klubmamgdynia.pl\/index.php\/wp-json\/wp\/v2\/product"}],"about":[{"href":"http:\/\/klubmamgdynia.pl\/index.php\/wp-json\/wp\/v2\/types\/product"}],"replies":[{"embeddable":true,"href":"http:\/\/klubmamgdynia.pl\/index.php\/wp-json\/wp\/v2\/comments?post=740"}],"wp:featuredmedia":[{"embeddable":true,"href":"http:\/\/klubmamgdynia.pl\/index.php\/wp-json\/wp\/v2\/media\/741"}],"wp:attachment":[{"href":"http:\/\/klubmamgdynia.pl\/index.php\/wp-json\/wp\/v2\/media?parent=740"}],"wp:term":[{"taxonomy":"product_cat","embeddable":true,"href":"http:\/\/klubmamgdynia.pl\/index.php\/wp-json\/wp\/v2\/product_cat?post=740"},{"taxonomy":"product_tag","embeddable":true,"href":"http:\/\/klubmamgdynia.pl\/index.php\/wp-json\/wp\/v2\/product_tag?post=740"}],"curies":[{"name":"wp","href":"https:\/\/api.w.org\/{rel}","templated":true}]}}