{"id":7400,"date":"2012-12-25T15:48:18","date_gmt":"2012-12-25T14:48:18","guid":{"rendered":"http:\/\/klubmamgdynia.pl\/index.php\/produkt\/eve-lozeczko-dla-dziecka-z-tektury-hap\/"},"modified":"2026-04-14T03:40:42","modified_gmt":"2026-04-14T01:40:42","slug":"eve-lozeczko-dla-dziecka-z-tektury-hap","status":"publish","type":"product","link":"http:\/\/klubmamgdynia.pl\/index.php\/produkt\/eve-lozeczko-dla-dziecka-z-tektury-hap\/","title":{"rendered":"Eve \u0141\u00f3\u017ceczko Dla Dziecka Z Tektury Hap"},"content":{"rendered":"<p>EVE \u0141\u00f3\u017ceczko dla Dziecka z Tektury HAPNumer kat. EVEHA001HAP to \u0142\u00f3\u017ceczko dla dziecka wykonane w ca\u0142o\u015bci z tektury i idealnie pasuje do designerskich mebli w Twoim mieszkaniu. \u0141\u00f3\u017ceczko dla dziecka z tektury HAP montuje si\u0119 w prosty i szybki spos\u00f3b bez wykorzystania narz\u0119dzi. Ekologiczne \u0142\u00f3\u017ceczko z tektury HAP ro\u015bnie wraz z dzieckiem, w \u0142atwy spos\u00f3b mo\u017cesz regulowa\u0107 wysoko\u015b\u0107 spodu przez co \u0142\u00f3\u017ceczko zapewni rado\u015b\u0107 dziecku przez d\u0142ugi czas.Kiedy Twoje dziecko wyro\u015bnie z \u0142\u00f3\u017ceczka, HAP mo\u017cna \u0142atwo przekszta\u0142ci\u0107 w pi\u0119kn\u0105 kreatywn\u0105 zabawk\u0119 zamek do zabawy. Odwracasz pude\u0142ko, wycinasz dwa szczebelki i voil\u00e0, wej\u015bcie do zamku gotowe. Godziny pe\u0142ne kreatywnej zabawy gwarantowane.Do \u0142\u00f3\u017ceczka idealnie pasuj\u0105 nasze maty do \u0142\u00f3\u017ceczka MATTY.Cechy:- Produkt ekologiczny. Wykonany z tektury i w 100% nadaj\u0105cy si\u0119 do recyklingu- \u0141\u00f3\u017ceczko dla dziecka z tektury jest lekkie i \u0142atwe w przenoszeniu. Pi\u0119knie wygl\u0105da\u0107 b\u0119dzie w ka\u017cdym wn\u0119trzu.- Prosty monta\u017c: Bez u\u017cycia narz\u0119dzi- \u0141\u00f3\u017ceczko ro\u015bnie razem z dzieckiem- Mo\u017cliwo\u015b\u0107 wykorzystania r\u00f3wnie\u017c jako kreatywna zabawka dla dzieckaMateria\u0142: TekturaWymiary produktu:EVE to niderlandzka marka, kt\u00f3ra opracowuje i produkuje innowacyjne produkty, kt\u00f3re u\u0142atwiaj\u0105 \u017cycie m\u0142odym rodzicom.Urodzenie dziecka to najwi\u0119ksza i najpi\u0119kniejsza zmiana w Twoim \u017cyciu. To ogromne wzbogacenie Ciebie!Jednak niekt\u00f3re rzeczy, kt\u00f3re wcze\u015bniej wydawa\u0142y si\u0119 tak proste, mog\u0105 sta\u0107 si\u0119 bardziej skomplikowane w przypadku dziecka. We\u017amy na przyk\u0142ad robienie zakup\u00f3w lub szybkie za\u0142atwienie spraw na mie\u015bcie. W dzisiejszym spo\u0142ecze\u0144stwie, w kt\u00f3rym robienie kariery i nad\u0105\u017canie za \u017cyciem towarzyskim to istotne aspekty, sp\u0119dzanie czasu z dzie\u0107mi i upewnianie si\u0119, \u017ce robisz to z odpowiedni\u0105 ilo\u015bci\u0105 uwagi i zabawy, jest niezb\u0119dne.Produkty u\u0142atwiaj\u0105 wyj\u015bcie z dzie\u0107mi i jednocze\u015bnie dobrze wygl\u0105daj\u0105. Pi\u0119kne, funkcjonalne wytwarzane w odpowiedzialny spos\u00f3b. W ten spos\u00f3b mo\u017cesz cieszy\u0107 si\u0119 cennym czasem z dzie\u0107mi.od 0 miesi\u0119cych\u0142opiec\/dziewczynkabr\u0105zowytektura<\/p>\n<h2>Eve \u0141\u00f3\u017ceczko Dla Dziecka Z Tektury Hap EVE<\/h2>\n<p>rebusy i krzy\u017c\u00f3wki dla dzieci do druku, co oznacza imi\u0119 alan, najtrudniejsze zagadki, quizy dla dzieci, kolorowanka ze zdj\u0119cia, gad\u017cety dla m\u0142odzie\u017cy 2020, najlepsze \u017carty na prima aprilis, zagadki logiczne \u015bmieszne, gabriel imi\u0119, szczotka pasta kubek ciep\u0142a woda tekst, zygzak mcqueen kolorowanka, zdrowe przepisy dla dzieci, prezent dla 15 latki 2021, cytaty o rodzinie, filmy na \u015bwi\u0119ta bo\u017cego narodzenia, kolorowanki do druku kotki, zabawy z 7 latkiem, plac zabaw pozna\u0144, \u0142amig\u0142\u00f3wki matematyczne, rymowane zagadki dla dzieci<\/p>\n<p>yyyyy<\/p>\n<p>&nbsp;<\/p>\n","protected":false},"excerpt":{"rendered":"<p>EVE \u0141\u00f3\u017ceczko dla Dziecka z Tektury HAPNumer kat. EVEHA001HAP to \u0142\u00f3\u017ceczko dla dziecka wykonane w ca\u0142o\u015bci z tektury i idealnie pasuje do designerskich mebli w Twoim mieszkaniu. \u0141\u00f3\u017ceczko dla dziecka z tektury HAP montuje si\u0119 w prosty i szybki spos\u00f3b bez wykorzystania narz\u0119dzi. Ekologiczne \u0142\u00f3\u017ceczko z tektury HAP ro\u015bnie wraz z dzieckiem, w \u0142atwy spos\u00f3b [&hellip;]<\/p>\n","protected":false},"featured_media":7401,"comment_status":"closed","ping_status":"open","template":"","meta":[],"product_cat":[1586,935],"product_tag":[685,832,674,604],"class_list":["post-7400","product","type-product","status-publish","has-post-thumbnail","hentry","product_cat-eve","product_cat-lozeczka-dzieciece","product_tag-cytaty-o-rodzinie","product_tag-desery-dla-dzieci","product_tag-miasto-dzieci","product_tag-zagadki-trudne"],"_links":{"self":[{"href":"http:\/\/klubmamgdynia.pl\/index.php\/wp-json\/wp\/v2\/product\/7400","targetHints":{"allow":["GET"]}}],"collection":[{"href":"http:\/\/klubmamgdynia.pl\/index.php\/wp-json\/wp\/v2\/product"}],"about":[{"href":"http:\/\/klubmamgdynia.pl\/index.php\/wp-json\/wp\/v2\/types\/product"}],"replies":[{"embeddable":true,"href":"http:\/\/klubmamgdynia.pl\/index.php\/wp-json\/wp\/v2\/comments?post=7400"}],"wp:featuredmedia":[{"embeddable":true,"href":"http:\/\/klubmamgdynia.pl\/index.php\/wp-json\/wp\/v2\/media\/7401"}],"wp:attachment":[{"href":"http:\/\/klubmamgdynia.pl\/index.php\/wp-json\/wp\/v2\/media?parent=7400"}],"wp:term":[{"taxonomy":"product_cat","embeddable":true,"href":"http:\/\/klubmamgdynia.pl\/index.php\/wp-json\/wp\/v2\/product_cat?post=7400"},{"taxonomy":"product_tag","embeddable":true,"href":"http:\/\/klubmamgdynia.pl\/index.php\/wp-json\/wp\/v2\/product_tag?post=7400"}],"curies":[{"name":"wp","href":"https:\/\/api.w.org\/{rel}","templated":true}]}}