{"id":7402,"date":"2017-09-17T12:40:18","date_gmt":"2017-09-17T10:40:18","guid":{"rendered":"http:\/\/klubmamgdynia.pl\/index.php\/produkt\/panaseus-dobra-podroz-50kaps\/"},"modified":"2026-04-05T19:56:20","modified_gmt":"2026-04-05T17:56:20","slug":"panaseus-dobra-podroz-50kaps","status":"publish","type":"product","link":"http:\/\/klubmamgdynia.pl\/index.php\/produkt\/panaseus-dobra-podroz-50kaps\/","title":{"rendered":"Panaseus Dobra Podr\u00f3\u017c 50kaps."},"content":{"rendered":"<p>Dobra podr\u00f3\u017c 50 kapsu\u0142ek Panaseus Suplement diety Je\u015bli cz\u0119sto podr\u00f3\u017cujesz, prawdopodobnie zale\u017cy Ci na komforcie i wsparciu organizmu, kt\u00f3ry mo\u017ce nie zawsze radzi\u0107 sobie dobrze z przebywaniem w poruszaj\u0105cym si\u0119 poje\u017adzie. Okazuje si\u0119, \u017ce nawet 30% spo\u0142ecze\u0144stwa mo\u017ce odczuwa\u0107 lokomocj\u0119 jako nieprzyjemn\u0105, szukaj\u0105c wi\u0119kszej dozy spokoju i poprawy samopoczucia. Imbir: wspiera dobre samopoczucie podczas podr\u00f3\u017cy. Witamina B6: pomaga w prawid\u0142owym funkcjonowaniu uk\u0142adu nerwowego oraz zmniejsza uczucie zm\u0119czenia i znu\u017cenia. Mi\u0119ta pieprzowa: przyczynia si\u0119 do prawid\u0142owego funkcjonowania uk\u0142adu pokarmowego. Melisa lekarska: wspomaga relaksacj\u0119. Sk\u0142adnik aktywny 1 kapsu\u0142ka Imbir &#8211; ekstrakt 10:1 45 mg Witamina B6 18 mg Mi\u0119ta pieprzowa \u2013 ekstrakt 10:1 250 mg Melisa lekarska \u2013 ekstrakt 10:1 60 mg *RWS \u2013 referencyjna warto\u015b\u0107 spo\u017cycia Zalecane spo\u017cycie:1 kapsu\u0142ka godzin\u0119 przed podr\u00f3\u017c\u0105 lub podczas jej trwania. Spos\u00f3b u\u017cycia:Po\u0142kn\u0105\u0107 i popi\u0107 du\u017c\u0105 ilo\u015bci\u0105 wody. Sk\u0142adniki:ekstrakt z li\u015bci mi\u0119ty pieprzowej (Mentha piperita) 10:1, ekstrakt z li\u015bci melisy lekarskiej (Melissa officinalis) 10:1, ekstrakt z k\u0142\u0105cza imbiru (Zingiber officinale) 10:1, pirydoksyna HCL (witamina B6). Sk\u0142ad kapsu\u0142ki:celuloza ro\u015blinna (wegetaria\u0144skie).Podmiot odpowiedzialny: YANGO Sp. z o.o. Masa netto: 23,2 g. \u015arodki ostro\u017cno\u015bci: Nie nale\u017cy przekracza\u0107 zalecanej dziennej porcji do spo\u017cycia w ci\u0105gu dnia. Produkt nie mo\u017ce by\u0107 stosowany przez kobiety w ci\u0105\u017cy, karmi\u0105ce i dzieci bez konsultacji lekarskiej. Produkt nie mo\u017ce by\u0107 stosowany jako substytut zr\u00f3\u017cnicowanej diety. Nie stosowa\u0107 w przypadku uczulenia na kt\u00f3rykolwiek ze sk\u0142adnik\u00f3w. Zalecamy zr\u00f3wnowa\u017cony spos\u00f3b \u017cywienia i zdrowy tryb \u017cycia. Chroni\u0107 przed \u015bwiat\u0142em, przechowywa\u0107 w temperaturze pokojowej, w suchym miejscu niedost\u0119pnym dla ma\u0142ych dzieci. Informacja alergiczna:Nie zawiera skorupiak\u00f3w, jaj, ryb, orzech\u00f3w, soi, sk\u0142adnik\u00f3w mlecznych, selera, gorczycy, sezamu. Produkowane bez u\u017cycia sztucznych substancji konserwuj\u0105cych, zapachowych lub barwi\u0105cych.Produkt wolny od metali ci\u0119\u017ckich, takich jak arsen, kadm, o\u0142\u00f3w czy rt\u0119\u0107. G\u0142\u00f3wny Inspektorat Sanitarny:2022\/05\/25\/SD\/EA1C27 Producent: Yango<\/p>\n<h2>Panaseus Dobra Podr\u00f3\u017c 50kaps. Yango<\/h2>\n<p>ja\u015bmina imi\u0119, tymoteusz znaczenie imienia, kolorowanka lego ninjago, tabliczka mno\u017cenia kolorowanki do wydruku, zagadki kr\u00f3tkie, calineczka test z odpowiedziami, fajne rzeczy dla nastolatk\u00f3w, kolorowanki do druku pokemon, kanapki dla dzieci<\/p>\n<p>yyyyy<\/p>\n<p>&nbsp;<\/p>\n","protected":false},"excerpt":{"rendered":"<p>Dobra podr\u00f3\u017c 50 kapsu\u0142ek Panaseus Suplement diety Je\u015bli cz\u0119sto podr\u00f3\u017cujesz, prawdopodobnie zale\u017cy Ci na komforcie i wsparciu organizmu, kt\u00f3ry mo\u017ce nie zawsze radzi\u0107 sobie dobrze z przebywaniem w poruszaj\u0105cym si\u0119 poje\u017adzie. Okazuje si\u0119, \u017ce nawet 30% spo\u0142ecze\u0144stwa mo\u017ce odczuwa\u0107 lokomocj\u0119 jako nieprzyjemn\u0105, szukaj\u0105c wi\u0119kszej dozy spokoju i poprawy samopoczucia. Imbir: wspiera dobre samopoczucie podczas podr\u00f3\u017cy. [&hellip;]<\/p>\n","protected":false},"featured_media":7403,"comment_status":"closed","ping_status":"open","template":"","meta":[],"product_cat":[184,1593],"product_tag":[859,612,594,809,701],"class_list":["post-7402","product","type-product","status-publish","has-post-thumbnail","hentry","product_cat-uklad-pokarmowy-i-trawienie","product_cat-yango","product_tag-dobranoc-pchly-na-noc","product_tag-kolorowanki-do-druku","product_tag-podchwytliwe-zagadki-dla-dzieci","product_tag-zagadki","product_tag-zgadywanki-dla-dzieci"],"_links":{"self":[{"href":"http:\/\/klubmamgdynia.pl\/index.php\/wp-json\/wp\/v2\/product\/7402","targetHints":{"allow":["GET"]}}],"collection":[{"href":"http:\/\/klubmamgdynia.pl\/index.php\/wp-json\/wp\/v2\/product"}],"about":[{"href":"http:\/\/klubmamgdynia.pl\/index.php\/wp-json\/wp\/v2\/types\/product"}],"replies":[{"embeddable":true,"href":"http:\/\/klubmamgdynia.pl\/index.php\/wp-json\/wp\/v2\/comments?post=7402"}],"wp:featuredmedia":[{"embeddable":true,"href":"http:\/\/klubmamgdynia.pl\/index.php\/wp-json\/wp\/v2\/media\/7403"}],"wp:attachment":[{"href":"http:\/\/klubmamgdynia.pl\/index.php\/wp-json\/wp\/v2\/media?parent=7402"}],"wp:term":[{"taxonomy":"product_cat","embeddable":true,"href":"http:\/\/klubmamgdynia.pl\/index.php\/wp-json\/wp\/v2\/product_cat?post=7402"},{"taxonomy":"product_tag","embeddable":true,"href":"http:\/\/klubmamgdynia.pl\/index.php\/wp-json\/wp\/v2\/product_tag?post=7402"}],"curies":[{"name":"wp","href":"https:\/\/api.w.org\/{rel}","templated":true}]}}