{"id":7406,"date":"2013-04-11T01:16:56","date_gmt":"2013-04-10T23:16:56","guid":{"rendered":"http:\/\/klubmamgdynia.pl\/index.php\/produkt\/done-by-deer-mata-edukacyjna-sea-blue\/"},"modified":"2026-04-04T02:13:49","modified_gmt":"2026-04-04T00:13:49","slug":"done-by-deer-mata-edukacyjna-sea-blue","status":"publish","type":"product","link":"http:\/\/klubmamgdynia.pl\/index.php\/produkt\/done-by-deer-mata-edukacyjna-sea-blue\/","title":{"rendered":"Done by Deer Mata edukacyjna Sea Blue"},"content":{"rendered":"<p>Done by Deer Mata edukacyjna Sea BlueDziecko od pierwszych dni swojego \u017cycia powinno otacza\u0107 si\u0119 przedmiotami w zupe\u0142no\u015bci bezpiecznymi dla niego, pobudzaj\u0105cymi wyobra\u017ani\u0119 i wspomagaj\u0105cymi jego rozw\u00f3j. \u015awie\u017co upieczeni rodzice cz\u0119sto zastanawiaj\u0105 si\u0119 co najlepiej sprawdzi si\u0119 jako miejsce zabaw dla niemowl\u0119cia, kt\u00f3re pos\u0142u\u017cy mu przez d\u0142u\u017cszy okres czasu. W wi\u0119kszo\u015bci przypadk\u00f3w decyduj\u0105 si\u0119 oni na maty edukacyjne. Na rynku jest dost\u0119pnych wiele jej rodzai, r\u00f3\u017cni\u0105 si\u0119 one kolorem, rozmiarem, ilo\u015bci\u0105 zabawek. W\u015br\u00f3d tak bogatego asortymentu cz\u0119sto mo\u017cna poczu\u0107 si\u0119 przyt\u0142oczonym i zdezorientowanym. Z pewno\u015bci\u0105 utrudni to wyb\u00f3r odpowiedniego modelu.Dlatego z my\u015bl\u0105 o strapionych rodzicach i maluchach spragnionych nowych wra\u017ce\u0144 zosta\u0142a stworzona Done by Deer Mata edukacyjna Sea Blue:\u2714\ufe0fza spraw\u0105 \u017cywej kolorystyki i zabawek zamieszczonych na pa\u0142\u0105ku maluch pobudzi zmys\u0142y s\u0142uchu i wzroku, zmobilizuje si\u0119 do aktywnej zabawy oraz b\u0119dzie doskonali\u0142 koordynacj\u0119 ruchow\u0105.\u2714\ufe0fmata ta pos\u0142u\u017cy dziecku na wiele miesi\u0119cy. Pocz\u0105tkowo mo\u017ce by\u0107 u\u017cywana jako le\u017canka, na kt\u00f3rej niemowl\u0119 obserwuje i pr\u00f3buje chwyta\u0107 wisz\u0105ce nad nim zabawki. W kolejnym etapie b\u0119dzie mobilizowa\u0107 je do \u0107wicze\u0144 ruchowych takich jak podnoszenie g\u0142\u00f3wki le\u017c\u0105c na brzuszku aby mierzy\u0107 wzrokiem morskie zwierz\u0105tka. Nast\u0119pnie, gdy dziecko opanuje technik\u0119 samodzielnego siedzenia mata stanie si\u0119 placem zabaw z prawdziwego zdarzenia &#8211; dziecko za spraw\u0105 wy\u017cej umieszczonych pa\u0142\u0105k\u00f3w b\u0119dzie mog\u0142o si\u0119 podci\u0105ga\u0107, wspina\u0107, wstawa\u0107 a nawet mo\u017ce ona pom\u00f3c w stawianiu pierwszych krok\u00f3w.\u2714\ufe0fmata edukacyjna Done by Deer to r\u00f3wnie\u017c gwarancja bezpiecze\u0144stwa dziecka. Dzi\u0119ki skutecznej izolacji od zimnego pod\u0142o\u017ca sp\u0119dzanie na niej czasu przyniesie dziecku uczucie komfortu i wygody. Ma\u0142o tego! Mata jest doskona\u0142\u0105 alternatyw\u0105 dla zabaw na kanapie, z kt\u00f3rym maluch mo\u017ce spa\u015b\u0107 i finalnie odnie\u015b\u0107 obra\u017cenia. Produkt nie \u015blizga si\u0119 po pod\u0142o\u017cu, podczas u\u017cywania nie zroluje si\u0119 oraz jest \u0142atwa do zapakowania i transportu.\u2714\ufe0fzar\u00f3wno mata, jak i zabawki wykonane s\u0105 z przyjemnego materia\u0142u (100 % poliester, wype\u0142nienie 100 % w\u0142\u00f3kna poliestrowe), nie wymaga ona szczeg\u00f3lnej piel\u0119gnacji &#8211; wystarczy wypra\u0107 j\u0105 w 40 stopniach w pralce. Nie ma potrzeby jej prasowania, suszenia w suszarce, czyszczenia chemicznego, wybielania czy chlorowania.\u2714\ufe0fdzi\u0119ki swoim sporym rozmiarom (\u015brednica 90 cm, wysoko\u015b\u0107 48 cm) mo\u017ce pos\u0142u\u017cy\u0107 dzieciom nawet od narodzin do powy\u017cej pierwszego roku \u017cycia. Ponadto maluch ma miejsce na trenowanie obrot\u00f3w, przekr\u0119cania si\u0119, siadania i wstawania.\u2714\ufe0fza spraw\u0105 odpinanych i przesuwanych maskotek do\u0142\u0105czonych do zestawu maty, mog\u0105 pos\u0142u\u017cy\u0107 one jako zabawki do trzymania w r\u0105czkach niemowl\u0119cia. Istnieje r\u00f3wnie\u017c mo\u017cliwo\u015b\u0107 dopinania do pa\u0142\u0105ka innych ulubionych zabawek dziecka.\u2714\ufe0fzestaw obejmuje wy\u017cej wspomniane maskotki &#8211; trzy morskie zwierz\u0105tka. Maluch z pewno\u015bci\u0105 zainteresuje si\u0119 szeleszcz\u0105cym d\u017awi\u0119kiem Jelly oraz s\u0142odkim dzwonkiem Wallyego, pobudzaj\u0105c jednocze\u015bnie zmys\u0142 dotyku i s\u0142uchu. Lusterko zapewni dziecku wielogodzinn\u0105 zabaw\u0119 poprzez obserwacj\u0119.\u2714\ufe0fw p\u00f3\u017aniejszym okresie mata mo\u017ce pos\u0142u\u017cy\u0107 jako materacyk lub dywanik do zabawy dla starszych dzieci.\u2714\ufe0fmata b\u0119dzie r\u00f3wnie\u017c kapitalnym sposobem na chwil\u0119 wytchnienia od rodzicielskich obowi\u0105zk\u00f3w. Dzi\u0119ki niej ka\u017cdy rodzic wygospodaruje chwil\u0119 na odpoczynek, obserwuj\u0105c jednocze\u015bnie bawi\u0105ce si\u0119 niemowl\u0119.\u2714\ufe0fze wzgl\u0119du na swe uniwersalne barwy mata b\u0119dzie odpowiednia zar\u00f3wno dla ch\u0142opca jak i dziewczynki. Mo\u017ce by\u0107 to r\u00f3wnie\u017c idealny pomys\u0142 na prezent.<\/p>\n<h2>Done by Deer Mata edukacyjna Sea Blue Done by Deer<\/h2>\n<p>kolorowanka lol, imiona \u017ce\u0144skie nietypowe, zagadki logiczne z odpowiedziami, cytaty dzie\u0144 nauczyciela, gry dla nastolatk\u00f3w, bajka o smoku<\/p>\n<p>yyyyy<\/p>\n<p>&nbsp;<\/p>\n","protected":false},"excerpt":{"rendered":"<p>Done by Deer Mata edukacyjna Sea BlueDziecko od pierwszych dni swojego \u017cycia powinno otacza\u0107 si\u0119 przedmiotami w zupe\u0142no\u015bci bezpiecznymi dla niego, pobudzaj\u0105cymi wyobra\u017ani\u0119 i wspomagaj\u0105cymi jego rozw\u00f3j. \u015awie\u017co upieczeni rodzice cz\u0119sto zastanawiaj\u0105 si\u0119 co najlepiej sprawdzi si\u0119 jako miejsce zabaw dla niemowl\u0119cia, kt\u00f3re pos\u0142u\u017cy mu przez d\u0142u\u017cszy okres czasu. W wi\u0119kszo\u015bci przypadk\u00f3w decyduj\u0105 si\u0119 oni [&hellip;]<\/p>\n","protected":false},"featured_media":7407,"comment_status":"closed","ping_status":"open","template":"","meta":[],"product_cat":[974,55],"product_tag":[864,773,872,756,733],"class_list":["post-7406","product","type-product","status-publish","has-post-thumbnail","hentry","product_cat-done-by-deer","product_cat-maty-edukacyjne","product_tag-basen-warszawa","product_tag-test-z-lektury-opowiesci-z-narnii-lew-czarownica-i-stara-szafa","product_tag-zagadki-dla-dzieci-6-lat","product_tag-zaproszenie-na-urodziny-do-druku","product_tag-zarty-na-prima-aprilis"],"_links":{"self":[{"href":"http:\/\/klubmamgdynia.pl\/index.php\/wp-json\/wp\/v2\/product\/7406","targetHints":{"allow":["GET"]}}],"collection":[{"href":"http:\/\/klubmamgdynia.pl\/index.php\/wp-json\/wp\/v2\/product"}],"about":[{"href":"http:\/\/klubmamgdynia.pl\/index.php\/wp-json\/wp\/v2\/types\/product"}],"replies":[{"embeddable":true,"href":"http:\/\/klubmamgdynia.pl\/index.php\/wp-json\/wp\/v2\/comments?post=7406"}],"wp:featuredmedia":[{"embeddable":true,"href":"http:\/\/klubmamgdynia.pl\/index.php\/wp-json\/wp\/v2\/media\/7407"}],"wp:attachment":[{"href":"http:\/\/klubmamgdynia.pl\/index.php\/wp-json\/wp\/v2\/media?parent=7406"}],"wp:term":[{"taxonomy":"product_cat","embeddable":true,"href":"http:\/\/klubmamgdynia.pl\/index.php\/wp-json\/wp\/v2\/product_cat?post=7406"},{"taxonomy":"product_tag","embeddable":true,"href":"http:\/\/klubmamgdynia.pl\/index.php\/wp-json\/wp\/v2\/product_tag?post=7406"}],"curies":[{"name":"wp","href":"https:\/\/api.w.org\/{rel}","templated":true}]}}