{"id":7408,"date":"2022-04-05T18:40:23","date_gmt":"2022-04-05T16:40:23","guid":{"rendered":"http:\/\/klubmamgdynia.pl\/index.php\/produkt\/babydream-zel-do-mycia-od-stop-glowy-zapas-500ml\/"},"modified":"2026-04-07T12:41:01","modified_gmt":"2026-04-07T10:41:01","slug":"babydream-zel-do-mycia-od-stop-glowy-zapas-500ml","status":"publish","type":"product","link":"http:\/\/klubmamgdynia.pl\/index.php\/produkt\/babydream-zel-do-mycia-od-stop-glowy-zapas-500ml\/","title":{"rendered":"Babydream \u017bel Do Mycia Od St\u00f3p G\u0142owy Zapas 500Ml"},"content":{"rendered":"<p>BABYDREAM \u017bEL DO K\u0104PIELI I SZAMPON DLA NIEMOWL\u0104TZ PANTHENOLEM I RUMIANKIEMzapas do uzupe\u0142nieniaOpakowanie: 500 ml (zakr\u0119cany worek)Waga brutto: oko\u0142o 550 gNaturalny \u017cel do mycia cia\u0142a od st\u00f3p do g\u0142owy przeznaczony do codziennej piel\u0119gnacji delikatnej sk\u00f3ry dziecka. Mo\u017cna stosowa\u0107 bezpo\u015brednio na sk\u00f3r\u0119 dziecka, jako p\u0142yn do k\u0105pieli, \u017cel do mycia oraz jako szampon do w\u0142os\u00f3w. Zawarte w nim naturalne substancje nat\u0142uszczaj\u0105 delikatn\u0105 sk\u00f3r\u0119 dziecka i zapewniaj\u0105 jej d\u0142ugotrwa\u0142\u0105 ochron\u0119 przed wysuszeniem, przez co sk\u00f3ra staje si\u0119 mi\u0119kka i delikatna.Rumianek delikatnie myje i od\u017cywia delikatn\u0105 sk\u00f3r\u0119Pantenol nie wysusza sk\u00f3ry i zachowuje naturalny kwa\u015bny p\u0142aszcz ochronnyPiel\u0119gnuje r\u00f3wnie\u017c wra\u017cliw\u0105 sk\u00f3r\u0119 doros\u0142ych.Mo\u017cna stosowa\u0107 od 1 dnia \u017cycia.Wa\u017cne informacje:Bez barwnik\u00f3wBez oleju mineralnego i parafinowegopH neutralne dla sk\u00f3ryZgodno\u015b\u0107 ze sk\u00f3r\u0105 potwierdzona dermatologicznieWega\u0144skiNie uczula i nie powoduje podra\u017cnie\u0144.Wspiera naturalny rozw\u00f3j zdrowej sk\u00f3ry.Produkt o delikatnym zapachu, do codziennego u\u017cytku.Produkt przeznaczony do u\u017cytku zewn\u0119trznego.Sk\u0142ad: Aqua, Sodium C14-16 Olefin Sulfonate, Cocamidopropyl Betaine, Sodium Chloride, Panthenol, Bisabolol, Chamomilla Recutita Flower Extract, Parfum, Denatonium Benzoate, Glyceryl Oleate, Glycerin, Coco- Glucoside, Hydroxypropyl Guar Hydroxypropyltrimonium Chloride, Propylene Glycol, Sodium Benzoate, Potassium Sorbate, Citric Acid, Sodium Sulfate.Towar pochodzi z Niemiec<\/p>\n<h2>Babydream \u017bel Do Mycia Od St\u00f3p G\u0142owy Zapas 500Ml Babydream<\/h2>\n<p>bombki do kolorowania, kolorowanka super zings, jad\u0105 jad\u0105 misie tekst, kornelia, oryginalny prezent dla nastolatk\u00f3w, \u0142atwe ale podchwytliwe zagadki, labirynt psi patrol, test z lektury miko\u0142ajek do druku, gra kulki, znaki drogowe quizy, kolorowanka smok wawelski, cytat mama, basen \u015bl\u0105sk, malowanki, zagadki na bal karnawa\u0142owy w przedszkolu, kolorowanki do druku lol<\/p>\n<p>yyyyy<\/p>\n<p>&nbsp;<\/p>\n","protected":false},"excerpt":{"rendered":"<p>BABYDREAM \u017bEL DO K\u0104PIELI I SZAMPON DLA NIEMOWL\u0104TZ PANTHENOLEM I RUMIANKIEMzapas do uzupe\u0142nieniaOpakowanie: 500 ml (zakr\u0119cany worek)Waga brutto: oko\u0142o 550 gNaturalny \u017cel do mycia cia\u0142a od st\u00f3p do g\u0142owy przeznaczony do codziennej piel\u0119gnacji delikatnej sk\u00f3ry dziecka. Mo\u017cna stosowa\u0107 bezpo\u015brednio na sk\u00f3r\u0119 dziecka, jako p\u0142yn do k\u0105pieli, \u017cel do mycia oraz jako szampon do w\u0142os\u00f3w. Zawarte [&hellip;]<\/p>\n","protected":false},"featured_media":7409,"comment_status":"closed","ping_status":"open","template":"","meta":[],"product_cat":[1594,474],"product_tag":[752,639,627,830,757],"class_list":["post-7408","product","type-product","status-publish","has-post-thumbnail","hentry","product_cat-babydream","product_cat-kosmetyki-dla-dzieci-i-niemowlat","product_tag-kuba-imie","product_tag-nela-imie","product_tag-quiz-dzieci-z-bullerbyn","product_tag-rodzina-cytaty","product_tag-test-z-lektury-ania-z-zielonego-wzgorza-klasa-6-z-odpowiedziami"],"_links":{"self":[{"href":"http:\/\/klubmamgdynia.pl\/index.php\/wp-json\/wp\/v2\/product\/7408","targetHints":{"allow":["GET"]}}],"collection":[{"href":"http:\/\/klubmamgdynia.pl\/index.php\/wp-json\/wp\/v2\/product"}],"about":[{"href":"http:\/\/klubmamgdynia.pl\/index.php\/wp-json\/wp\/v2\/types\/product"}],"replies":[{"embeddable":true,"href":"http:\/\/klubmamgdynia.pl\/index.php\/wp-json\/wp\/v2\/comments?post=7408"}],"wp:featuredmedia":[{"embeddable":true,"href":"http:\/\/klubmamgdynia.pl\/index.php\/wp-json\/wp\/v2\/media\/7409"}],"wp:attachment":[{"href":"http:\/\/klubmamgdynia.pl\/index.php\/wp-json\/wp\/v2\/media?parent=7408"}],"wp:term":[{"taxonomy":"product_cat","embeddable":true,"href":"http:\/\/klubmamgdynia.pl\/index.php\/wp-json\/wp\/v2\/product_cat?post=7408"},{"taxonomy":"product_tag","embeddable":true,"href":"http:\/\/klubmamgdynia.pl\/index.php\/wp-json\/wp\/v2\/product_tag?post=7408"}],"curies":[{"name":"wp","href":"https:\/\/api.w.org\/{rel}","templated":true}]}}