{"id":7414,"date":"2018-03-24T10:38:23","date_gmt":"2018-03-24T09:38:23","guid":{"rendered":"http:\/\/klubmamgdynia.pl\/index.php\/produkt\/komplet-poscieli-m-on-the-road-la-millou\/"},"modified":"2026-04-26T15:39:36","modified_gmt":"2026-04-26T13:39:36","slug":"komplet-poscieli-m-on-the-road-la-millou","status":"publish","type":"product","link":"http:\/\/klubmamgdynia.pl\/index.php\/produkt\/komplet-poscieli-m-on-the-road-la-millou\/","title":{"rendered":"Komplet po\u015bcieli M On the road La Millou"},"content":{"rendered":"<p>La Millou Komplet po\u015bcieli M On the road Cechy produktu : \u2714\ufe0f wymiary: ko\u0142derka: 80 x 100 cm, poduszka: 35 x 45 cm\u2714\ufe0f  wykonana jest z najlepszej jako\u015bciowo bawe\u0142ny\u2714\ufe0f Produkt uzyska\u0142 pozytywn\u0105 opini\u0119 Instytutu Matki i Dziecka, nr Op-5073.Po\u015bciel dla maluszka wykonana jest z najlepszej jako\u015bciowo bawe\u0142ny i posiada wszelkie niezb\u0119dne atesty. W sk\u0142ad zestawu wchodzi mi\u0119kka ko\u0142derka oraz poduszka z lekkim wype\u0142nieniem z antyalergicznego w\u0142\u00f3kna poliestrowego, kt\u00f3re zapewnia w\u0142a\u015bciw\u0105 temperatur\u0119, dost\u0119p tlenu i odprowadzanie wilgoci, a w efekcie doskona\u0142y komfort snu.Taki kolorowy zestaw pi\u0119knie urz\u0105dzi pokoik ka\u017cdego dziecka oraz sprawdzi si\u0119 jako zestaw do przedszkola!Promujemy mod\u0119 na po\u015bciel &#8222;ready to use&#8221;, czyli z wszytym wype\u0142nieniem. Obecnie na rynku kr\u00f3luj\u0105 poszewki i oddzielnie kupowane ko\u0142dry oraz poduszki. My chcemy to zmieni\u0107 i zach\u0119ci\u0107 do prania za ka\u017cdym razem ca\u0142o\u015bci, a nie tylko wierzchu, uzyskuj\u0105c tym samym 100% czysto\u015bci, co w przypadku alergik\u00f3w jest niezwykle istotne. Po\u015bciel La Millou mo\u017cna pra\u0107 w pralce bez uszczerbku na jako\u015bci.Produkt szyty r\u0119cznie, z najwy\u017csz\u0105 dok\u0142adno\u015bci\u0105 i z wykorzystaniem najlepszych jako\u015bciowo materia\u0142\u00f3w. Zapakowany w firmow\u0105, p\u0142\u00f3cienn\u0105 torb\u0119 i ozdobiony serduszkiem-przywieszk\u0105. \u015awietnie sprawdzi si\u0119 w roli stylowego i nietuzinkowego prezentu.Produkt nale\u017cy stosowa\u0107 pod opiek\u0105 rodzica.Odcienie druk\u00f3w na tkaninach b\u0105d\u017a odcienie surowc\u00f3w sk\u0142adowych produkt\u00f3w mog\u0105 r\u00f3\u017cni\u0107 si\u0119 w zale\u017cno\u015bci od partii produkcyjnych. Nie stanowi to wady produkcyjnej.<\/p>\n<h2>Komplet po\u015bcieli M On the road La Millou La Millou<\/h2>\n<p>wzruszajace cytaty o rodzinie, kolorowanki dla dziewczynek 10 lat, wierszyki na \u015bmigus dyngus, origami kotek, mini zoo mazowieckie, darmowe bajki dla dzieci, kolorowanki konie z je\u017ad\u017acem, zaj\u0105czek z jajka ugotowanego, quiz o minecraft, prezenty dla nastolatek, kr\u00f3tkie zagadki matematyczne z odpowiedziami, kolorowanki antystresowe do druku, mi\u0142o\u015b\u0107 do dziecka cytaty, ahmed, zabawki na roczek dla ch\u0142opca, stolice europy quiz<\/p>\n<p>yyyyy<\/p>\n<p>&nbsp;<\/p>\n","protected":false},"excerpt":{"rendered":"<p>La Millou Komplet po\u015bcieli M On the road Cechy produktu : \u2714\ufe0f wymiary: ko\u0142derka: 80 x 100 cm, poduszka: 35 x 45 cm\u2714\ufe0f wykonana jest z najlepszej jako\u015bciowo bawe\u0142ny\u2714\ufe0f Produkt uzyska\u0142 pozytywn\u0105 opini\u0119 Instytutu Matki i Dziecka, nr Op-5073.Po\u015bciel dla maluszka wykonana jest z najlepszej jako\u015bciowo bawe\u0142ny i posiada wszelkie niezb\u0119dne atesty. W sk\u0142ad zestawu [&hellip;]<\/p>\n","protected":false},"featured_media":7415,"comment_status":"closed","ping_status":"open","template":"","meta":[],"product_cat":[994,1595],"product_tag":[780,697,642,826,600,701],"class_list":["post-7414","product","type-product","status-publish","has-post-thumbnail","hentry","product_cat-komplety-poscieli-dla-dzieci","product_cat-la-millou","product_tag-krecik-bajka","product_tag-krotkie-bajki-do-czytania","product_tag-mia-imie","product_tag-prezent-dla-15-latka","product_tag-zaproszenia-na-urodziny-do-druku","product_tag-zgadywanki-dla-dzieci"],"_links":{"self":[{"href":"http:\/\/klubmamgdynia.pl\/index.php\/wp-json\/wp\/v2\/product\/7414","targetHints":{"allow":["GET"]}}],"collection":[{"href":"http:\/\/klubmamgdynia.pl\/index.php\/wp-json\/wp\/v2\/product"}],"about":[{"href":"http:\/\/klubmamgdynia.pl\/index.php\/wp-json\/wp\/v2\/types\/product"}],"replies":[{"embeddable":true,"href":"http:\/\/klubmamgdynia.pl\/index.php\/wp-json\/wp\/v2\/comments?post=7414"}],"wp:featuredmedia":[{"embeddable":true,"href":"http:\/\/klubmamgdynia.pl\/index.php\/wp-json\/wp\/v2\/media\/7415"}],"wp:attachment":[{"href":"http:\/\/klubmamgdynia.pl\/index.php\/wp-json\/wp\/v2\/media?parent=7414"}],"wp:term":[{"taxonomy":"product_cat","embeddable":true,"href":"http:\/\/klubmamgdynia.pl\/index.php\/wp-json\/wp\/v2\/product_cat?post=7414"},{"taxonomy":"product_tag","embeddable":true,"href":"http:\/\/klubmamgdynia.pl\/index.php\/wp-json\/wp\/v2\/product_tag?post=7414"}],"curies":[{"name":"wp","href":"https:\/\/api.w.org\/{rel}","templated":true}]}}