{"id":7418,"date":"2014-08-14T17:29:00","date_gmt":"2014-08-14T15:29:00","guid":{"rendered":"http:\/\/klubmamgdynia.pl\/index.php\/produkt\/la-millou-french-lavender-off-white-pieluszka-100-cotton-muslin-2-pack-biscuit-collection\/"},"modified":"2026-04-04T02:44:36","modified_gmt":"2026-04-04T00:44:36","slug":"la-millou-french-lavender-off-white-pieluszka-100-cotton-muslin-2-pack-biscuit-collection","status":"publish","type":"product","link":"http:\/\/klubmamgdynia.pl\/index.php\/produkt\/la-millou-french-lavender-off-white-pieluszka-100-cotton-muslin-2-pack-biscuit-collection\/","title":{"rendered":"La Millou French Lavender &amp; Off White Pieluszka 100 % Cotton Mu\u015blin 2 pack Biscuit Collection"},"content":{"rendered":"<h2>La Millou French Lavender &amp; Off White Pieluszka 100 % Cotton Mu\u015blin 2 pack Biscuit Collection La Millou<\/h2>\n<p>prezent dla nastoletniego ch\u0142opca, peppa do czytania, cytaty o przyja\u017ani kr\u00f3tkie, zagadki matematyczne dla dzieci 7 lat, prezent dla trzynastolatki, \u017carty na prima aprilis dla dzieci, co kupic na roczek, zagadki rymowane, lodowiska w warszawie, zagadki o wiosnie, kawa\u0142 na prima aprilis, tr\u00f3jmiasto atrakcje dla dzieci<\/p>\n<p>yyyyy<\/p>\n<p>&nbsp;<\/p>\n","protected":false},"excerpt":{"rendered":"<p>La Millou French Lavender &amp; Off White Pieluszka 100 % Cotton Mu\u015blin 2 pack Biscuit Collection La Millou prezent dla nastoletniego ch\u0142opca, peppa do czytania, cytaty o przyja\u017ani kr\u00f3tkie, zagadki matematyczne dla dzieci 7 lat, prezent dla trzynastolatki, \u017carty na prima aprilis dla dzieci, co kupic na roczek, zagadki rymowane, lodowiska w warszawie, zagadki o [&hellip;]<\/p>\n","protected":false},"featured_media":7419,"comment_status":"closed","ping_status":"open","template":"","meta":[],"product_cat":[1006,1595],"product_tag":[863,590,870,869],"class_list":["post-7418","product","type-product","status-publish","has-post-thumbnail","hentry","product_cat-koce-i-narzuty-dzieciece","product_cat-la-millou","product_tag-bajki-dla-dziewczynek","product_tag-plac-zabaw-warszawa","product_tag-prezent-dla-chlopca-na-roczek","product_tag-zagadki-na-logike"],"_links":{"self":[{"href":"http:\/\/klubmamgdynia.pl\/index.php\/wp-json\/wp\/v2\/product\/7418","targetHints":{"allow":["GET"]}}],"collection":[{"href":"http:\/\/klubmamgdynia.pl\/index.php\/wp-json\/wp\/v2\/product"}],"about":[{"href":"http:\/\/klubmamgdynia.pl\/index.php\/wp-json\/wp\/v2\/types\/product"}],"replies":[{"embeddable":true,"href":"http:\/\/klubmamgdynia.pl\/index.php\/wp-json\/wp\/v2\/comments?post=7418"}],"wp:featuredmedia":[{"embeddable":true,"href":"http:\/\/klubmamgdynia.pl\/index.php\/wp-json\/wp\/v2\/media\/7419"}],"wp:attachment":[{"href":"http:\/\/klubmamgdynia.pl\/index.php\/wp-json\/wp\/v2\/media?parent=7418"}],"wp:term":[{"taxonomy":"product_cat","embeddable":true,"href":"http:\/\/klubmamgdynia.pl\/index.php\/wp-json\/wp\/v2\/product_cat?post=7418"},{"taxonomy":"product_tag","embeddable":true,"href":"http:\/\/klubmamgdynia.pl\/index.php\/wp-json\/wp\/v2\/product_tag?post=7418"}],"curies":[{"name":"wp","href":"https:\/\/api.w.org\/{rel}","templated":true}]}}