{"id":742,"date":"2021-11-19T14:12:45","date_gmt":"2021-11-19T13:12:45","guid":{"rendered":"http:\/\/klubmamgdynia.pl\/index.php\/produkt\/babyono-silikonowe-oslonki-na-piersi-roz-m-1-szt\/"},"modified":"2026-04-29T16:55:39","modified_gmt":"2026-04-29T14:55:39","slug":"babyono-silikonowe-oslonki-na-piersi-roz-m-1-szt","status":"publish","type":"product","link":"http:\/\/klubmamgdynia.pl\/index.php\/produkt\/babyono-silikonowe-oslonki-na-piersi-roz-m-1-szt\/","title":{"rendered":"Babyono Silikonowe Os\u0142onki Na Piersi Roz M 1 szt"},"content":{"rendered":"<p>BabyOno Silikonowe os\u0142onki na piersi Rozmiar MSilikonowe os\u0142onki na piersi chroni\u0105 wra\u017cliwe brodawki sutkowe przed podra\u017cnieniem podczas karmienia piersi\u0105. Delikatny i mi\u0119kki silikon zapewnia dziecku poczucie naturalnego karmienia.Wyprofilowany kszta\u0142t os\u0142onek idealnie dopasowuje si\u0119 do kszta\u0142tu piersi. Dost\u0119pne s\u0105 w rozmiarze standardowym i ma\u0142ym.Nie zmieniaj\u0105 smaku i zapachu mleka, a tak\u017ce nie zawieraj\u0105 Bisfenolu A.wykonane z naturalnie mi\u0119kkiego i delikatnego silikonuwyprofilowany anatomiczny kszta\u0142t idealnie dopasowuje si\u0119 do kszta\u0142tu piersichroni\u0105 wra\u017cliwe brodawki sutkowe przed podra\u017cnieniem podczas karmieniaprzyspieszaj\u0105 ich gojeniedaj\u0105 dziecku poczucie naturalnego karmienianie zawieraj\u0105 Bisfenolu A nie zmieniaj\u0105 zapachu i smaku mlekaW ZESTAWIE:2 szt. os\u0142onekDOST\u0118PNE ROZMIARY:S (nr kat. 847)M (nr kat. 848)WYMIARY KAPTURKA:847 rozmiar S &#8211; \u015brednica: 13 mm, wysoko\u015b\u0107: 17 mm848 rozmiar M &#8211; \u015brednica: 17 mm, wysoko\u015b\u0107: 25 mm<\/p>\n<h2>Babyono Silikonowe Os\u0142onki Na Piersi Roz M 1 szt BabyOno<\/h2>\n<p>trudne zagadki logiczne z odpowiedziami, miko\u0142ajek test z lektury, quiz o tajemniczym ogrodzie, zagadki o bajkach, cytaty o dzieci\u0144stwie, super zings kolorowanki, cytat rodzina, test ze znak\u00f3w drogowych, cytaty o nauczycielach, test z lektury dzieci z bullerbyn, prezent na roczek dziewczynka, pola imie, ahmed, kolorowanka kotek, \u017carty na prima aprilis w domu<\/p>\n<p>yyyyy<\/p>\n<p>&nbsp;<\/p>\n","protected":false},"excerpt":{"rendered":"<p>BabyOno Silikonowe os\u0142onki na piersi Rozmiar MSilikonowe os\u0142onki na piersi chroni\u0105 wra\u017cliwe brodawki sutkowe przed podra\u017cnieniem podczas karmienia piersi\u0105. Delikatny i mi\u0119kki silikon zapewnia dziecku poczucie naturalnego karmienia.Wyprofilowany kszta\u0142t os\u0142onek idealnie dopasowuje si\u0119 do kszta\u0142tu piersi. Dost\u0119pne s\u0105 w rozmiarze standardowym i ma\u0142ym.Nie zmieniaj\u0105 smaku i zapachu mleka, a tak\u017ce nie zawieraj\u0105 Bisfenolu A.wykonane z [&hellip;]<\/p>\n","protected":false},"featured_media":743,"comment_status":"closed","ping_status":"open","template":"","meta":[],"product_cat":[27,238],"product_tag":[669,657,630,773,713,796],"class_list":["post-742","product","type-product","status-publish","has-post-thumbnail","hentry","product_cat-babyono","product_cat-oslonki-na-piersi","product_tag-kolorowanki","product_tag-lol-kolorowanka","product_tag-podchwytliwe-zagadki-z-odpowiedziami","product_tag-test-z-lektury-opowiesci-z-narnii-lew-czarownica-i-stara-szafa","product_tag-zagadki-logiczne-z-odpowiedziami","product_tag-zagatki"],"_links":{"self":[{"href":"http:\/\/klubmamgdynia.pl\/index.php\/wp-json\/wp\/v2\/product\/742","targetHints":{"allow":["GET"]}}],"collection":[{"href":"http:\/\/klubmamgdynia.pl\/index.php\/wp-json\/wp\/v2\/product"}],"about":[{"href":"http:\/\/klubmamgdynia.pl\/index.php\/wp-json\/wp\/v2\/types\/product"}],"replies":[{"embeddable":true,"href":"http:\/\/klubmamgdynia.pl\/index.php\/wp-json\/wp\/v2\/comments?post=742"}],"wp:featuredmedia":[{"embeddable":true,"href":"http:\/\/klubmamgdynia.pl\/index.php\/wp-json\/wp\/v2\/media\/743"}],"wp:attachment":[{"href":"http:\/\/klubmamgdynia.pl\/index.php\/wp-json\/wp\/v2\/media?parent=742"}],"wp:term":[{"taxonomy":"product_cat","embeddable":true,"href":"http:\/\/klubmamgdynia.pl\/index.php\/wp-json\/wp\/v2\/product_cat?post=742"},{"taxonomy":"product_tag","embeddable":true,"href":"http:\/\/klubmamgdynia.pl\/index.php\/wp-json\/wp\/v2\/product_tag?post=742"}],"curies":[{"name":"wp","href":"https:\/\/api.w.org\/{rel}","templated":true}]}}