{"id":7420,"date":"2020-12-11T06:05:35","date_gmt":"2020-12-11T05:05:35","guid":{"rendered":"http:\/\/klubmamgdynia.pl\/index.php\/produkt\/mustela-eko-bebe-dry-skin-set-zestaw-nawilzajacy-zel-do-mycia-wlosow-i-ciala-500ml-krem-nawilzajacy-40ml\/"},"modified":"2026-05-02T12:44:47","modified_gmt":"2026-05-02T10:44:47","slug":"mustela-eko-bebe-dry-skin-set-zestaw-nawilzajacy-zel-do-mycia-wlosow-i-ciala-500ml-krem-nawilzajacy-40ml","status":"publish","type":"product","link":"http:\/\/klubmamgdynia.pl\/index.php\/produkt\/mustela-eko-bebe-dry-skin-set-zestaw-nawilzajacy-zel-do-mycia-wlosow-i-ciala-500ml-krem-nawilzajacy-40ml\/","title":{"rendered":"Mustela Eko Bebe Dry Skin Set Zestaw Nawil\u017caj\u0105cy \u017bel Do Mycia W\u0142os\u00f3w I Cia\u0142a 500ml + Krem Nawil\u017caj\u0105cy 40ml"},"content":{"rendered":"<p>Mustela Eko Bebe Dry Skin Set to zestaw nawil\u017caj\u0105cy dedykowany dzieciom z przesuszon\u0105 sk\u00f3r\u0105.\u017bel delikatnie oczyszcza sk\u00f3r\u0119 g\u0142owy i cia\u0142o nie powoduj\u0105c podra\u017cnie\u0144 i przesusze\u0144. Krem d\u0142ugotrwale i natychmiastowo nawil\u017ca delikatn\u0105 sk\u00f3r\u0119 dziecka i wzmacnia barier\u0119 sk\u00f3rn\u0105 zmi\u0119kczaj\u0105c i chroni\u0105c nask\u00f3rek przed szkodliwymi czynnikami zewn\u0119trznymi.Wa\u017cne informacje:\u2022 bezpiecze\u0144stwo gwarantowane od pierwszych dni \u017cycia:\u2022 przetestowany pod kontrol\u0105 dermatolog\u00f3w i pediatr\u00f3w,\u2022 wysoka tolerancja dla wra\u017cliwej sk\u00f3ry i oczu,\u2022 hipoalergiczny &#8211; formu\u0142a opracowana w celu zminimalizowania ryzyka wyst\u0105pienia reakcji alergicznych,\u2022 0% paraben\u00f3w, ftalan\u00f3w, fenoksyetanolu.<\/p>\n<h2>Mustela Eko Bebe Dry Skin Set Zestaw Nawil\u017caj\u0105cy \u017bel Do Mycia W\u0142os\u00f3w I Cia\u0142a 500ml + Krem Nawil\u017caj\u0105cy 40ml MUSTELA<\/h2>\n<p>prezent na roczek dla ch\u0142opca, alan znaczenie imienia, jak narysowa\u0107 oko, test z lektury dzieci z bullerbyn, lato, by\u0142a sobie \u017cabka ma\u0142a tekst, prezent na roczek dziewczynka<\/p>\n<p>yyyyy<\/p>\n<p>&nbsp;<\/p>\n","protected":false},"excerpt":{"rendered":"<p>Mustela Eko Bebe Dry Skin Set to zestaw nawil\u017caj\u0105cy dedykowany dzieciom z przesuszon\u0105 sk\u00f3r\u0105.\u017bel delikatnie oczyszcza sk\u00f3r\u0119 g\u0142owy i cia\u0142o nie powoduj\u0105c podra\u017cnie\u0144 i przesusze\u0144. Krem d\u0142ugotrwale i natychmiastowo nawil\u017ca delikatn\u0105 sk\u00f3r\u0119 dziecka i wzmacnia barier\u0119 sk\u00f3rn\u0105 zmi\u0119kczaj\u0105c i chroni\u0105c nask\u00f3rek przed szkodliwymi czynnikami zewn\u0119trznymi.Wa\u017cne informacje:\u2022 bezpiecze\u0144stwo gwarantowane od pierwszych dni \u017cycia:\u2022 przetestowany pod kontrol\u0105 [&hellip;]<\/p>\n","protected":false},"featured_media":7421,"comment_status":"closed","ping_status":"open","template":"","meta":[],"product_cat":[474,1596],"product_tag":[772,740,755,868,709],"class_list":["post-7420","product","type-product","status-publish","has-post-thumbnail","hentry","product_cat-kosmetyki-dla-dzieci-i-niemowlat","product_cat-mustela","product_tag-45-panstw-europy-i-ich-stolice-quiz","product_tag-fajne-prezenty-dla-nastolatkow","product_tag-henryk","product_tag-quizy-dla-dzieci","product_tag-zagadki-dla-dzieci-6-7-lat"],"_links":{"self":[{"href":"http:\/\/klubmamgdynia.pl\/index.php\/wp-json\/wp\/v2\/product\/7420","targetHints":{"allow":["GET"]}}],"collection":[{"href":"http:\/\/klubmamgdynia.pl\/index.php\/wp-json\/wp\/v2\/product"}],"about":[{"href":"http:\/\/klubmamgdynia.pl\/index.php\/wp-json\/wp\/v2\/types\/product"}],"replies":[{"embeddable":true,"href":"http:\/\/klubmamgdynia.pl\/index.php\/wp-json\/wp\/v2\/comments?post=7420"}],"wp:featuredmedia":[{"embeddable":true,"href":"http:\/\/klubmamgdynia.pl\/index.php\/wp-json\/wp\/v2\/media\/7421"}],"wp:attachment":[{"href":"http:\/\/klubmamgdynia.pl\/index.php\/wp-json\/wp\/v2\/media?parent=7420"}],"wp:term":[{"taxonomy":"product_cat","embeddable":true,"href":"http:\/\/klubmamgdynia.pl\/index.php\/wp-json\/wp\/v2\/product_cat?post=7420"},{"taxonomy":"product_tag","embeddable":true,"href":"http:\/\/klubmamgdynia.pl\/index.php\/wp-json\/wp\/v2\/product_tag?post=7420"}],"curies":[{"name":"wp","href":"https:\/\/api.w.org\/{rel}","templated":true}]}}