{"id":7422,"date":"2022-09-02T15:14:34","date_gmt":"2022-09-02T13:14:34","guid":{"rendered":"http:\/\/klubmamgdynia.pl\/index.php\/produkt\/floradix-na-watrobe-trawienie-karczoch-watroba-plyn-250-ml\/"},"modified":"2026-04-06T06:42:35","modified_gmt":"2026-04-06T04:42:35","slug":"floradix-na-watrobe-trawienie-karczoch-watroba-plyn-250-ml","status":"publish","type":"product","link":"http:\/\/klubmamgdynia.pl\/index.php\/produkt\/floradix-na-watrobe-trawienie-karczoch-watroba-plyn-250-ml\/","title":{"rendered":"Floradix na W\u0105trob\u0119 trawienie karczoch w\u0105troba p\u0142yn 250 ml"},"content":{"rendered":"<p>Floradix na w\u0105trob\u0119, 250 ml Floradix na W\u0105trob\u0119 to p\u0142ynna formu\u0142a zawieraj\u0105ca w swoim sk\u0142adzie wiele wa\u017cnych sk\u0142adnik\u00f3w zio\u0142owych: karczoch, mniszek lekarski, kurkum\u0119 i inne gorzkie zio\u0142a, takie jak goryczka i imbir. Jednym z najwa\u017cniejszych sk\u0142adnik\u00f3w suplementu diety produktu jest karczoch. Jest on ro\u015blin\u0105 pochodz\u0105c\u0105 z regionu \u015br\u00f3dziemnomorskiego i znany jest g\u0142\u00f3wnie ze swoich kwiat\u00f3w, kt\u00f3re spo\u017cywane s\u0105 jako wykwintne warzywo. Karczoch i mniszek lekarski wspieraj\u0105 trawienie. Karczoch pozytywnie wp\u0142ywa na w\u0105trob\u0119, wspomaga prawid\u0142owy przep\u0142yw sok\u00f3w trawiennych oraz prac\u0119 jelit. Karczoch przyczynia si\u0119 do utrzymania prawid\u0142owego poziomu cholesterolu i lipid\u00f3w we krwi. Mniszek lekarski przyczynia si\u0119 do zwi\u0119kszenia apetytu i dobrego trawienia Zio\u0142a zawarte w suplemencie Floradix na W\u0105trob\u0119 pomagaj\u0105 utrzyma\u0107 zdrow\u0105 w\u0105trob\u0119 (karczoch). Floradix na W\u0105trob\u0119 jest odpowiedni dla wegetarian i wegan. Wskazania Floradix na W\u0105trob\u0119 jest suplementem diety skierowanym do os\u00f3b, kt\u00f3re odczuwaj\u0105 dyskomfort trawienny i chc\u0105 wspom\u00f3c prac\u0119 swojej w\u0105troby. Zalecana do spo\u017cycia dzienna porcja Zalecana do spo\u017cycia porcja dzienna: Doro\u015bli i dzieci powy\u017cej 12 roku \u017cycia: 20 ml raz dziennie przed lub po posi\u0142ku. U\u017cywa\u0107 do\u0142\u0105czonego dozownika. Wstrz\u0105sn\u0105\u0107 przed u\u017cyciem. Sk\u0142ad Sk\u0142adniki: Zio\u0142owy wyci\u0105g wodny (75 %): li\u015b\u0107 karczocha (Cynara scolymus), li\u015b\u0107 mniszka lekarskiego (Taraxacum officinale), korze\u0144 goryczki (Gentiana lutea), k\u0142\u0105cze kurkumy (Curcuma longa), ziele krwawnika (Achillea millefolium), k\u0142\u0105cze imbiru (Zingiber officinale), kwiat rumianku (Matricaria recutita), owoc kopru w\u0142oskiego (Foeniculum vulgare), sk\u00f3rka gorzkiej pomara\u0144czy (Citrus aurantium), drapacz lekarski (Cnicus benedictus), owoc kardamonu malabarskiego (Elettaria cardamomum), li\u015b\u0107 bobrka tr\u00f3jlistkowego (Menyanthes trifoliata). Syrop fruktozowy. Nazwa sk\u0142adnika Zawarto\u015b\u0107 wzalecanej porcji dziennej 20 ml Zio\u0142owy wyci\u0105g wodny:li\u015b\u0107 karczocha, li\u015b\u0107 mniszka lekarskiego, korze\u0144 goryczki, k\u0142\u0105cze kurkumy, ziele krwawnika, k\u0142\u0105cze imbiru, kwiat rumianku, owoc kopru w\u0142oskiego, sk\u00f3rka gorzkiej pomara\u0144czy, drapacz lekarski, owoc kardamonu malabarskiego, li\u015b\u0107 bobrka tr\u00f3jlistkowego 16 g Zio\u0142owy wyci\u0105g wodny: li\u015b\u0107 karczocha 6,5 g li\u015b\u0107 mniszka lekarskiego 2,1 g k\u0142\u0105cze kurkumy 1,2 g k\u0142\u0105cze imbiru 0,8 g Uwagi do stosowania Produkt nie jest przeznaczony dla kobiet w ci\u0105\u017cy, karmi\u0105cych i dzieci poni\u017cej 12 roku \u017cycia. Nie nale\u017cy przekracza\u0107 zalecanej do spo\u017cycia porcji dziennej. Suplement diety nie mo\u017ce by\u0107 stosowany jako substytut (zamiennik) zr\u00f3\u017cnicowanej diety. Dla zdrowia wa\u017cna jest zr\u00f3\u017cnicowana dieta oraz zdrowy styl \u017cycia. Producent \/ Podmiot odpowiedzialny: SALUS-HAUS<\/p>\n<h2>Floradix na W\u0105trob\u0119 trawienie karczoch w\u0105troba p\u0142yn 250 ml Salus Haus<\/h2>\n<p>test z opowie\u015bci z narnii lew czarownica i stara szafa, test z dzieci z bullerbyn, leon imi\u0119, kolorowanki dla ch\u0142opc\u00f3w, cytaty o rodzinie, place zabaw warszawa, jak narysowac kota, kolorowanki lol, proste przepisy dla dzieci, krzy\u017c\u00f3wki dla dzieci, quiz z bajek, oryginalny prezent na roczek, sentencje na dzie\u0144 nauczyciela, kolorowanka elsa, lilianna, zimowe zabawy dla dzieci<\/p>\n<p>yyyyy<\/p>\n<p>&nbsp;<\/p>\n","protected":false},"excerpt":{"rendered":"<p>Floradix na w\u0105trob\u0119, 250 ml Floradix na W\u0105trob\u0119 to p\u0142ynna formu\u0142a zawieraj\u0105ca w swoim sk\u0142adzie wiele wa\u017cnych sk\u0142adnik\u00f3w zio\u0142owych: karczoch, mniszek lekarski, kurkum\u0119 i inne gorzkie zio\u0142a, takie jak goryczka i imbir. Jednym z najwa\u017cniejszych sk\u0142adnik\u00f3w suplementu diety produktu jest karczoch. Jest on ro\u015blin\u0105 pochodz\u0105c\u0105 z regionu \u015br\u00f3dziemnomorskiego i znany jest g\u0142\u00f3wnie ze swoich kwiat\u00f3w, [&hellip;]<\/p>\n","protected":false},"featured_media":7423,"comment_status":"closed","ping_status":"open","template":"","meta":[],"product_cat":[1597,184],"product_tag":[598,792,613],"class_list":["post-7422","product","type-product","status-publish","has-post-thumbnail","hentry","product_cat-salus-haus","product_cat-uklad-pokarmowy-i-trawienie","product_tag-co-na-roczek-dla-dziewczynki","product_tag-cytaty-o-mamie","product_tag-na-wyspach-bergamutach"],"_links":{"self":[{"href":"http:\/\/klubmamgdynia.pl\/index.php\/wp-json\/wp\/v2\/product\/7422","targetHints":{"allow":["GET"]}}],"collection":[{"href":"http:\/\/klubmamgdynia.pl\/index.php\/wp-json\/wp\/v2\/product"}],"about":[{"href":"http:\/\/klubmamgdynia.pl\/index.php\/wp-json\/wp\/v2\/types\/product"}],"replies":[{"embeddable":true,"href":"http:\/\/klubmamgdynia.pl\/index.php\/wp-json\/wp\/v2\/comments?post=7422"}],"wp:featuredmedia":[{"embeddable":true,"href":"http:\/\/klubmamgdynia.pl\/index.php\/wp-json\/wp\/v2\/media\/7423"}],"wp:attachment":[{"href":"http:\/\/klubmamgdynia.pl\/index.php\/wp-json\/wp\/v2\/media?parent=7422"}],"wp:term":[{"taxonomy":"product_cat","embeddable":true,"href":"http:\/\/klubmamgdynia.pl\/index.php\/wp-json\/wp\/v2\/product_cat?post=7422"},{"taxonomy":"product_tag","embeddable":true,"href":"http:\/\/klubmamgdynia.pl\/index.php\/wp-json\/wp\/v2\/product_tag?post=7422"}],"curies":[{"name":"wp","href":"https:\/\/api.w.org\/{rel}","templated":true}]}}