{"id":7426,"date":"2023-05-05T13:12:15","date_gmt":"2023-05-05T11:12:15","guid":{"rendered":"http:\/\/klubmamgdynia.pl\/?post_type=product&#038;p=7426"},"modified":"2026-05-17T22:03:15","modified_gmt":"2026-05-17T20:03:15","slug":"viking-toys-viking-city-mata-lotnisko-455205","status":"publish","type":"product","link":"http:\/\/klubmamgdynia.pl\/index.php\/produkt\/viking-toys-viking-city-mata-lotnisko-455205\/","title":{"rendered":"Viking Toys Viking City Mata Lotnisko 455205"},"content":{"rendered":"<p>7317670052059<\/p>\n<h2>Viking Toys Viking City Mata Lotnisko 455205 Viking Toys<\/h2>\n<p>quizy ma\u0142y ksi\u0105\u017c\u0119, imi\u0119 iwo, najpi\u0119kniejsze cytaty o przyja\u017ani, kolorowanki patriotyczne symbole narodowe kolorowanka, upominek dla nastolatk\u00f3w, testy z lektury zemsta, liwia, kolorowanki dla dzieci do druku, sentencje o dzieciach<\/p>\n<p>yyyyy<\/p>\n<p>&nbsp;<\/p>\n","protected":false},"excerpt":{"rendered":"<p>7317670052059 Viking Toys Viking City Mata Lotnisko 455205 Viking Toys quizy ma\u0142y ksi\u0105\u017c\u0119, imi\u0119 iwo, najpi\u0119kniejsze cytaty o przyja\u017ani, kolorowanki patriotyczne symbole narodowe kolorowanka, upominek dla nastolatk\u00f3w, testy z lektury zemsta, liwia, kolorowanki dla dzieci do druku, sentencje o dzieciach yyyyy &nbsp;<\/p>\n","protected":false},"featured_media":7427,"comment_status":"closed","ping_status":"open","template":"","meta":[],"product_cat":[55,359],"product_tag":[658,664,831,828,842,736],"class_list":["post-7426","product","type-product","status-publish","has-post-thumbnail","hentry","product_cat-maty-edukacyjne","product_cat-viking-toys","product_tag-alan-znaczenie-imienia","product_tag-atrakcje-dla-dzieci-trojmiasto","product_tag-bruno","product_tag-filmy-wigilijne-dla-dzieci","product_tag-plac-zabaw-poznan","product_tag-zabawki-na-roczek"],"_links":{"self":[{"href":"http:\/\/klubmamgdynia.pl\/index.php\/wp-json\/wp\/v2\/product\/7426","targetHints":{"allow":["GET"]}}],"collection":[{"href":"http:\/\/klubmamgdynia.pl\/index.php\/wp-json\/wp\/v2\/product"}],"about":[{"href":"http:\/\/klubmamgdynia.pl\/index.php\/wp-json\/wp\/v2\/types\/product"}],"replies":[{"embeddable":true,"href":"http:\/\/klubmamgdynia.pl\/index.php\/wp-json\/wp\/v2\/comments?post=7426"}],"wp:featuredmedia":[{"embeddable":true,"href":"http:\/\/klubmamgdynia.pl\/index.php\/wp-json\/wp\/v2\/media\/7427"}],"wp:attachment":[{"href":"http:\/\/klubmamgdynia.pl\/index.php\/wp-json\/wp\/v2\/media?parent=7426"}],"wp:term":[{"taxonomy":"product_cat","embeddable":true,"href":"http:\/\/klubmamgdynia.pl\/index.php\/wp-json\/wp\/v2\/product_cat?post=7426"},{"taxonomy":"product_tag","embeddable":true,"href":"http:\/\/klubmamgdynia.pl\/index.php\/wp-json\/wp\/v2\/product_tag?post=7426"}],"curies":[{"name":"wp","href":"https:\/\/api.w.org\/{rel}","templated":true}]}}