{"id":7428,"date":"2012-03-05T05:44:26","date_gmt":"2012-03-05T04:44:26","guid":{"rendered":"http:\/\/klubmamgdynia.pl\/index.php\/produkt\/steiff-mis-mollyli-brazowy-23-cm\/"},"modified":"2026-04-30T19:16:41","modified_gmt":"2026-04-30T17:16:41","slug":"steiff-mis-mollyli-brazowy-23-cm","status":"publish","type":"product","link":"http:\/\/klubmamgdynia.pl\/index.php\/produkt\/steiff-mis-mollyli-brazowy-23-cm\/","title":{"rendered":"Steiff Mi\u015b Mollyli Br\u0105zowy, 23 Cm"},"content":{"rendered":"<p>Szczeg\u00f3\u0142y produktu: Wiek: od 3 lat Z przyciskiem w uchu ze stali nierdzewnej Wykonane z przetworzonych butelek PET Z plastikowymi oczami Wymiary i waga: Wymiary po z\u0142o\u017ceniu (d\u0142ugo\u015b\u0107 x szeroko\u015b\u0107 x wysoko\u015b\u0107): 23 x 19 x 10 cm. Waga: 0,1 kg Materia\u0142 i piel\u0119gnacja: Materia\u0142: 100 % poliester (wypchany w\u0142\u00f3knami PES z recyklingu butelek PET). Wskaz\u00f3wki piel\u0119gnacyjne: mo\u017cna pra\u0107 w pralce w temperaturze 30\u00b0C, nie wybiela\u0107, nie suszy\u0107 w suszarce b\u0119bnowej, nie prasowa\u0107, nie czy\u015bci\u0107 chemicznie W zestawie: 1 mi\u015b Mollyli<\/p>\n<h2>Steiff Mi\u015b Mollyli Br\u0105zowy, 23 Cm Steiff<\/h2>\n<p>lol surprise kolorowanki, zagadki logiczne matematyczne dla dzieci, cytat rodzina, wzruszaj\u0105ce s\u0142owa dla przyjaciela, wakacyjne kolorowanki, bajki do czytania psi patrol, prezent dla jedenastolatki, dary jesieni kolorowanki jesie\u0144, weso\u0142e pisanki tekst, \u015bwi\u0105teczny film dla dzieci, kr\u00f3tkie zagadki dla doros\u0142ych, zaproszenia urodzinowe do wydruku chomikuj, cytat rodzina<\/p>\n<p>yyyyy<\/p>\n<p>&nbsp;<\/p>\n","protected":false},"excerpt":{"rendered":"<p>Szczeg\u00f3\u0142y produktu: Wiek: od 3 lat Z przyciskiem w uchu ze stali nierdzewnej Wykonane z przetworzonych butelek PET Z plastikowymi oczami Wymiary i waga: Wymiary po z\u0142o\u017ceniu (d\u0142ugo\u015b\u0107 x szeroko\u015b\u0107 x wysoko\u015b\u0107): 23 x 19 x 10 cm. Waga: 0,1 kg Materia\u0142 i piel\u0119gnacja: Materia\u0142: 100 % poliester (wypchany w\u0142\u00f3knami PES z recyklingu butelek PET). [&hellip;]<\/p>\n","protected":false},"featured_media":7429,"comment_status":"closed","ping_status":"open","template":"","meta":[],"product_cat":[42,1599],"product_tag":[765,831,696,873,779],"class_list":["post-7428","product","type-product","status-publish","has-post-thumbnail","hentry","product_cat-maskotki","product_cat-steiff","product_tag-atrakcje-dla-dzieci-warszawa","product_tag-bruno","product_tag-film-rodzinny-o-swietach","product_tag-zagadki-z-odpowiedziami-dla-dzieci","product_tag-zarty-na-prima-aprilis-w-domu"],"_links":{"self":[{"href":"http:\/\/klubmamgdynia.pl\/index.php\/wp-json\/wp\/v2\/product\/7428","targetHints":{"allow":["GET"]}}],"collection":[{"href":"http:\/\/klubmamgdynia.pl\/index.php\/wp-json\/wp\/v2\/product"}],"about":[{"href":"http:\/\/klubmamgdynia.pl\/index.php\/wp-json\/wp\/v2\/types\/product"}],"replies":[{"embeddable":true,"href":"http:\/\/klubmamgdynia.pl\/index.php\/wp-json\/wp\/v2\/comments?post=7428"}],"wp:featuredmedia":[{"embeddable":true,"href":"http:\/\/klubmamgdynia.pl\/index.php\/wp-json\/wp\/v2\/media\/7429"}],"wp:attachment":[{"href":"http:\/\/klubmamgdynia.pl\/index.php\/wp-json\/wp\/v2\/media?parent=7428"}],"wp:term":[{"taxonomy":"product_cat","embeddable":true,"href":"http:\/\/klubmamgdynia.pl\/index.php\/wp-json\/wp\/v2\/product_cat?post=7428"},{"taxonomy":"product_tag","embeddable":true,"href":"http:\/\/klubmamgdynia.pl\/index.php\/wp-json\/wp\/v2\/product_tag?post=7428"}],"curies":[{"name":"wp","href":"https:\/\/api.w.org\/{rel}","templated":true}]}}