{"id":7430,"date":"2024-12-08T05:43:05","date_gmt":"2024-12-08T04:43:05","guid":{"rendered":"http:\/\/klubmamgdynia.pl\/?post_type=product&#038;p=7430"},"modified":"2026-04-28T23:02:04","modified_gmt":"2026-04-28T21:02:04","slug":"hipp-bio-risotto-z-pomidorami-i-marchewka-omega3-190g","status":"publish","type":"product","link":"http:\/\/klubmamgdynia.pl\/index.php\/produkt\/hipp-bio-risotto-z-pomidorami-i-marchewka-omega3-190g\/","title":{"rendered":"Hipp Bio Risotto Z Pomidorami I Marchewk\u0105 Omega3 190G"},"content":{"rendered":"<p>Smaczne warzywne risotto z pomidorami i marchewk\u0105 to danie wyprodukowane z my\u015bl\u0105 o dzieciach, kt\u00f3re uko\u0144czy\u0142y 4 miesi\u0105ca \u017cycia.<\/p>\n<h2>Hipp Bio Risotto Z Pomidorami I Marchewk\u0105 Omega3 190G Hipp<\/h2>\n<p>zagadki o zwierz\u0119tach wiejskich, wydarzenia dla dzieci warszawa, malowanki dla dzieci, tekst o rodzinie, zagadki o zimie, gabriela imie, minionki kolorowanka, kr\u00f3tkie czytanki dla dzieci do wydruku, cukierku ty \u0142obuzie test, \u017carty prima aprilis, kawa\u0142y na prima aprilis dla rodzic\u00f3w<\/p>\n<p>yyyyy<\/p>\n<p>&nbsp;<\/p>\n","protected":false},"excerpt":{"rendered":"<p>Smaczne warzywne risotto z pomidorami i marchewk\u0105 to danie wyprodukowane z my\u015bl\u0105 o dzieciach, kt\u00f3re uko\u0144czy\u0142y 4 miesi\u0105ca \u017cycia. Hipp Bio Risotto Z Pomidorami I Marchewk\u0105 Omega3 190G Hipp zagadki o zwierz\u0119tach wiejskich, wydarzenia dla dzieci warszawa, malowanki dla dzieci, tekst o rodzinie, zagadki o zimie, gabriela imie, minionki kolorowanka, kr\u00f3tkie czytanki dla dzieci do [&hellip;]<\/p>\n","protected":false},"featured_media":7431,"comment_status":"closed","ping_status":"open","template":"","meta":[],"product_cat":[81,66],"product_tag":[827,617,818,678,824,822],"class_list":["post-7430","product","type-product","status-publish","has-post-thumbnail","hentry","product_cat-dania-dla-dzieci","product_cat-hipp","product_tag-bajki-dla-niemowlat","product_tag-keyword","product_tag-oliwier","product_tag-prezent-na-roczek-dla-dziewczynki","product_tag-warszawa-atrakcje-dla-dzieci","product_tag-wierszyki-o-wakacjach-krotkie"],"_links":{"self":[{"href":"http:\/\/klubmamgdynia.pl\/index.php\/wp-json\/wp\/v2\/product\/7430","targetHints":{"allow":["GET"]}}],"collection":[{"href":"http:\/\/klubmamgdynia.pl\/index.php\/wp-json\/wp\/v2\/product"}],"about":[{"href":"http:\/\/klubmamgdynia.pl\/index.php\/wp-json\/wp\/v2\/types\/product"}],"replies":[{"embeddable":true,"href":"http:\/\/klubmamgdynia.pl\/index.php\/wp-json\/wp\/v2\/comments?post=7430"}],"wp:featuredmedia":[{"embeddable":true,"href":"http:\/\/klubmamgdynia.pl\/index.php\/wp-json\/wp\/v2\/media\/7431"}],"wp:attachment":[{"href":"http:\/\/klubmamgdynia.pl\/index.php\/wp-json\/wp\/v2\/media?parent=7430"}],"wp:term":[{"taxonomy":"product_cat","embeddable":true,"href":"http:\/\/klubmamgdynia.pl\/index.php\/wp-json\/wp\/v2\/product_cat?post=7430"},{"taxonomy":"product_tag","embeddable":true,"href":"http:\/\/klubmamgdynia.pl\/index.php\/wp-json\/wp\/v2\/product_tag?post=7430"}],"curies":[{"name":"wp","href":"https:\/\/api.w.org\/{rel}","templated":true}]}}