{"id":7432,"date":"2022-06-01T06:54:20","date_gmt":"2022-06-01T04:54:20","guid":{"rendered":"http:\/\/klubmamgdynia.pl\/index.php\/produkt\/cybex-spiworek-do-wozka-mios-priam-indigo-blue\/"},"modified":"2026-05-17T22:37:54","modified_gmt":"2026-05-17T20:37:54","slug":"cybex-spiworek-do-wozka-mios-priam-indigo-blue","status":"publish","type":"product","link":"http:\/\/klubmamgdynia.pl\/index.php\/produkt\/cybex-spiworek-do-wozka-mios-priam-indigo-blue\/","title":{"rendered":"Cybex \u015apiworek Do W\u00f3zka Mios\/Priam Indigo Blue"},"content":{"rendered":"<p>\u015apiworek do w\u00f3zka Mios \/ Priam firmy Cybex to doskona\u0142y wyb\u00f3r dla twojego dziecka w ch\u0142odniejsze dni.<\/p>\n<h2>Cybex \u015apiworek Do W\u00f3zka Mios\/Priam Indigo Blue Cybex<\/h2>\n<p>zagadki o zwierz\u0119tach, filmy animowane o \u015bwi\u0119tach, kolorowanki jesie\u0144 do druku, atrakcje wroc\u0142aw i okolice, plac zabaw pozna\u0144, imie paula, test znaki drogowe, m\u0105dre cytaty dla dzieci, pomys\u0142 na prezent na roczek, \u015bwi\u0105teczny film dla dzieci<\/p>\n<p>yyyyy<\/p>\n<p>&nbsp;<\/p>\n","protected":false},"excerpt":{"rendered":"<p>\u015apiworek do w\u00f3zka Mios \/ Priam firmy Cybex to doskona\u0142y wyb\u00f3r dla twojego dziecka w ch\u0142odniejsze dni. Cybex \u015apiworek Do W\u00f3zka Mios\/Priam Indigo Blue Cybex zagadki o zwierz\u0119tach, filmy animowane o \u015bwi\u0119tach, kolorowanki jesie\u0144 do druku, atrakcje wroc\u0142aw i okolice, plac zabaw pozna\u0144, imie paula, test znaki drogowe, m\u0105dre cytaty dla dzieci, pomys\u0142 na prezent [&hellip;]<\/p>\n","protected":false},"featured_media":7433,"comment_status":"closed","ping_status":"open","template":"","meta":[],"product_cat":[127,34],"product_tag":[777,593,774],"class_list":["post-7432","product","type-product","status-publish","has-post-thumbnail","hentry","product_cat-akcesoria-do-wozkow","product_cat-cybex","product_tag-co-na-roczek","product_tag-jak-narysowac-konia","product_tag-prezent-na-roczek-nie-zabawka"],"_links":{"self":[{"href":"http:\/\/klubmamgdynia.pl\/index.php\/wp-json\/wp\/v2\/product\/7432","targetHints":{"allow":["GET"]}}],"collection":[{"href":"http:\/\/klubmamgdynia.pl\/index.php\/wp-json\/wp\/v2\/product"}],"about":[{"href":"http:\/\/klubmamgdynia.pl\/index.php\/wp-json\/wp\/v2\/types\/product"}],"replies":[{"embeddable":true,"href":"http:\/\/klubmamgdynia.pl\/index.php\/wp-json\/wp\/v2\/comments?post=7432"}],"wp:featuredmedia":[{"embeddable":true,"href":"http:\/\/klubmamgdynia.pl\/index.php\/wp-json\/wp\/v2\/media\/7433"}],"wp:attachment":[{"href":"http:\/\/klubmamgdynia.pl\/index.php\/wp-json\/wp\/v2\/media?parent=7432"}],"wp:term":[{"taxonomy":"product_cat","embeddable":true,"href":"http:\/\/klubmamgdynia.pl\/index.php\/wp-json\/wp\/v2\/product_cat?post=7432"},{"taxonomy":"product_tag","embeddable":true,"href":"http:\/\/klubmamgdynia.pl\/index.php\/wp-json\/wp\/v2\/product_tag?post=7432"}],"curies":[{"name":"wp","href":"https:\/\/api.w.org\/{rel}","templated":true}]}}