{"id":7434,"date":"2011-05-01T11:03:57","date_gmt":"2011-05-01T09:03:57","guid":{"rendered":"http:\/\/klubmamgdynia.pl\/index.php\/produkt\/bright-starts-kogut-na-rodeo\/"},"modified":"2026-05-17T22:13:02","modified_gmt":"2026-05-17T20:13:02","slug":"bright-starts-kogut-na-rodeo","status":"publish","type":"product","link":"http:\/\/klubmamgdynia.pl\/index.php\/produkt\/bright-starts-kogut-na-rodeo\/","title":{"rendered":"Bright Starts Kogut Na Rodeo"},"content":{"rendered":"<p>Bright Starts Kogut Na RodeoKogut na Rodeo opr\u00f3cz poruszania wydaje \u015bmieszne d\u017awi\u0119ki i zach\u0119ca dziecko do pod\u0105\u017cania za sob\u0105 i \u0107wiczenia umiej\u0119tno\u015bci raczkowania. Zabawk\u0119 mo\u017cna wyczy\u015bci\u0107 wilgotn\u0105 szmatk\u0105 z myd\u0142em i przeznaczona jest dla dzieci powy\u017cej 6 miesi\u0105ca \u017cycia. Kogut na Rodeo stanie si\u0119 wspania\u0142\u0105, pe\u0142n\u0105 \u015bmiechu zabawk\u0105 dla Twojej pociechy! Zabawka wykonana jest z przyjaznych dziecku, bezpiecznych materia\u0142\u00f3w najwy\u017cej jako\u015bci.<\/p>\n<h2>Bright Starts Kogut Na Rodeo Bright Starts<\/h2>\n<p>krecik bajka, test z lektury opowie\u015bci z narnii lew czarownica i stara szafa z odpowiedziami, nauka pisania literek do wydruku pdf, prezent dla rocznej dziewczynki, my little pony kolorowanki celestia, bajki o ksi\u0119\u017cniczkach do czytania, gdzie strumyk p\u0142ynie z wolna tekst, kot rysunek dla dzieci<\/p>\n<p>yyyyy<\/p>\n<p>&nbsp;<\/p>\n","protected":false},"excerpt":{"rendered":"<p>Bright Starts Kogut Na RodeoKogut na Rodeo opr\u00f3cz poruszania wydaje \u015bmieszne d\u017awi\u0119ki i zach\u0119ca dziecko do pod\u0105\u017cania za sob\u0105 i \u0107wiczenia umiej\u0119tno\u015bci raczkowania. Zabawk\u0119 mo\u017cna wyczy\u015bci\u0107 wilgotn\u0105 szmatk\u0105 z myd\u0142em i przeznaczona jest dla dzieci powy\u017cej 6 miesi\u0105ca \u017cycia. Kogut na Rodeo stanie si\u0119 wspania\u0142\u0105, pe\u0142n\u0105 \u015bmiechu zabawk\u0105 dla Twojej pociechy! Zabawka wykonana jest z [&hellip;]<\/p>\n","protected":false},"featured_media":7435,"comment_status":"closed","ping_status":"open","template":"","meta":[],"product_cat":[1600,295],"product_tag":[735,606,760,701],"class_list":["post-7434","product","type-product","status-publish","has-post-thumbnail","hentry","product_cat-bright-starts","product_cat-pozostale-zabawki","product_tag-prezent-na-roczek-dziewczynka","product_tag-stala-pod-sniegiem","product_tag-zagadka-matematyczna","product_tag-zgadywanki-dla-dzieci"],"_links":{"self":[{"href":"http:\/\/klubmamgdynia.pl\/index.php\/wp-json\/wp\/v2\/product\/7434","targetHints":{"allow":["GET"]}}],"collection":[{"href":"http:\/\/klubmamgdynia.pl\/index.php\/wp-json\/wp\/v2\/product"}],"about":[{"href":"http:\/\/klubmamgdynia.pl\/index.php\/wp-json\/wp\/v2\/types\/product"}],"replies":[{"embeddable":true,"href":"http:\/\/klubmamgdynia.pl\/index.php\/wp-json\/wp\/v2\/comments?post=7434"}],"wp:featuredmedia":[{"embeddable":true,"href":"http:\/\/klubmamgdynia.pl\/index.php\/wp-json\/wp\/v2\/media\/7435"}],"wp:attachment":[{"href":"http:\/\/klubmamgdynia.pl\/index.php\/wp-json\/wp\/v2\/media?parent=7434"}],"wp:term":[{"taxonomy":"product_cat","embeddable":true,"href":"http:\/\/klubmamgdynia.pl\/index.php\/wp-json\/wp\/v2\/product_cat?post=7434"},{"taxonomy":"product_tag","embeddable":true,"href":"http:\/\/klubmamgdynia.pl\/index.php\/wp-json\/wp\/v2\/product_tag?post=7434"}],"curies":[{"name":"wp","href":"https:\/\/api.w.org\/{rel}","templated":true}]}}