{"id":7436,"date":"2019-06-13T16:42:57","date_gmt":"2019-06-13T14:42:57","guid":{"rendered":"http:\/\/klubmamgdynia.pl\/index.php\/produkt\/vtech-tip-tap-baby-animals-wybieg-dla-koni-80-180604\/"},"modified":"2026-04-04T04:12:53","modified_gmt":"2026-04-04T02:12:53","slug":"vtech-tip-tap-baby-animals-wybieg-dla-koni-80-180604","status":"publish","type":"product","link":"http:\/\/klubmamgdynia.pl\/index.php\/produkt\/vtech-tip-tap-baby-animals-wybieg-dla-koni-80-180604\/","title":{"rendered":"VTech Tip Tap Baby Animals Wybieg dla koni 80-180604"},"content":{"rendered":"<p>Vtech Tip Tap Baby Animals Wybieg dla koni 80-180604Mo\u017cna gra\u0107, uczy\u0107 si\u0119 i trenowa\u0107 konia.\u00a0Tip Tap Baby Animals Farma je\u017adziecka z wieloma ruchomymi elementami zach\u0119ca do umiej\u0119tno\u015bci\u00a0motorycznych:* W tym Tip Tap Baby Animals Ko\u0144* Stabilna ruchoma bramka* k\u00f3\u0142ko do chodzenia* Obrotowe bele s\u0142omy* plaster warzyw* 5 magicznych czujnik\u00f3w                            <\/p>\n<p>            VTech Raczkuj\u0105cy Mi\u015b Tuptu\u015b M\u00f3wi Po Polsku 60824<\/p>\n<p>                        od<br \/>\n                            149,90<br \/>\n                            z\u0142<\/p>\n<p>                    Zobacz<\/p>\n<p>            VTech Magiczny Pami\u0119tnik Na Has\u0142o 61243<\/p>\n<p>                        od<br \/>\n                            108,90<br \/>\n                            z\u0142<\/p>\n<p>                    Zobacz<\/p>\n<p>            VTech Cyferkowa Kasa Sklepowa 60832<\/p>\n<p>                        od<br \/>\n                            149,00<br \/>\n                            z\u0142<\/p>\n<p>                    Zobacz<\/p>\n<p>            VTech Tut Tut Remiza Stra\u017cacka 60813<\/p>\n<p>                        od<br \/>\n                            164,00<br \/>\n                            z\u0142<\/p>\n<p>                    Zobacz<\/p>\n<p>            VTech Tut Tut Autka Posterunek Policji 61073<\/p>\n<p>                        od<br \/>\n                            155,00<br \/>\n                            z\u0142<\/p>\n<p>                    Zobacz<\/p>\n<p>            VTech\u00a0Kidizoom Duo 5.0 R\u00f3\u017cowy<\/p>\n<p>                        od<br \/>\n                            499,00<br \/>\n                            z\u0142<\/p>\n<p>                    Zobacz<\/p>\n<p>            VTech Traktorek Weso\u0142ek 61488<\/p>\n<p>                        od<br \/>\n                            92,00<br \/>\n                            z\u0142<\/p>\n<p>                    Zobacz<\/p>\n<p>            VTech Tut Tut Gara\u017c Z Autkiem 60597<\/p>\n<p>                        od<br \/>\n                            218,45<br \/>\n                            z\u0142<\/p>\n<p>                    Zobacz<\/p>\n<p>            VTech Tut Tut Autko Auto Osobowe 60559<\/p>\n<p>                        od<br \/>\n                            34,50<br \/>\n                            z\u0142<\/p>\n<p>                    Zobacz<\/p>\n<p>            VTech Skrzynka Majsterkowicza 61094<\/p>\n<p>                        od<br \/>\n                            139,99<br \/>\n                            z\u0142<\/p>\n<p>                    Zobacz<\/p>\n<p>            VTech Autko ma\u0142ego kierowcy 61487<\/p>\n<p>                        od<br \/>\n                            101,00<br \/>\n                            z\u0142<\/p>\n<p>                    Zobacz<\/p>\n<p>            VTech Konik Bujaczek 61088 <\/p>\n<p>                        od<br \/>\n                            259,86<br \/>\n                            z\u0142<\/p>\n<p>                    Zobacz<\/p>\n<p>            VTech Tut Tut Autka Warsztat Samochodowy 61072<\/p>\n<p>                        od<br \/>\n                            120,13<br \/>\n                            z\u0142<\/p>\n<p>                    Zobacz<\/p>\n<p>            Vtech Tut Tut Autka Zestaw Kaskaderski + autko 61172<\/p>\n<p>                        od<br \/>\n                            183,28<br \/>\n                            z\u0142<\/p>\n<p>                    Zobacz<\/p>\n<p>            Vtech Chrup Chrup Tosterek 61486<\/p>\n<p>                        od<br \/>\n                            78,88<br \/>\n                            z\u0142<\/p>\n<p>                    Zobacz<\/p>\n<p>            VTech Tut Tut Autko Wywrotka 60560<\/p>\n<p>                        od<br \/>\n                            34,53<br \/>\n                            z\u0142<\/p>\n<p>                    Zobacz<\/p>\n<p>            VTech Tut Tut Autko Spycharka 60809<\/p>\n<p>                        od<br \/>\n                            34,50<br \/>\n                            z\u0142<\/p>\n<p>                    Zobacz<\/p>\n<p>            VTech Tut Tut Autko Betoniarka 60808<\/p>\n<p>                        od<br \/>\n                            34,80<br \/>\n                            z\u0142<\/p>\n<p>                    Zobacz<\/p>\n<p>            VTech Tut Tut Autka Wie\u017ca Patrolowa 61460<\/p>\n<p>                        od<br \/>\n                            216,90<br \/>\n                            z\u0142<\/p>\n<p>                    Zobacz<\/p>\n<p>            VTech Betoniarka Pojazd Kulkomieszarka 60994<\/p>\n<p>                        od<br \/>\n                            105,00<br \/>\n                            z\u0142<\/p>\n<p>                    Zobacz<\/p>\n<p>            VTech Tut Tut Autka Wy\u015bcigowy Wielki Tor 61459<\/p>\n<p>                        od<br \/>\n                            216,00<br \/>\n                            z\u0142<\/p>\n<p>                    Zobacz<\/p>\n<p>            Vtech Kidizoom DX2 Zielony<\/p>\n<p>                        od<br \/>\n                            252,94<br \/>\n                            z\u0142<\/p>\n<p>                    Zobacz<\/p>\n<p>            VTech Tut Tut Autko Autotransporter 60812<\/p>\n<p>                        od<br \/>\n                            109,50<br \/>\n                            z\u0142<\/p>\n<p>                    Zobacz<\/p>\n<p>            VTech Wie\u017ca Parkingowa 60558<\/p>\n<p>                        od<br \/>\n                            172,70<br \/>\n                            z\u0142<\/p>\n<p>                    Zobacz<\/p>\n<p>            VTech Tablet Interaktywny 61173<\/p>\n<p>                        od<br \/>\n                            87,39<br \/>\n                            z\u0142<\/p>\n<p>                    Zobacz<\/p>\n<p>            VTech Kidizoom Duo 5.0 Niebieski<\/p>\n<p>                        od<br \/>\n                            499,00<br \/>\n                            z\u0142<\/p>\n<p>                    Zobacz<\/p>\n<p>            VTech Zestaw Gara\u017c 61456<\/p>\n<p>                        od<br \/>\n                            225,26<br \/>\n                            z\u0142<\/p>\n<p>                    Zobacz<\/p>\n<p>            VTech Tut Tut Autko Policja 60557<\/p>\n<p>                        od<br \/>\n                            34,50<br \/>\n                            z\u0142<\/p>\n<p>                    Zobacz<\/p>\n<p>            VTech Kidizoom Duo DX Niebieski 20004<\/p>\n<p>                        od<br \/>\n                            442,67<br \/>\n                            z\u0142<\/p>\n<p>                    Zobacz<\/p>\n<p>            VTech Wielki S\u0142ownik Zwierz\u0105t 61457<\/p>\n<p>                        od<br \/>\n                            105,13<br \/>\n                            z\u0142<\/p>\n<p>                    Zobacz<\/p>\n<h2>VTech Tip Tap Baby Animals Wybieg dla koni 80-180604 VTech<\/h2>\n<p>zagadki dla dzieci z odpowiedziami, molo w brze\u017anie, bajki do czytania dla dzieci, prezent dla nastolatk\u00f3w 2020, kontynenty do druku, najlepsze \u017carty na prima aprilis, tekst ko\u0142ysanki, zagadki \u015bwi\u0105teczne dla dzieci, ju\u017c blisko kol\u0119da tekst, malowanki piesek, wzory zaprosze\u0144 zaproszenie na urodziny szablon do druku, pola imie, zagadki logiczne dla dzieci, psi patrol kolorowanka<\/p>\n<p>yyyyy<\/p>\n<p>&nbsp;<\/p>\n","protected":false},"excerpt":{"rendered":"<p>Vtech Tip Tap Baby Animals Wybieg dla koni 80-180604Mo\u017cna gra\u0107, uczy\u0107 si\u0119 i trenowa\u0107 konia.\u00a0Tip Tap Baby Animals Farma je\u017adziecka z wieloma ruchomymi elementami zach\u0119ca do umiej\u0119tno\u015bci\u00a0motorycznych:* W tym Tip Tap Baby Animals Ko\u0144* Stabilna ruchoma bramka* k\u00f3\u0142ko do chodzenia* Obrotowe bele s\u0142omy* plaster warzyw* 5 magicznych czujnik\u00f3w VTech Raczkuj\u0105cy Mi\u015b Tuptu\u015b M\u00f3wi Po Polsku [&hellip;]<\/p>\n","protected":false},"featured_media":7437,"comment_status":"closed","ping_status":"open","template":"","meta":[],"product_cat":[95,1203],"product_tag":[848,691,627],"class_list":["post-7436","product","type-product","status-publish","has-post-thumbnail","hentry","product_cat-figurki-makiety-i-zestawy","product_cat-vtech","product_tag-cytat-o-rodzinie","product_tag-gabriel","product_tag-quiz-dzieci-z-bullerbyn"],"_links":{"self":[{"href":"http:\/\/klubmamgdynia.pl\/index.php\/wp-json\/wp\/v2\/product\/7436","targetHints":{"allow":["GET"]}}],"collection":[{"href":"http:\/\/klubmamgdynia.pl\/index.php\/wp-json\/wp\/v2\/product"}],"about":[{"href":"http:\/\/klubmamgdynia.pl\/index.php\/wp-json\/wp\/v2\/types\/product"}],"replies":[{"embeddable":true,"href":"http:\/\/klubmamgdynia.pl\/index.php\/wp-json\/wp\/v2\/comments?post=7436"}],"wp:featuredmedia":[{"embeddable":true,"href":"http:\/\/klubmamgdynia.pl\/index.php\/wp-json\/wp\/v2\/media\/7437"}],"wp:attachment":[{"href":"http:\/\/klubmamgdynia.pl\/index.php\/wp-json\/wp\/v2\/media?parent=7436"}],"wp:term":[{"taxonomy":"product_cat","embeddable":true,"href":"http:\/\/klubmamgdynia.pl\/index.php\/wp-json\/wp\/v2\/product_cat?post=7436"},{"taxonomy":"product_tag","embeddable":true,"href":"http:\/\/klubmamgdynia.pl\/index.php\/wp-json\/wp\/v2\/product_tag?post=7436"}],"curies":[{"name":"wp","href":"https:\/\/api.w.org\/{rel}","templated":true}]}}