{"id":7438,"date":"2025-04-20T14:03:34","date_gmt":"2025-04-20T12:03:34","guid":{"rendered":"http:\/\/klubmamgdynia.pl\/?post_type=product&#038;p=7438"},"modified":"2026-04-30T10:43:09","modified_gmt":"2026-04-30T08:43:09","slug":"esseapteo-60-kaps","status":"publish","type":"product","link":"http:\/\/klubmamgdynia.pl\/index.php\/produkt\/esseapteo-60-kaps\/","title":{"rendered":"EsseApteo 60 kaps"},"content":{"rendered":"<p>Sk\u0142ad: Fosfolipidy z nasion soi; \u017celatyna; substancja utrzymuj\u0105ca wilgo\u0107: glicerol; dwuwinian choliny (cholina); olej kokosowy uwodorniony; barwnik: tlenki i wodorotlenki \u017celaza; substancja zag\u0119szczaj\u0105ca: wosk pszczeli.. Wskazania: Preparat zawiera cholin\u0119, kt\u00f3ra wp\u0142ywa korzystnie na:- prawid\u0142ow\u0105 prac\u0119 w\u0105troby- utrzymanie prawid\u0142owego metabolizmu homocysteiny- utrzymanie prawid\u0142owego metabolizmu t\u0142uszcz\u00f3w.<\/p>\n<h2>EsseApteo 60 kaps Apteo<\/h2>\n<p>liwia imi\u0119, imi\u0119 pola, kajko i kokosz szko\u0142a latania test z odpowiedziami, \u0142\u00f3d\u017a atrakcje dla dzieci, kolorowanki pikachu, harry potter kolorowanka, cytaty o macierzy\u0144stwie, najpi\u0119kniejsze cytaty dziecko cytaty, kolorowanki do druku dla ch\u0142opc\u00f3w, stare wiersze dla dzieci<\/p>\n<p>yyyyy<\/p>\n<p>&nbsp;<\/p>\n","protected":false},"excerpt":{"rendered":"<p>Sk\u0142ad: Fosfolipidy z nasion soi; \u017celatyna; substancja utrzymuj\u0105ca wilgo\u0107: glicerol; dwuwinian choliny (cholina); olej kokosowy uwodorniony; barwnik: tlenki i wodorotlenki \u017celaza; substancja zag\u0119szczaj\u0105ca: wosk pszczeli.. Wskazania: Preparat zawiera cholin\u0119, kt\u00f3ra wp\u0142ywa korzystnie na:- prawid\u0142ow\u0105 prac\u0119 w\u0105troby- utrzymanie prawid\u0142owego metabolizmu homocysteiny- utrzymanie prawid\u0142owego metabolizmu t\u0142uszcz\u00f3w. EsseApteo 60 kaps Apteo liwia imi\u0119, imi\u0119 pola, kajko i kokosz [&hellip;]<\/p>\n","protected":false},"featured_media":7439,"comment_status":"closed","ping_status":"open","template":"","meta":[],"product_cat":[1601,184],"product_tag":[825,660,630,738,767],"class_list":["post-7438","product","type-product","status-publish","has-post-thumbnail","hentry","product_cat-apteo","product_cat-uklad-pokarmowy-i-trawienie","product_tag-bajka-na-dobranoc-do-czytania","product_tag-bianka","product_tag-podchwytliwe-zagadki-z-odpowiedziami","product_tag-wroclaw-dla-dzieci","product_tag-zaproszenia-urodzinowe-do-druku"],"_links":{"self":[{"href":"http:\/\/klubmamgdynia.pl\/index.php\/wp-json\/wp\/v2\/product\/7438","targetHints":{"allow":["GET"]}}],"collection":[{"href":"http:\/\/klubmamgdynia.pl\/index.php\/wp-json\/wp\/v2\/product"}],"about":[{"href":"http:\/\/klubmamgdynia.pl\/index.php\/wp-json\/wp\/v2\/types\/product"}],"replies":[{"embeddable":true,"href":"http:\/\/klubmamgdynia.pl\/index.php\/wp-json\/wp\/v2\/comments?post=7438"}],"wp:featuredmedia":[{"embeddable":true,"href":"http:\/\/klubmamgdynia.pl\/index.php\/wp-json\/wp\/v2\/media\/7439"}],"wp:attachment":[{"href":"http:\/\/klubmamgdynia.pl\/index.php\/wp-json\/wp\/v2\/media?parent=7438"}],"wp:term":[{"taxonomy":"product_cat","embeddable":true,"href":"http:\/\/klubmamgdynia.pl\/index.php\/wp-json\/wp\/v2\/product_cat?post=7438"},{"taxonomy":"product_tag","embeddable":true,"href":"http:\/\/klubmamgdynia.pl\/index.php\/wp-json\/wp\/v2\/product_tag?post=7438"}],"curies":[{"name":"wp","href":"https:\/\/api.w.org\/{rel}","templated":true}]}}