{"id":744,"date":"2017-02-20T14:04:47","date_gmt":"2017-02-20T13:04:47","guid":{"rendered":"http:\/\/klubmamgdynia.pl\/index.php\/produkt\/canpol-babies-biustonosz-dla-karmiacych-80d-bawelna-100-bialy-26-764\/"},"modified":"2026-05-17T22:53:41","modified_gmt":"2026-05-17T20:53:41","slug":"canpol-babies-biustonosz-dla-karmiacych-80d-bawelna-100-bialy-26-764","status":"publish","type":"product","link":"http:\/\/klubmamgdynia.pl\/index.php\/produkt\/canpol-babies-biustonosz-dla-karmiacych-80d-bawelna-100-bialy-26-764\/","title":{"rendered":"Canpol babies biustonosz dla karmi\u0105cych 80D bawe\u0142na 100% bia\u0142y (26\/764)"},"content":{"rendered":"<p>Canpol babies biustonosz dla karmi\u0105cych 80D bawe\u0142na 100% bia\u0142y (26\/764)<\/p>\n<p>Wygodny biustonosz do karmienia o klasycznym kroju, bez fiszbin. Wykonany w 100% z bawe\u0142ny, kt\u00f3ra nie podra\u017cnia wra\u017cliwego biustu. Elastyczne miseczki pozwalaj\u0105 na umieszczenie w ich wn\u0119trzu kr\u0105\u017cka laktacyjnego lub muszli laktacyjnej, kt\u00f3re chroni\u0105 bielizn\u0119 przed zabrudzeniem. Wyposa\u017cony jest w wygodny klips umo\u017cliwiaj\u0105cy odpinanie i zapinanie jedn\u0105 r\u0119k\u0105. Posiada regulowane rami\u0105czka. Rozmiar 80D.<\/p>\n<p>Max. temperatura prania 40\u00b0                            <\/p>\n<p>Biustonosz wykonany ze 100% bawe\u0142ny, kt\u00f3ra nie podra\u017cnia wra\u017cliwego biustu.                            <\/p>\n<p>Posiada elastyczne miseczki, w kt\u00f3rych mo\u017cna umie\u015bci\u0107 kr\u0105\u017cek laktacyjny lub muszl\u0119 laktacyjn\u0105.                            <\/p>\n<p>Odpinane miseczki umo\u017cliwiaj\u0105 karmienie dziecka, bez konieczno\u015bci zdj\u0119cia biustonosza.                            <\/p>\n<p>Zapi\u0119cie z ty\u0142u na haftki, z mo\u017cliwo\u015bci\u0105 regulacji.                            <\/p>\n<p>Wyposa\u017cony w wygodny klips umo\u017cliwiaj\u0105cy odpinanie i zapinanie jedn\u0105 r\u0119k\u0105.                            <\/p>\n<p>Nadaje si\u0119 dla karmi\u0105cych mam i kobiet w ci\u0105\u017cy.                            <\/p>\n<p>Dodatkowe informacjeBiustonosz dost\u0119pny w kolorze bia\u0142ym.Du\u017cy wyb\u00f3r rozmiar\u00f3w: 75A-90DD.Spos\u00f3b prania podany na metce.                            <\/p>\n<p>Jak u\u017cywa\u0107\u00a0Biustonosz nale\u017cy upra\u0107 przed pierwszym u\u017cyciem. Spos\u00f3b prania podany jest na metce. Dla zachowania higieny utrzymuj biustonosz w czysto\u015bci. Regularnie go pierz zgodnie z zaleceniami na metce. Aby przystawi\u0107 dziecko do piersi odepnij miseczk\u0119 przyciskaj\u0105c specjalny klips. W trakcie karmienia pier\u015b podtrzymywana jest przez wewn\u0119trzny, specjalnie dopasowany pas z dzianiny. Istnieje mo\u017cliwo\u015b\u0107 umieszczenia we wn\u0119trzu miseczki biustonosza kr\u0105\u017cka laktacyjnego lub muszli laktacyjnej, kt\u00f3re ochroni\u0105 bielizn\u0119 przed zabrudzeniem.<\/p>\n<h2>Canpol babies biustonosz dla karmi\u0105cych 80D bawe\u0142na 100% bia\u0142y (26\/764) Canpol babies<\/h2>\n<p>regina, niech \u017cyj\u0105 wakacje tekst, piosenka na dzie\u0144 nauczyciela przedszkole, \u0142atwe ale podchwytliwe zagadki<\/p>\n<p>yyyyy<\/p>\n<p>&nbsp;<\/p>\n","protected":false},"excerpt":{"rendered":"<p>Canpol babies biustonosz dla karmi\u0105cych 80D bawe\u0142na 100% bia\u0142y (26\/764) Wygodny biustonosz do karmienia o klasycznym kroju, bez fiszbin. Wykonany w 100% z bawe\u0142ny, kt\u00f3ra nie podra\u017cnia wra\u017cliwego biustu. Elastyczne miseczki pozwalaj\u0105 na umieszczenie w ich wn\u0119trzu kr\u0105\u017cka laktacyjnego lub muszli laktacyjnej, kt\u00f3re chroni\u0105 bielizn\u0119 przed zabrudzeniem. Wyposa\u017cony jest w wygodny klips umo\u017cliwiaj\u0105cy odpinanie i [&hellip;]<\/p>\n","protected":false},"featured_media":745,"comment_status":"closed","ping_status":"open","template":"","meta":[],"product_cat":[258,68],"product_tag":[658,612,826,841,602,835],"class_list":["post-744","product","type-product","status-publish","has-post-thumbnail","hentry","product_cat-bielizna-ciazowa","product_cat-canpol-babies","product_tag-alan-znaczenie-imienia","product_tag-kolorowanki-do-druku","product_tag-prezent-dla-15-latka","product_tag-quiz-o-flagach","product_tag-quiz-o-zwierzetach-domowych","product_tag-radosc-dziecka-cytaty"],"_links":{"self":[{"href":"http:\/\/klubmamgdynia.pl\/index.php\/wp-json\/wp\/v2\/product\/744","targetHints":{"allow":["GET"]}}],"collection":[{"href":"http:\/\/klubmamgdynia.pl\/index.php\/wp-json\/wp\/v2\/product"}],"about":[{"href":"http:\/\/klubmamgdynia.pl\/index.php\/wp-json\/wp\/v2\/types\/product"}],"replies":[{"embeddable":true,"href":"http:\/\/klubmamgdynia.pl\/index.php\/wp-json\/wp\/v2\/comments?post=744"}],"wp:featuredmedia":[{"embeddable":true,"href":"http:\/\/klubmamgdynia.pl\/index.php\/wp-json\/wp\/v2\/media\/745"}],"wp:attachment":[{"href":"http:\/\/klubmamgdynia.pl\/index.php\/wp-json\/wp\/v2\/media?parent=744"}],"wp:term":[{"taxonomy":"product_cat","embeddable":true,"href":"http:\/\/klubmamgdynia.pl\/index.php\/wp-json\/wp\/v2\/product_cat?post=744"},{"taxonomy":"product_tag","embeddable":true,"href":"http:\/\/klubmamgdynia.pl\/index.php\/wp-json\/wp\/v2\/product_tag?post=744"}],"curies":[{"name":"wp","href":"https:\/\/api.w.org\/{rel}","templated":true}]}}