{"id":7440,"date":"2016-03-25T06:40:13","date_gmt":"2016-03-25T05:40:13","guid":{"rendered":"http:\/\/klubmamgdynia.pl\/index.php\/produkt\/hipp-nektar-sliwka-po-4-miesiacu-200ml\/"},"modified":"2026-04-06T22:27:13","modified_gmt":"2026-04-06T20:27:13","slug":"hipp-nektar-sliwka-po-4-miesiacu-200ml","status":"publish","type":"product","link":"http:\/\/klubmamgdynia.pl\/index.php\/produkt\/hipp-nektar-sliwka-po-4-miesiacu-200ml\/","title":{"rendered":"Hipp Nektar \u015aliwka Po 4 Miesi\u0105cu 200Ml"},"content":{"rendered":"<p>HiPP BIO &#8211; nektar \u015bliwki gruszki dla dzieci po 4. miesi\u0105cu \u017cyciaProdukt z certyfikatem ekologicznym &#8211; zgodnie z prawem UE. Znak HiPP BIO to gwarancja ponad 260 kontroli ka\u017cdego produktu oraz 60 lat do\u015bwiadczenia w rolnictwie ekologicznym.- bez dodatku cukru &#8211; zawiera naturalnie wyst\u0119puj\u0105ce cukry- wysoka zawarto\u015b\u0107 witaminy C &#8211; zgodnie z przepisami prawa- zgodnie z przepisami prawa nie zawiera substancji konserwuj\u0105cych ani barwnik\u00f3w, bez aromat\u00f3w- bez sk\u0142adnik\u00f3w modyfikowanych<\/p>\n<h2>Hipp Nektar \u015aliwka Po 4 Miesi\u0105cu 200Ml Hipp<\/h2>\n<p>test z dynastii mizio\u0142k\u00f3w, zagadki dla 5 latka, kolorowanki z bajek, test z lektury spos\u00f3b na alcybiadesa, kr\u00f3tkie bajki dla dzieci do czytania, bajki do czytania dla 6 latka, urodziny dziecka pomys\u0142y, eksperymenty dla dzieci wulkan, kolorowanki lol, testy z lektury miko\u0142ajek, smieszne zagadki, prezenty dla rocznego dziecka, zagdki, anio\u0142 rysunek prosty, prezent dla 7 latka ch\u0142opca, zagadki z odpowiedziami \u015bmieszne, wierszyki o marzannie, \u015bwinka peppa kolorowanka do druku, dobre \u017carty na prima aprilis<\/p>\n<p>yyyyy<\/p>\n<p>&nbsp;<\/p>\n","protected":false},"excerpt":{"rendered":"<p>HiPP BIO &#8211; nektar \u015bliwki gruszki dla dzieci po 4. miesi\u0105cu \u017cyciaProdukt z certyfikatem ekologicznym &#8211; zgodnie z prawem UE. Znak HiPP BIO to gwarancja ponad 260 kontroli ka\u017cdego produktu oraz 60 lat do\u015bwiadczenia w rolnictwie ekologicznym.- bez dodatku cukru &#8211; zawiera naturalnie wyst\u0119puj\u0105ce cukry- wysoka zawarto\u015b\u0107 witaminy C &#8211; zgodnie z przepisami prawa- zgodnie [&hellip;]<\/p>\n","protected":false},"featured_media":7441,"comment_status":"closed","ping_status":"open","template":"","meta":[],"product_cat":[515,66],"product_tag":[650,648,717],"class_list":["post-7440","product","type-product","status-publish","has-post-thumbnail","hentry","product_cat-herbatki-i-soki-dla-dzieci","product_cat-hipp","product_tag-choinka-z-bibuly","product_tag-dobrej-nocy-i-sza","product_tag-prezent-roczek"],"_links":{"self":[{"href":"http:\/\/klubmamgdynia.pl\/index.php\/wp-json\/wp\/v2\/product\/7440","targetHints":{"allow":["GET"]}}],"collection":[{"href":"http:\/\/klubmamgdynia.pl\/index.php\/wp-json\/wp\/v2\/product"}],"about":[{"href":"http:\/\/klubmamgdynia.pl\/index.php\/wp-json\/wp\/v2\/types\/product"}],"replies":[{"embeddable":true,"href":"http:\/\/klubmamgdynia.pl\/index.php\/wp-json\/wp\/v2\/comments?post=7440"}],"wp:featuredmedia":[{"embeddable":true,"href":"http:\/\/klubmamgdynia.pl\/index.php\/wp-json\/wp\/v2\/media\/7441"}],"wp:attachment":[{"href":"http:\/\/klubmamgdynia.pl\/index.php\/wp-json\/wp\/v2\/media?parent=7440"}],"wp:term":[{"taxonomy":"product_cat","embeddable":true,"href":"http:\/\/klubmamgdynia.pl\/index.php\/wp-json\/wp\/v2\/product_cat?post=7440"},{"taxonomy":"product_tag","embeddable":true,"href":"http:\/\/klubmamgdynia.pl\/index.php\/wp-json\/wp\/v2\/product_tag?post=7440"}],"curies":[{"name":"wp","href":"https:\/\/api.w.org\/{rel}","templated":true}]}}