{"id":7444,"date":"2019-05-02T09:21:30","date_gmt":"2019-05-02T07:21:30","guid":{"rendered":"http:\/\/klubmamgdynia.pl\/index.php\/produkt\/victualia-holle-herbatka-dla-dzieci-bio-rozany-renifer-44g\/"},"modified":"2026-04-04T23:42:47","modified_gmt":"2026-04-04T21:42:47","slug":"victualia-holle-herbatka-dla-dzieci-bio-rozany-renifer-44g","status":"publish","type":"product","link":"http:\/\/klubmamgdynia.pl\/index.php\/produkt\/victualia-holle-herbatka-dla-dzieci-bio-rozany-renifer-44g\/","title":{"rendered":"Victualia Holle herbatka dla dzieci BIO R\u00f3\u017cany renifer 44g"},"content":{"rendered":"<p>44g (20&#215;2,2g). Bioherbatka dla dzieci Holle to \u0142agodna, aromatyczna mieszanka starannie wyselekcjonowanych sk\u0142adnik\u00f3w pochodz\u0105cych z upraw biologicznych. Smaczna herbatka bez dodatku sztucznych aromat\u00f3w, barwnik\u00f3w czy konserwant\u00f3w. Idealna do gaszenia pragnienia dla dzieci powy\u017cej 3 roku \u017cycia, a tak\u017ce dla doros\u0142ych i ma\u0142ych dzieci. Herbatka dla dzieci. Holle Baby Food, Baseistrasse 11, CH-4125 Riehen, Szwajcaria. Jab\u0142ko 30%, owoce dzikiej r\u00f3\u017cy 30%, p\u0142atki hibiskusa 15%, li\u015bcie je\u017cyny 9%, li\u015bcie miodokrzewu 9%, korze\u0144 lukrecji 7%. produkt rolnictwa ekologicznego Jedn\u0105 saszetk\u0119 zala\u0107 200ml \u015bwie\u017co przegotowanej wody i odstawi\u0107 na 5-10 minut. Wyj\u0105\u0107 torebk\u0119 z herbat\u0105. Przed podaniem sch\u0142odzi\u0107 do ok. 37 stopni Celsjusza. Produkt po 3 roku \u017cycia. Nie podgrzewa\u0107 w mikrofal\u00f3wce. Victualia Saluber, Ekologiczne Produkty \u017bywno\u015bciowe, Lidia Tokarowska, Al. Prymasa Tysi\u0105clecia 60\/62, 01-424 Warszawa.<\/p>\n<h2>Victualia Holle herbatka dla dzieci BIO R\u00f3\u017cany renifer 44g Holle<\/h2>\n<p>pokemon do druku, lukrecja imi\u0119, koty rysunki, zabawki na roczek dla dziewczynki, zagadki dla dzieci 10 lat, warszawa dzieci, listy do \u015bwi\u0119tego miko\u0142aja<\/p>\n<p>yyyyy<\/p>\n<p>&nbsp;<\/p>\n","protected":false},"excerpt":{"rendered":"<p>44g (20&#215;2,2g). Bioherbatka dla dzieci Holle to \u0142agodna, aromatyczna mieszanka starannie wyselekcjonowanych sk\u0142adnik\u00f3w pochodz\u0105cych z upraw biologicznych. Smaczna herbatka bez dodatku sztucznych aromat\u00f3w, barwnik\u00f3w czy konserwant\u00f3w. Idealna do gaszenia pragnienia dla dzieci powy\u017cej 3 roku \u017cycia, a tak\u017ce dla doros\u0142ych i ma\u0142ych dzieci. Herbatka dla dzieci. Holle Baby Food, Baseistrasse 11, CH-4125 Riehen, Szwajcaria. Jab\u0142ko [&hellip;]<\/p>\n","protected":false},"featured_media":7445,"comment_status":"closed","ping_status":"open","template":"","meta":[],"product_cat":[515,106],"product_tag":[773,581,857,873],"class_list":["post-7444","product","type-product","status-publish","has-post-thumbnail","hentry","product_cat-herbatki-i-soki-dla-dzieci","product_cat-holle","product_tag-test-z-lektury-opowiesci-z-narnii-lew-czarownica-i-stara-szafa","product_tag-zagadki-dla-8-latka","product_tag-zagadki-dla-dzieci-7-8-lat","product_tag-zagadki-z-odpowiedziami-dla-dzieci"],"_links":{"self":[{"href":"http:\/\/klubmamgdynia.pl\/index.php\/wp-json\/wp\/v2\/product\/7444","targetHints":{"allow":["GET"]}}],"collection":[{"href":"http:\/\/klubmamgdynia.pl\/index.php\/wp-json\/wp\/v2\/product"}],"about":[{"href":"http:\/\/klubmamgdynia.pl\/index.php\/wp-json\/wp\/v2\/types\/product"}],"replies":[{"embeddable":true,"href":"http:\/\/klubmamgdynia.pl\/index.php\/wp-json\/wp\/v2\/comments?post=7444"}],"wp:featuredmedia":[{"embeddable":true,"href":"http:\/\/klubmamgdynia.pl\/index.php\/wp-json\/wp\/v2\/media\/7445"}],"wp:attachment":[{"href":"http:\/\/klubmamgdynia.pl\/index.php\/wp-json\/wp\/v2\/media?parent=7444"}],"wp:term":[{"taxonomy":"product_cat","embeddable":true,"href":"http:\/\/klubmamgdynia.pl\/index.php\/wp-json\/wp\/v2\/product_cat?post=7444"},{"taxonomy":"product_tag","embeddable":true,"href":"http:\/\/klubmamgdynia.pl\/index.php\/wp-json\/wp\/v2\/product_tag?post=7444"}],"curies":[{"name":"wp","href":"https:\/\/api.w.org\/{rel}","templated":true}]}}